{"id":9934,"date":"2017-11-09T22:24:26","date_gmt":"2017-11-09T20:24:26","guid":{"rendered":"http:\/\/www.fnm.um.si\/?page_id=9934"},"modified":"2024-02-02T10:24:03","modified_gmt":"2024-02-02T08:24:03","slug":"basic-information-of-the-faculty-of-natural-science-and-mathematics","status":"publish","type":"page","link":"https:\/\/www.fnm.um.si\/index.php\/en\/basic-information-of-the-faculty-of-natural-science-and-mathematics\/","title":{"rendered":"Basic Information of The Faculty of Natural Science and Mathematics"},"content":{"rendered":"<h2><span data-scayt_word=\"DEKANAT\" data-scaytid=\"1\">DEANERY<\/span>:<\/h2>\n<p>&nbsp;<\/p>\n<table style=\"width: 61.219%; height: 381px;\" border=\"0\" width=\"379\" cellspacing=\"1\" cellpadding=\"1\" align=\"center\">\n<tbody>\n<tr style=\"height: 64px;\">\n<td style=\"height: 64px; width: 80.593%;\">Acting Dean: <strong>prof. <span data-scayt_word=\"dr\" data-scaytid=\"4\">dr<\/span>. Iztok Bani\u010d<\/strong><strong><br \/>\n<\/strong><\/td>\n<td style=\"height: 64px; width: 116.329%;\"><img loading=\"lazy\" decoding=\"async\" class=\"aligncenter wp-image-48791\" src=\"https:\/\/www.fnm.um.si\/wp-content\/uploads\/2023\/12\/Iztok-banic-vd-dekan.jpg\" alt=\"\" width=\"140\" height=\"180\" srcset=\"https:\/\/www.fnm.um.si\/wp-content\/uploads\/2023\/12\/Iztok-banic-vd-dekan.jpg 481w, https:\/\/www.fnm.um.si\/wp-content\/uploads\/2023\/12\/Iztok-banic-vd-dekan-233x300.jpg 233w, https:\/\/www.fnm.um.si\/wp-content\/uploads\/2023\/12\/Iztok-banic-vd-dekan-400x516.jpg 400w\" sizes=\"(max-width: 140px) 100vw, 140px\" \/><\/td>\n<\/tr>\n<tr style=\"height: 23px;\">\n<td style=\"height: 23px; width: 80.593%;\"><\/td>\n<td style=\"height: 23px; width: 116.329%;\"><\/td>\n<\/tr>\n<tr style=\"height: 60px;\">\n<td style=\"height: 60px; width: 80.593%;\">Acting Vice-Dean for Scientific Research and International Activity: <strong><span data-scayt_word=\"prof\" data-scaytid=\"7\">prof<\/span>. dr. Mitja Kaligari\u010d<\/strong><\/td>\n<td style=\"height: 60px; width: 116.329%;\"><img loading=\"lazy\" decoding=\"async\" class=\"wp-image-49237 aligncenter\" src=\"https:\/\/www.fnm.um.si\/wp-content\/uploads\/2024\/02\/Mitja-kaligaric-160.jpg\" alt=\"\" width=\"120\" height=\"163\" \/><\/td>\n<\/tr>\n<tr style=\"height: 67px;\">\n<td style=\"height: 67px; width: 80.593%;\">Acting Vice-Dean for Educational Activities: <strong><span data-scayt_word=\"izr\" data-scaytid=\"23\">izr<\/span>. <span data-scayt_word=\"prof\" data-scaytid=\"20\">prof<\/span>. <span data-scayt_word=\"dr\" data-scaytid=\"21\">dr<\/span>. Marko Jakovac<\/strong><\/td>\n<td style=\"height: 67px; width: 116.329%;\"><img loading=\"lazy\" decoding=\"async\" class=\"aligncenter wp-image-49023\" src=\"https:\/\/www.fnm.um.si\/wp-content\/uploads\/2024\/01\/jakovac_marko_160x200.jpg\" alt=\"\" width=\"120\" height=\"149\" \/><\/td>\n<\/tr>\n<tr style=\"height: 71px;\">\n<td style=\"height: 71px; width: 80.593%;\">Vice-Dean\u00a0for Cooperation with the Economy, International Relations and Pedagogical Study Programs: <strong>izr. prof. <span data-scayt_word=\"dr\" data-scaytid=\"28\">dr<\/span>. Mateja Ploj Virti\u010d<\/strong><\/td>\n<td style=\"height: 71px; width: 116.329%;\"><img loading=\"lazy\" decoding=\"async\" class=\"wp-image-49021 aligncenter\" src=\"https:\/\/www.fnm.um.si\/wp-content\/uploads\/2024\/01\/Mateja-Ploj-Virtic.jpg\" alt=\"\" width=\"120\" height=\"160\" srcset=\"https:\/\/www.fnm.um.si\/wp-content\/uploads\/2024\/01\/Mateja-Ploj-Virtic.jpg 230w, https:\/\/www.fnm.um.si\/wp-content\/uploads\/2024\/01\/Mateja-Ploj-Virtic-225x300.jpg 225w\" sizes=\"(max-width: 120px) 100vw, 120px\" \/><\/td>\n<\/tr>\n<tr style=\"height: 73px;\">\n<td style=\"height: 73px; width: 80.593%;\">Deputy dean for student inquiries: <strong>Mitja Suvajac<\/strong><\/td>\n<td style=\"height: 73px; width: 116.329%;\"><img loading=\"lazy\" decoding=\"async\" class=\"aligncenter wp-image-48077\" src=\"https:\/\/www.fnm.um.si\/wp-content\/uploads\/2023\/10\/Mitja-suvajac.jpg\" alt=\"\" width=\"120\" height=\"157\" \/><\/td>\n<\/tr>\n<tr style=\"height: 23px;\">\n<td style=\"height: 23px; width: 80.593%;\">\u00a0Secretary of the faculty: <b>mag. Boris Muni\u0161i\u010d<\/b><\/td>\n<td style=\"height: 23px; width: 116.329%;\"><img loading=\"lazy\" decoding=\"async\" class=\"aligncenter wp-image-39707\" src=\"https:\/\/www.fnm.um.si\/wp-content\/uploads\/2022\/08\/Boris-Munisic1.jpg\" alt=\"\" width=\"120\" height=\"159\" \/><\/td>\n<\/tr>\n<\/tbody>\n<\/table>\n<p>&nbsp;<\/p>\n<h2>PEDAGOGICAL AND SCIENTIFIC RESEARCH UNITS:<\/h2>\n<p>Department of Mathematics and Computer Sciences, Department of Physics, Department of Biology, Department of Technical Studies, Personnel for shared Psycho-pedagogical Subjects, Institute of the Department of Mathematics and Computer Science, Institute of Biology, Ecology and Environmentalism, Institute of Physics, Institute for Modern Technology<\/p>\n<h2>HEADS OF THE DEPARTMENTS<\/h2>\n<table style=\"width: 85.0823%; height: 211px;\" border=\"0\" width=\"599\">\n<tbody>\n<tr style=\"height: 23px;\">\n<td style=\"height: 23px; width: 48.3498%;\">DEPARTMENT<\/td>\n<td style=\"height: 23px; width: 22.6073%;\"><strong><span data-scayt_word=\"PREDSTOJNIK\" data-scaytid=\"236\">HEAD<\/span><\/strong><\/td>\n<td style=\"height: 23px; width: 105.521%;\"><strong><span data-scayt_word=\"NAMESTNIK\" data-scaytid=\"237\">DEPUTY<\/span><\/strong><\/td>\n<\/tr>\n<tr style=\"height: 47px;\">\n<td style=\"height: 47px; width: 48.3498%;\">Department of Biology (Including Chemistry lectern)<\/td>\n<td style=\"height: 47px; width: 22.6073%;\">prof. dr. Jana Ambro\u017ei\u010d Dolin\u0161ek<\/td>\n<td style=\"height: 47px; width: 105.521%;\">doc. <span data-scayt_word=\"dr\" data-scaytid=\"217\">dr<\/span>. Nata\u0161a Pipenbaher<\/td>\n<\/tr>\n<tr style=\"height: 47px;\">\n<td style=\"height: 47px; width: 48.3498%;\">Department of Physics<\/td>\n<td style=\"height: 47px; width: 22.6073%;\">doc. dr. Rene Markovi\u010d<\/td>\n<td style=\"height: 47px; width: 105.521%;\">doc. dr. Rene Markovi\u010d<\/td>\n<\/tr>\n<tr style=\"height: 47px;\">\n<td style=\"height: 47px; width: 48.3498%;\">Department of Mathematics and Computer Science<\/td>\n<td style=\"height: 47px; width: 22.6073%;\">doc. <span data-scayt_word=\"dr\" data-scaytid=\"222\">dr. Tanja Dravec<\/span><\/td>\n<td style=\"height: 47px; width: 105.521%;\"><span data-scayt_word=\"dr\" data-scaytid=\"222\">\u00a0izr. prof. dr. Niko Tratnik<\/span><\/td>\n<\/tr>\n<tr style=\"height: 47px;\">\n<td style=\"height: 47px; width: 48.3498%;\">Department of Technical Studies<\/td>\n<td style=\"height: 47px; width: 22.6073%;\">doc. <span data-scayt_word=\"dr\" data-scaytid=\"223\">dr<\/span>. Nened Mu\u0161kinja<\/td>\n<td style=\"height: 47px; width: 105.521%;\">izr. prof. <span data-scayt_word=\"dr\" data-scaytid=\"224\">dr<\/span>. Mateja Ploj Virti\u010d<\/td>\n<\/tr>\n<\/tbody>\n<\/table>\n<h2><\/h2>\n<h2>HEADS OF THE INSTITUTES<\/h2>\n<table border=\"0\" width=\"442\">\n<tbody>\n<tr>\n<td><strong><span data-scayt_word=\"ODDELEK\" data-scaytid=\"235\">INSTITUTE<\/span><\/strong><\/td>\n<td><strong><span data-scayt_word=\"PREDSTOJNIK\" data-scaytid=\"236\">HEAD<\/span><\/strong><\/td>\n<\/tr>\n<tr>\n<td>Institute of the Department of Mathematics and Computer Science<\/td>\n<td>red. prof. dr. Bo\u0161tjan Bre\u0161ar<\/td>\n<\/tr>\n<tr>\n<td>Institute of Biology, Ecology and Environmentalism<\/td>\n<td>red. prof. dr. Franc Jan\u017eekovi\u010d<\/td>\n<\/tr>\n<tr>\n<td>\u00a0Institute of Physics<\/td>\n<td>red. prof. dr. Matja\u017e Perc<\/td>\n<\/tr>\n<tr>\n<td>Institute for Modern Technology<\/td>\n<td>red. prof. dr. Boris Aber\u0161ek<\/td>\n<\/tr>\n<\/tbody>\n<\/table>\n<h2><\/h2>\n<h2><span data-scayt_word=\"PREDSTOJNIKI\" data-scaytid=\"203\">THE HEAD OF THE PEDAGOGICAL CENTRE<\/span><\/h2>\n<p><span data-scayt_word=\"PREDSTOJNIKI\" data-scaytid=\"203\">izr. prof. dr. Andrej Flogie<\/span><\/p>\n<h2><\/h2>\n<h2><span data-scayt_word=\"PREDSTOJNIKI\" data-scaytid=\"203\">FNM&#8217;S PROGRAME COUNCIL<\/span><\/h2>\n<table style=\"width: 64.4514%;\" border=\"0\" width=\"545\">\n<tbody>\n<tr>\n<td style=\"width: 38.7978%;\">Igor AKRAPOVI\u010c<\/td>\n<td style=\"width: 115.803%;\">Director and owner, <a href=\"http:\/\/www.akrapovic.com\/sl\/\" target=\"_blank\" rel=\"noopener\">Akrapovi\u010d d. d.<\/a><\/td>\n<\/tr>\n<tr>\n<td style=\"width: 38.7978%;\"><span data-scayt_word=\"In\u0161titut\" data-scaytid=\"77\">Simona BIRO<\/span><\/td>\n<td style=\"width: 115.803%;\">Director <a href=\"http:\/\/www.cerop.si\/\" target=\"_blank\" rel=\"noopener\">CEROP, Puconc<\/a>i<\/td>\n<\/tr>\n<tr>\n<td style=\"width: 38.7978%;\">akad. prof. dr. Igor EMRI<\/td>\n<td style=\"width: 115.803%;\">Chairman of the Science Council at\u00a0<a href=\"http:\/\/www.scienceeurope.org\/\" target=\"_blank\" rel=\"noopener\">Science Europe<\/a><\/td>\n<\/tr>\n<tr>\n<td style=\"width: 38.7978%;\">mag. Benjamin JO\u0160AR<\/td>\n<td style=\"width: 115.803%;\">Member of\u00a0\u00a0<a href=\"http:\/\/www.triglav.si\/\" target=\"_blank\" rel=\"noopener\">Triglav d.d.<\/a> management<\/td>\n<\/tr>\n<tr>\n<td style=\"width: 38.7978%;\">dr. Vinko LOGAJ<\/td>\n<td style=\"width: 115.803%;\">Director <a href=\"http:\/\/www.zrss.si\/\" target=\"_blank\" rel=\"noopener\">Zavoda RS za \u0161olstvo<\/a><\/td>\n<\/tr>\n<tr>\n<td style=\"width: 38.7978%;\">Simona KALIGARI\u010c<\/td>\n<td style=\"width: 115.803%;\"><a href=\"https:\/\/zrsvn-varstvonarave.si\/\">Zavod RS za varstvo narave<\/a><\/td>\n<\/tr>\n<tr>\n<td style=\"width: 38.7978%;\">Mitja PODGAJSKI<\/td>\n<td style=\"width: 115.803%;\">Director <a href=\"https:\/\/tvidea.si\/\">IDEA TV<\/a><\/td>\n<\/tr>\n<tr>\n<td style=\"width: 38.7978%;\">mag. Damjan SEME<\/td>\n<td style=\"width: 115.803%;\">Director <a href=\"http:\/\/www.dem.si\/sl-si\/\" target=\"_blank\" rel=\"noopener\">DEM<\/a><\/td>\n<\/tr>\n<\/tbody>\n<\/table>\n<p>&nbsp;<\/p>\n<h2>ADDRESS<\/h2>\n<p>Fakulteta za naravoslovje in matematiko Koro\u0161ka cesta 160 2000 Maribor Slovenija Phone number: \u00a0+386 2 22 93 844 Fiscal code: SI71674705 Registration number: 5089638051 TRR: 01100-6000020490 E-mail: dekanat.fnm@um.si Web page: <a href=\"http:\/\/www.fnm.uni-mb.si\/\">http:\/\/www.fnm.um.si\/<\/a><\/p>\n","protected":false},"excerpt":{"rendered":"<p>DEANERY: &nbsp; Acting Dean: prof. dr. Iztok Bani\u010d Acting Vice-Dean for Scientific Research and International Activity: prof. dr. Mitja Kaligari\u010d Acting Vice-Dean for Educational Activities: izr. prof. dr. Marko Jakovac Vice-Dean\u00a0for Cooperation with the Economy, International Relations and Pedagogical Study Programs: izr. prof. dr. Mateja Ploj Virti\u010d Deputy dean for student inquiries: Mitja Suvajac \u00a0Secretary [&hellip;]<\/p>\n","protected":false},"author":1,"featured_media":0,"parent":0,"menu_order":0,"comment_status":"closed","ping_status":"closed","template":"","meta":{"_et_pb_use_builder":"","_et_pb_old_content":"","_et_gb_content_width":"","footnotes":""},"class_list":["post-9934","page","type-page","status-publish","hentry"],"publishpress_future_workflow_manual_trigger":{"enabledWorkflows":[]},"_links":{"self":[{"href":"https:\/\/www.fnm.um.si\/index.php\/wp-json\/wp\/v2\/pages\/9934","targetHints":{"allow":["GET"]}}],"collection":[{"href":"https:\/\/www.fnm.um.si\/index.php\/wp-json\/wp\/v2\/pages"}],"about":[{"href":"https:\/\/www.fnm.um.si\/index.php\/wp-json\/wp\/v2\/types\/page"}],"author":[{"embeddable":true,"href":"https:\/\/www.fnm.um.si\/index.php\/wp-json\/wp\/v2\/users\/1"}],"replies":[{"embeddable":true,"href":"https:\/\/www.fnm.um.si\/index.php\/wp-json\/wp\/v2\/comments?post=9934"}],"version-history":[{"count":23,"href":"https:\/\/www.fnm.um.si\/index.php\/wp-json\/wp\/v2\/pages\/9934\/revisions"}],"predecessor-version":[{"id":49243,"href":"https:\/\/www.fnm.um.si\/index.php\/wp-json\/wp\/v2\/pages\/9934\/revisions\/49243"}],"wp:attachment":[{"href":"https:\/\/www.fnm.um.si\/index.php\/wp-json\/wp\/v2\/media?parent=9934"}],"curies":[{"name":"wp","href":"https:\/\/api.w.org\/{rel}","templated":true}]}}