{"id":9932,"date":"2017-11-09T21:00:47","date_gmt":"2017-11-09T19:00:47","guid":{"rendered":"http:\/\/www.fnm.um.si\/?page_id=9932"},"modified":"2017-11-09T21:00:47","modified_gmt":"2017-11-09T19:00:47","slug":"organisational-structure","status":"publish","type":"page","link":"https:\/\/www.fnm.um.si\/index.php\/en\/organisational-structure\/","title":{"rendered":"Organisational Structure"},"content":{"rendered":"<p>The University of Maribor&#8217;s statue is a legal act that defines the basic organisational structure of the university. The official publication (StateUM-UPB10) was published in the Gazette of the Republic of Slovenia (Uradni list Republike Slovenije) number 46\/2012 on 6\/19\/2012.<\/p>\n<p><a href=\"http:\/\/www.um.si\/univerza\/dokumentni-center\/akti\/Akti%20univerze%20v%20Mariboru\/Uradno-10.pdf\" target=\"_blank\" rel=\"noopener\">Link to the\u00a0 Statue UM \u2013 UPB10<\/a><\/p>\n<p>The organization of the Faculty of Natural Science and Mathematic is also stated in:<\/p>\n<ul>\n<li>\u00a0<a href=\"https:\/\/www.um.si\/univerza\/dokumentni-center\/akti\/Strani\/podrobnosti.aspx?iddok=127\">Splo\u0161ni akt o organiziranosti in sistemizaciji univerze in \u010dlanic \u0161t. A17\/2005-2 BB (Obvestila UM \u0161t. XXIII-6-2005)<\/a><\/li>\n<li><a href=\"https:\/\/www.um.si\/univerza\/dokumentni-center\/akti\/GlavniDokumenti2013\/Forms\/DispForm.aspx?ID=127&amp;RootFolder=%2A\">Spremembe in dopolnitve Splo\u0161nega akta o organiziranosti in sistemizaciji Univerze in \u010dlanic \u0161t. A 17\/2005-2 BB (Obvestila UM \u0161t. XXVI-3-2008) &#8211; veljavnost od 19. 3. 2008<\/a><\/li>\n<li><a href=\"https:\/\/www.um.si\/univerza\/dokumentni-center\/akti\/GlavniDokumenti2013\/Forms\/DispForm.aspx?ID=127&amp;RootFolder=%2A\">Spremembe in dopolnitve Splo\u0161nega akta o organiziranosti in sistemizaciji Univerze in \u010dlanic \u0161t. A 17\/2005-2 BB (Obvestila UM \u0161t. XXVII-3-2009) &#8211; veljavnost od 16. 6. 2009<\/a><\/li>\n<li><a href=\"https:\/\/www.um.si\/univerza\/dokumentni-center\/akti\/GlavniDokumenti2013\/Forms\/DispForm.aspx?ID=127&amp;RootFolder=%2A\">Spremembe in dopolnitve Splo\u0161nega akta o organiziranosti in sistemizaciji Univerze in \u010dlanic \u0161t. A 17\/2005-2 BB (Obvestila UM \u0161t. XXVII-6-2009) &#8211; veljavnost od 23. 9. 2009<\/a><\/li>\n<\/ul>\n","protected":false},"excerpt":{"rendered":"<p>The University of Maribor&#8217;s statue is a legal act that defines the basic organisational structure of the university. The official publication (StateUM-UPB10) was published in the Gazette of the Republic of Slovenia (Uradni list Republike Slovenije) number 46\/2012 on 6\/19\/2012. Link to the\u00a0 Statue UM \u2013 UPB10 The organization of the Faculty of Natural Science [&hellip;]<\/p>\n","protected":false},"author":4,"featured_media":0,"parent":0,"menu_order":0,"comment_status":"closed","ping_status":"closed","template":"","meta":{"_et_pb_use_builder":"","_et_pb_old_content":"","_et_gb_content_width":"","footnotes":""},"class_list":["post-9932","page","type-page","status-publish","hentry"],"publishpress_future_workflow_manual_trigger":{"enabledWorkflows":[]},"_links":{"self":[{"href":"https:\/\/www.fnm.um.si\/index.php\/wp-json\/wp\/v2\/pages\/9932","targetHints":{"allow":["GET"]}}],"collection":[{"href":"https:\/\/www.fnm.um.si\/index.php\/wp-json\/wp\/v2\/pages"}],"about":[{"href":"https:\/\/www.fnm.um.si\/index.php\/wp-json\/wp\/v2\/types\/page"}],"author":[{"embeddable":true,"href":"https:\/\/www.fnm.um.si\/index.php\/wp-json\/wp\/v2\/users\/4"}],"replies":[{"embeddable":true,"href":"https:\/\/www.fnm.um.si\/index.php\/wp-json\/wp\/v2\/comments?post=9932"}],"version-history":[{"count":1,"href":"https:\/\/www.fnm.um.si\/index.php\/wp-json\/wp\/v2\/pages\/9932\/revisions"}],"predecessor-version":[{"id":9933,"href":"https:\/\/www.fnm.um.si\/index.php\/wp-json\/wp\/v2\/pages\/9932\/revisions\/9933"}],"wp:attachment":[{"href":"https:\/\/www.fnm.um.si\/index.php\/wp-json\/wp\/v2\/media?parent=9932"}],"curies":[{"name":"wp","href":"https:\/\/api.w.org\/{rel}","templated":true}]}}