{"id":65,"date":"2010-09-17T13:22:22","date_gmt":"2010-09-17T13:22:22","guid":{"rendered":"http:\/\/164.8.33.101\/index.php\/2010\/09\/17\/raziskovalna-dejavnost\/"},"modified":"2022-08-31T12:47:26","modified_gmt":"2022-08-31T10:47:26","slug":"raziskovalna-dejavnost","status":"publish","type":"page","link":"https:\/\/www.fnm.um.si\/index.php\/raziskovalna-dejavnost\/","title":{"rendered":"Raziskovalna dejavnost"},"content":{"rendered":"<p style=\"text-align: justify;\"><span data-scayt_word=\"Prodekan\" data-scaytid=\"51\">Prodekan<\/span> <span data-scayt_word=\"za\" data-scaytid=\"52\">za<\/span> <span data-scayt_word=\"znanstveno-raziskovalno\" data-scaytid=\"90\">znanstveno-raziskovalno<\/span> in mednarodno <span data-scayt_word=\"dejavnost\" data-scaytid=\"92\">dejavnost<\/span>:<br \/>\nred. <span data-scayt_word=\"prof\" data-scaytid=\"99\">prof<\/span>. <span data-scayt_word=\"dr\" data-scaytid=\"140\">dr<\/span>. Aleksander Vesel<br \/>\nE-po\u0161ta: prodekan.fnm-zrd<span data-scayt_word=\"aleksander.vesel@uni-mb.si\" data-scaytid=\"11\">@um.si<\/span><br \/>\n<span data-scayt_word=\"tel\" data-scaytid=\"199\">tel<\/span>: 02 2293 809<\/p>\n<p>Vodja projektne pisarne:<br \/>\ndr. Petra Cajnko<br \/>\nE-po\u0161ta:\u00a0projektna.fnm@um.si<br \/>\nE-po\u0161ta: petra.cajnko@um.si<br \/>\ntel. 02 22 93 821<\/p>\n<p>Samostojna\u00a0<span data-scayt_word=\"strokovna\" data-scaytid=\"252\">strokovna<\/span>\u00a0<span data-scayt_word=\"delavka\" data-scaytid=\"253\">delavka<\/span>\u00a0<span data-scayt_word=\"za\" data-scaytid=\"30\">za<\/span>\u00a0<span data-scayt_word=\"raziskovalno\" data-scaytid=\"254\">mednarodne projekte<\/span>:<br \/>\nHelena Fo\u0161njar<br \/>\nE-po\u0161ta: <span data-scayt_word=\"darja.hribersek@uni-mb.si\" data-scaytid=\"3\">helena.fosnjar@um.si<\/span><br \/>\n<span data-scayt_word=\"tel\" data-scaytid=\"201\">tel<\/span>: 02 2293 860<\/p>\n<p style=\"text-align: justify;\"><span data-scayt_word=\"Samostojna\" data-scaytid=\"251\">Samostojna<\/span> <span data-scayt_word=\"strokovna\" data-scaytid=\"252\">strokovna<\/span> <span data-scayt_word=\"delavka\" data-scaytid=\"253\">delavka<\/span> <span data-scayt_word=\"za\" data-scaytid=\"30\">za<\/span> <span data-scayt_word=\"raziskovalno\" data-scaytid=\"254\">raziskovalno<\/span> <span data-scayt_word=\"dejavnost\" data-scaytid=\"94\">dejavnost<\/span>:<br \/>\nDa\u0161a Don\u0161a<br \/>\n<span data-scayt_word=\"darja.hribersek@uni-mb.si\" data-scaytid=\"3\">E-po\u0161ta: dasa.donsa1@um.si<\/span><br \/>\n<span data-scayt_word=\"tel\" data-scaytid=\"201\">tel<\/span>: 02 2293 833<\/p>\n<p>&nbsp;<\/p>\n<p><img loading=\"lazy\" decoding=\"async\" class=\"wp-image-39164 size-full aligncenter\" src=\"https:\/\/www.fnm.um.si\/wp-content\/uploads\/2022\/06\/STATISTIKA-PROJEKTOV-samo-tabele-za-objavo.jpg\" alt=\"\" width=\"663\" height=\"577\" srcset=\"https:\/\/www.fnm.um.si\/wp-content\/uploads\/2022\/06\/STATISTIKA-PROJEKTOV-samo-tabele-za-objavo.jpg 663w, https:\/\/www.fnm.um.si\/wp-content\/uploads\/2022\/06\/STATISTIKA-PROJEKTOV-samo-tabele-za-objavo-480x418.jpg 480w\" sizes=\"(min-width: 0px) and (max-width: 480px) 480px, (min-width: 481px) 663px, 100vw\" \/><\/p>\n<p><a href=\"https:\/\/www.fnm.um.si\/wp-content\/uploads\/2022\/06\/STATISTIKA-PROJEKTOV-NA-FNM-UM-V-OBDOBJU-2011-2021.pdf\"><b>STATISTIKA PROJEKTOV NA FNM UM V OBDOBJU 2011-2021<\/b><\/a><\/p>\n","protected":false},"excerpt":{"rendered":"<p>Prodekan za znanstveno-raziskovalno in mednarodno dejavnost: red. prof. dr. Aleksander Vesel E-po\u0161ta: prodekan.fnm-zrd@um.si tel: 02 2293 809 Vodja projektne pisarne: dr. Petra Cajnko E-po\u0161ta:\u00a0projektna.fnm@um.si E-po\u0161ta: petra.cajnko@um.si tel. 02 22 93 821 Samostojna\u00a0strokovna\u00a0delavka\u00a0za\u00a0mednarodne projekte: Helena Fo\u0161njar E-po\u0161ta: helena.fosnjar@um.si tel: 02 2293 860 Samostojna strokovna delavka za raziskovalno dejavnost: Da\u0161a Don\u0161a E-po\u0161ta: dasa.donsa1@um.si tel: 02 2293 833 [&hellip;]<\/p>\n","protected":false},"author":1,"featured_media":0,"parent":0,"menu_order":454,"comment_status":"closed","ping_status":"closed","template":"","meta":{"_et_pb_use_builder":"","_et_pb_old_content":"","_et_gb_content_width":"","footnotes":""},"class_list":["post-65","page","type-page","status-publish","hentry"],"publishpress_future_workflow_manual_trigger":{"enabledWorkflows":[]},"_links":{"self":[{"href":"https:\/\/www.fnm.um.si\/index.php\/wp-json\/wp\/v2\/pages\/65","targetHints":{"allow":["GET"]}}],"collection":[{"href":"https:\/\/www.fnm.um.si\/index.php\/wp-json\/wp\/v2\/pages"}],"about":[{"href":"https:\/\/www.fnm.um.si\/index.php\/wp-json\/wp\/v2\/types\/page"}],"author":[{"embeddable":true,"href":"https:\/\/www.fnm.um.si\/index.php\/wp-json\/wp\/v2\/users\/1"}],"replies":[{"embeddable":true,"href":"https:\/\/www.fnm.um.si\/index.php\/wp-json\/wp\/v2\/comments?post=65"}],"version-history":[{"count":83,"href":"https:\/\/www.fnm.um.si\/index.php\/wp-json\/wp\/v2\/pages\/65\/revisions"}],"predecessor-version":[{"id":39752,"href":"https:\/\/www.fnm.um.si\/index.php\/wp-json\/wp\/v2\/pages\/65\/revisions\/39752"}],"wp:attachment":[{"href":"https:\/\/www.fnm.um.si\/index.php\/wp-json\/wp\/v2\/media?parent=65"}],"curies":[{"name":"wp","href":"https:\/\/api.w.org\/{rel}","templated":true}]}}