{"id":63,"date":"2010-09-17T13:13:28","date_gmt":"2010-09-17T13:13:28","guid":{"rendered":"http:\/\/164.8.33.101\/index.php\/2010\/09\/17\/kakovost-studija\/"},"modified":"2018-12-17T11:13:07","modified_gmt":"2018-12-17T09:13:07","slug":"kakovost-studija","status":"publish","type":"page","link":"https:\/\/www.fnm.um.si\/index.php\/predstavitev-tudija\/kakovost-studija\/","title":{"rendered":"Kakovost \u0161tudija"},"content":{"rendered":"<p>\u0160tudentske ankete za \u0161tudijsko leto 2017\/2018:<\/p>\n<ul>\n<li><a href=\"https:\/\/www.fnm.um.si\/wp-content\/uploads\/2018\/12\/RezultatiAnketeOPedagoskemDelu2017-18-FNM.pdf\">Izpis po izvajalcih<\/a><\/li>\n<\/ul>\n<p>\u0160tudentske ankete za \u0161tudijsko leto 2015\/2016:<\/p>\n<ul>\n<li><a href=\"http:\/\/www.fnm.um.si\/wp-content\/uploads\/2010\/09\/RezultatiAnketeOPedagoskemDelu2015-2016.pdf\" target=\"_blank\" rel=\"noopener\">Izpis po izvajalcih<\/a><\/li>\n<\/ul>\n<p>\u0160tudentske ankete za \u0161tudijsko leto 2014\/2015:<\/p>\n<ul>\n<li><a href=\"http:\/\/www.fnm.um.si\/wp-content\/uploads\/2010\/09\/Anketa_o-pedagoskem_delu_izvajalci_2014-15.pdf\" target=\"_blank\" rel=\"noopener\">Izpis po izvajalcih<\/a><\/li>\n<\/ul>\n<p>\u0160tudentske ankete za \u0161tudijsko leto 2013\/2014:<\/p>\n<ul>\n<li><a href=\"http:\/\/www.fnm.um.si\/wp-content\/uploads\/2010\/09\/Rezultati_stud_ankete_za_stud_leto_2013-14.pdf\" target=\"_blank\" rel=\"noopener\">Izpis po izvajalcih<\/a><\/li>\n<\/ul>\n<p>\u0160tudentske ankete za \u0161tudijsko leto 2012\/2013:<\/p>\n<ul>\n<li><a href=\"http:\/\/www.um.si\/kakovost\/studentska-anketa\/Documents\/Ankete2012-2013_Izpis%20po%20izvajalcih.pdf\" target=\"_blank\" rel=\"noopener\">Izpis po izvajalcih<\/a><\/li>\n<li><a href=\"http:\/\/www.um.si\/kakovost\/studentska-anketa\/Documents\/Ankete2012-2013_Izpis%20po%20predmetih.pdf\" target=\"_blank\" rel=\"noopener\">Izpis po predmetih<\/a><\/li>\n<\/ul>\n<p>\u0160tudentske ankete za \u0161tudijsko leto 2011\/2012:<\/p>\n<ul>\n<li><a href=\"http:\/\/www.fnm.um.si\/wp-content\/uploads\/2010\/09\/Rezultati_studentskih_anket_FNM_2011_12.xls\" target=\"_blank\" rel=\"noopener\">Rezultati ankete<\/a><\/li>\n<\/ul>\n<p>\u0160tudentske ankete za \u0161tudijsko leto 2010\/2011:<\/p>\n<ul>\n<li><a href=\"http:\/\/www.fnm.um.si\/wp-content\/uploads\/2010\/09\/AnalizaAnketPoProfesorjihFNM_2011.xls\" target=\"_blank\" rel=\"noopener\">Rezultati ankete<\/a><\/li>\n<li><a href=\"http:\/\/www.fnm.um.si\/wp-content\/uploads\/2010\/09\/Pojasnila-za-anketo-s-podrobnimi-podatki-2011.doc\" target=\"_blank\" rel=\"noopener\">Pojasnilo k anketi<\/a><\/li>\n<\/ul>\n<p>\u0160tudentske ankete za \u0161tudijsko leto 2009\/2010:<\/p>\n<ul>\n<li><a href=\"http:\/\/www.fnm.um.si\/wp-content\/uploads\/2010\/09\/FNM_2009_2010.xls\" target=\"_blank\" rel=\"noopener\">Rezultati ankete<\/a><\/li>\n<li><a href=\"http:\/\/www.fnm.um.si\/wp-content\/uploads\/2010\/09\/Pojasnila%20-%20k%20anketi.pdf\" target=\"_blank\" rel=\"noopener\">Pojasnilo k anketi<\/a><\/li>\n<\/ul>\n<p>\u0160tudentske ankete za \u0161tudijsko leto 2008\/2009:<br \/>\nZIMSKI SEMESTER<\/p>\n<ul>\n<li><a href=\"http:\/\/www.fnm.um.si\/wp-content\/uploads\/2010\/09\/anketna_vprasanja0708.pdf\" target=\"_blank\" rel=\"noopener\">Vsebina ankete<\/a><\/li>\n<li><a href=\"http:\/\/www.fnm.um.si\/wp-content\/uploads\/2010\/09\/fnm20082009zimski.pdf\" target=\"_blank\" rel=\"noopener\">Rezultati ankete<\/a><\/li>\n<\/ul>\n<p>\u0160tudentske ankete za \u0161tudijsko leto 2007\/2008:<\/p>\n<ul>\n<li><a href=\"http:\/\/www.fnm.um.si\/wp-content\/uploads\/2010\/09\/anketna_vprasanja0708.pdf\" target=\"_blank\" rel=\"noopener\">Vsebina ankete<\/a><\/li>\n<li><a href=\"http:\/\/www.fnm.um.si\/wp-content\/uploads\/2010\/09\/ankete_ucitelji_fnm_07_08.pdf\" target=\"_blank\" rel=\"noopener\">Rezultati ankete<\/a><\/li>\n<\/ul>\n","protected":false},"excerpt":{"rendered":"<p>\u0160tudentske ankete za \u0161tudijsko leto 2017\/2018: Izpis po izvajalcih \u0160tudentske ankete za \u0161tudijsko leto 2015\/2016: Izpis po izvajalcih \u0160tudentske ankete za \u0161tudijsko leto 2014\/2015: Izpis po izvajalcih \u0160tudentske ankete za \u0161tudijsko leto 2013\/2014: Izpis po izvajalcih \u0160tudentske ankete za \u0161tudijsko leto 2012\/2013: Izpis po izvajalcih Izpis po predmetih \u0160tudentske ankete za \u0161tudijsko leto 2011\/2012: Rezultati [&hellip;]<\/p>\n","protected":false},"author":1,"featured_media":0,"parent":50,"menu_order":455,"comment_status":"closed","ping_status":"closed","template":"","meta":{"_et_pb_use_builder":"","_et_pb_old_content":"","_et_gb_content_width":"","footnotes":""},"class_list":["post-63","page","type-page","status-publish","hentry"],"publishpress_future_workflow_manual_trigger":{"enabledWorkflows":[]},"_links":{"self":[{"href":"https:\/\/www.fnm.um.si\/index.php\/wp-json\/wp\/v2\/pages\/63","targetHints":{"allow":["GET"]}}],"collection":[{"href":"https:\/\/www.fnm.um.si\/index.php\/wp-json\/wp\/v2\/pages"}],"about":[{"href":"https:\/\/www.fnm.um.si\/index.php\/wp-json\/wp\/v2\/types\/page"}],"author":[{"embeddable":true,"href":"https:\/\/www.fnm.um.si\/index.php\/wp-json\/wp\/v2\/users\/1"}],"replies":[{"embeddable":true,"href":"https:\/\/www.fnm.um.si\/index.php\/wp-json\/wp\/v2\/comments?post=63"}],"version-history":[{"count":3,"href":"https:\/\/www.fnm.um.si\/index.php\/wp-json\/wp\/v2\/pages\/63\/revisions"}],"predecessor-version":[{"id":19105,"href":"https:\/\/www.fnm.um.si\/index.php\/wp-json\/wp\/v2\/pages\/63\/revisions\/19105"}],"up":[{"embeddable":true,"href":"https:\/\/www.fnm.um.si\/index.php\/wp-json\/wp\/v2\/pages\/50"}],"wp:attachment":[{"href":"https:\/\/www.fnm.um.si\/index.php\/wp-json\/wp\/v2\/media?parent=63"}],"curies":[{"name":"wp","href":"https:\/\/api.w.org\/{rel}","templated":true}]}}