{"id":6218,"date":"2016-01-19T12:57:56","date_gmt":"2016-01-19T12:57:56","guid":{"rendered":"http:\/\/164.8.33.101\/index.php\/2016\/01\/19\/tipendijski-sklad-egp-in-nfm-za-uno-osebje-in-zaposlene\/"},"modified":"2017-09-22T11:26:27","modified_gmt":"2017-09-22T09:26:27","slug":"tipendijski-sklad-egp-in-nfm-za-uno-osebje-in-zaposlene","status":"publish","type":"page","link":"https:\/\/www.fnm.um.si\/index.php\/tipendijski-sklad-egp-in-nfm-za-uno-osebje-in-zaposlene\/","title":{"rendered":"\u0160tipendijski sklad EGP in NFM &#8211; za u\u010dno osebje in zaposlene"},"content":{"rendered":"<p>Program EGP in Norve\u0161ki finan\u010dni mehanizem omogo\u010da:<\/p>\n<ul>\n<li style=\"text-align: justify;\">u\u010dnemu osebju visoko\u0161olskih organizacij, da pre\u017eivi obdobje za pou\u010devanje, ki traja od 1 dne- ali vsaj 5 ur pou\u010devanja &#8211; do 6 tednov na visoko\u0161olski organizaciji v donatorski dr\u017eavi.<\/li>\n<li style=\"text-align: justify;\">da osebje visoko\u0161olskih organizacij v donatorski dr\u017eavi: sodeluje na <strong>konferencah<\/strong>, <strong>seminarju<\/strong>, <strong>delavnici<\/strong> ali <strong>drugem usposabljanju<\/strong> v obdobju od 1 dneva do 6 tednov; <strong>spremlja na delovnem mestu<\/strong> (job shadowing) na drugi instituciji (ali podjetju) z namenom usposabljanja ali<strong> raziskovanja<\/strong> v obdobju od 1 do 6 tednov.<\/li>\n<\/ul>\n<p>Donatorske dr\u017eave so <strong>Islandija<\/strong>, <strong>Norve\u0161ka <\/strong>in<strong> Lichten\u0161tain<\/strong>.<\/p>\n<p>&nbsp;<\/p>\n<p><strong><a href=\"http:\/\/www.um.si\/mednarodno-sodelovanje\/nfm\/Strani\/mobilnost-ucnega-osebja.aspx\" target=\"_blank\" rel=\"noopener\">Ve\u010d informacij o mobilnosti u\u010dnega osebja<\/a> <\/strong><\/p>\n<p><a href=\"http:\/\/www.um.si\/mednarodno-sodelovanje\/nfm\/Strani\/mobilnost-zaposlenih.aspx\" target=\"_blank\" rel=\"noopener\"><strong>Ve\u010d informaciji o mobilnosti zaposlenih<\/strong><\/a><\/p>\n","protected":false},"excerpt":{"rendered":"<p>Program EGP in Norve\u0161ki finan\u010dni mehanizem omogo\u010da: u\u010dnemu osebju visoko\u0161olskih organizacij, da pre\u017eivi obdobje za pou\u010devanje, ki traja od 1 dne- ali vsaj 5 ur pou\u010devanja &#8211; do 6 tednov na visoko\u0161olski organizaciji v donatorski dr\u017eavi. da osebje visoko\u0161olskih organizacij v donatorski dr\u017eavi: sodeluje na konferencah, seminarju, delavnici ali drugem usposabljanju v obdobju od 1 [&hellip;]<\/p>\n","protected":false},"author":1,"featured_media":0,"parent":0,"menu_order":84,"comment_status":"closed","ping_status":"closed","template":"","meta":{"_et_pb_use_builder":"","_et_pb_old_content":"","_et_gb_content_width":"","footnotes":""},"class_list":["post-6218","page","type-page","status-publish","hentry"],"publishpress_future_workflow_manual_trigger":{"enabledWorkflows":[]},"_links":{"self":[{"href":"https:\/\/www.fnm.um.si\/index.php\/wp-json\/wp\/v2\/pages\/6218","targetHints":{"allow":["GET"]}}],"collection":[{"href":"https:\/\/www.fnm.um.si\/index.php\/wp-json\/wp\/v2\/pages"}],"about":[{"href":"https:\/\/www.fnm.um.si\/index.php\/wp-json\/wp\/v2\/types\/page"}],"author":[{"embeddable":true,"href":"https:\/\/www.fnm.um.si\/index.php\/wp-json\/wp\/v2\/users\/1"}],"replies":[{"embeddable":true,"href":"https:\/\/www.fnm.um.si\/index.php\/wp-json\/wp\/v2\/comments?post=6218"}],"version-history":[{"count":1,"href":"https:\/\/www.fnm.um.si\/index.php\/wp-json\/wp\/v2\/pages\/6218\/revisions"}],"predecessor-version":[{"id":9155,"href":"https:\/\/www.fnm.um.si\/index.php\/wp-json\/wp\/v2\/pages\/6218\/revisions\/9155"}],"wp:attachment":[{"href":"https:\/\/www.fnm.um.si\/index.php\/wp-json\/wp\/v2\/media?parent=6218"}],"curies":[{"name":"wp","href":"https:\/\/api.w.org\/{rel}","templated":true}]}}