{"id":6179,"date":"2016-01-14T13:23:21","date_gmt":"2016-01-14T13:23:21","guid":{"rendered":"http:\/\/164.8.33.101\/index.php\/2016\/01\/14\/dosedanja-vodstva-um-fnm\/"},"modified":"2021-02-11T12:08:24","modified_gmt":"2021-02-11T10:08:24","slug":"dosedanja-vodstva-um-fnm","status":"publish","type":"page","link":"https:\/\/www.fnm.um.si\/index.php\/fakulteta-za-naravoslovje-in-matematiko\/dosedanja-vodstva-um-fnm\/","title":{"rendered":"Dosedanja vodstva UM FNM"},"content":{"rendered":"<div id=\"pl-6179\" class=\"panel-layout\">\n<div id=\"pg-6179-0\" class=\"panel-grid panel-no-style\">\n<div id=\"pgc-6179-0-0\" class=\"panel-grid-cell\" data-weight=\"1\">\n<div id=\"panel-6179-0-0-0\" class=\"so-panel widget widget_sow-editor panel-first-child panel-last-child\" data-index=\"0\">\n<div class=\"so-widget-sow-editor so-widget-sow-editor-base\">\n<div class=\"siteorigin-widget-tinymce textwidget\">\n<p><strong>2006 &#8211; 2007<\/strong><\/p>\n<table style=\"height: 188px; width: 316px; border-style: hidden;\" border=\"0\" cellspacing=\"1\" cellpadding=\"1\">\n<tbody>\n<tr>\n<td style=\"width: 200px; white-space: nowrap; vertical-align: middle;\">dekan:<br \/>\nprof. dr. Joso Vukman<\/td>\n<td style=\"width: 200px;\"><img loading=\"lazy\" decoding=\"async\" class=\"wp-image-6176 alignnone\" style=\"height: 166px; width: 120px;\" src=\"http:\/\/www.fnm.um.si\/wp-content\/uploads\/2016\/01\/joso_vukman.jpg\" alt=\"\" width=\"200\" height=\"267\" \/><\/td>\n<\/tr>\n<\/tbody>\n<\/table>\n<p>prodekani:<br \/>\nprof. dr. Boris Aber\u0161ek, za znanstvenoraziskovalno in podiplomsko dejavnost<br \/>\nprof. dr. Franc Jan\u017eekovi\u010d, izobra\u017eevalna dejavnost<br \/>\nprof. dr. Du\u0161an Pagon, za mednarodno dejavnost<\/p>\n<p>&nbsp;<\/p>\n<p><strong>2007<\/strong><\/p>\n<table style=\"height: 191px; width: 330px; border-style: hidden;\" border=\"0\" cellspacing=\"1\" cellpadding=\"1\">\n<tbody>\n<tr>\n<td style=\"width: 200px; white-space: nowrap; vertical-align: middle;\">dekan:<br \/>\nprof. dr. Ivan Gerli\u010d<\/td>\n<td style=\"width: 200px; white-space: nowrap;\"><img loading=\"lazy\" decoding=\"async\" class=\" alignnone wp-image-6177\" style=\"height: 152px; width: 120px;\" src=\"http:\/\/www.fnm.um.si\/wp-content\/uploads\/2016\/01\/ivan_gerlic.jpg\" alt=\"\" width=\"200\" height=\"265\" \/><\/td>\n<\/tr>\n<\/tbody>\n<\/table>\n<p>&nbsp;<\/p>\n<p>prodekana:<br \/>\nprof. dr. Boris Aber\u0161ek, za znanstvenoraziskovalno in podiplomsko dejavnost<br \/>\nprof. dr. Franc Jan\u017eekovi\u010d, izobra\u017eevalna dejavnost<\/p>\n<p>&nbsp;<\/p>\n<p><strong>2007 &#8211; 2011<\/strong><\/p>\n<table style=\"height: 206px; width: 368px; border-style: hidden;\" border=\"0\" cellspacing=\"1\" cellpadding=\"1\">\n<tbody>\n<tr>\n<td style=\"width: 200px; white-space: nowrap; vertical-align: middle;\">dekanica:<br \/>\nprof. dr. Nata\u0161a Vaupoti\u010d<\/td>\n<td style=\"width: 200px;\"><img loading=\"lazy\" decoding=\"async\" class=\" wp-image-6178\" style=\"height: 160px; width: 120px;\" src=\"http:\/\/www.fnm.um.si\/wp-content\/uploads\/2016\/01\/natasa_vaupotic.jpg\" alt=\"\" width=\"200\" height=\"266\" \/><\/td>\n<\/tr>\n<\/tbody>\n<\/table>\n<p>&nbsp;<\/p>\n<p>prodekani:<br \/>\nprof. dr. Aleksander Vesel, prodekan za znanstvenoraziskovalno in podiplomsko dejavnost<br \/>\nprof. dr. Franc Jan\u017eekovi\u010d, prodekan za izobra\u017eevalno dejavnost<br \/>\nprof. dr. Drago Bokal, prodekan za sodelovanje z gospodarstvom in mednarodno dejavnost<\/p>\n<p>&nbsp;<\/p>\n<p><strong>2011 &#8211; 2015<\/strong><\/p>\n<table style=\"height: 216px; width: 359px; border-style: hidden;\" border=\"0\" cellspacing=\"1\" cellpadding=\"1\">\n<tbody>\n<tr>\n<td style=\"width: 200px; white-space: nowrap; vertical-align: middle;\">dekanica:<br \/>\nprof. dr. Nata\u0161a Vaupoti\u010d<\/td>\n<td style=\"width: 200px;\"><img loading=\"lazy\" decoding=\"async\" class=\" wp-image-6178\" style=\"height: 160px; width: 120px;\" src=\"http:\/\/www.fnm.um.si\/wp-content\/uploads\/2016\/01\/natasa_vaupotic.jpg\" alt=\"\" width=\"200\" height=\"266\" \/><\/td>\n<\/tr>\n<\/tbody>\n<\/table>\n<p>prodekani:<br \/>\nprof. dr. Bo\u0161tjan Bre\u0161ar, prodekan za znanstvenoraziskovalno in podiplomsko dejavnost<br \/>\nprof. dr. Franc Jan\u017eekovi\u010d, prodekan za izobra\u017eevalno dejavnost<br \/>\nprof. dr. Bla\u017e Zmazek, prodekan za sodelovanje z gospodarstvom in mednarodno dejavnost<\/p>\n<p>&nbsp;<\/p>\n<p><strong>2015 &#8211; 2019<\/strong><\/p>\n<table style=\"height: 232px; width: 37.5167%; border-style: hidden;\" border=\"0\" cellspacing=\"1\" cellpadding=\"1\">\n<tbody>\n<tr>\n<td style=\"width: 57.0978%; white-space: nowrap; vertical-align: middle;\">dekan:<br \/>\nprof. dr. Mitja Slavinec<\/td>\n<td style=\"width: 100.315%;\"><img loading=\"lazy\" decoding=\"async\" class=\"alignnone wp-image-3 aligncenter\" src=\"https:\/\/www.fnm.um.si\/wp-content\/uploads\/2010\/09\/slavinec_dekan1.jpg\" alt=\"\" width=\"172\" height=\"230\" \/><\/td>\n<\/tr>\n<\/tbody>\n<\/table>\n<\/div>\n<p>prodekani:<br \/>\nprof. dr. Bo\u0161tjan Bre\u0161ar, prodekan za znanstvenoraziskovalno in podiplomsko dejavnost<br \/>\nprof. dr. Franc Jan\u017eekovi\u010d, prodekan za izobra\u017eevalno dejavnost<br \/>\nprof. dr. Bla\u017e Zmazek, prodekan za sodelovanje z gospodarstvom in mednarodno dejavnost<\/p>\n<p>&nbsp;<\/p>\n<p><strong>2019 &#8211; 2021<\/strong><\/p>\n<table style=\"height: 232px; width: 37.5167%; border-style: hidden;\" border=\"0\" cellspacing=\"1\" cellpadding=\"1\">\n<tbody>\n<tr>\n<td style=\"width: 57.0978%; white-space: nowrap; vertical-align: middle;\">dekan:<br \/>\nprof. dr. Mitja Slavinec<\/td>\n<td style=\"width: 100.315%;\"><img loading=\"lazy\" decoding=\"async\" class=\"alignnone wp-image-3 aligncenter\" src=\"https:\/\/www.fnm.um.si\/wp-content\/uploads\/2010\/09\/slavinec_dekan1.jpg\" alt=\"\" width=\"172\" height=\"230\" \/><\/td>\n<\/tr>\n<\/tbody>\n<\/table>\n<p>prof. dr. Aleksander Vesel, prodekan za znanstvenoraziskovalno in mednarodno dejavnost<br \/>\nprof. dr. Sonja \u0160kornik, prodekanica za izobra\u017eevalno dejavnost<br \/>\nprof. dr. Robert Repnik, prodekan za sodelovanje z gospodarstvom, mednarodne odnose in pedago\u0161ke \u0161tudijske programe<br \/>\nprof. dr. Bla\u017e Zmazek, prodekan za sodelovanje z javnimi ustanovami<\/p>\n<\/div>\n<\/div>\n<\/div>\n<\/div>\n<\/div>\n","protected":false},"excerpt":{"rendered":"<p>2006 &#8211; 2007 dekan: prof. dr. Joso Vukman prodekani: prof. dr. Boris Aber\u0161ek, za znanstvenoraziskovalno in podiplomsko dejavnost prof. dr. Franc Jan\u017eekovi\u010d, izobra\u017eevalna dejavnost prof. dr. Du\u0161an Pagon, za mednarodno dejavnost &nbsp; 2007 dekan: prof. dr. Ivan Gerli\u010d &nbsp; prodekana: prof. dr. Boris Aber\u0161ek, za znanstvenoraziskovalno in podiplomsko dejavnost prof. dr. Franc Jan\u017eekovi\u010d, izobra\u017eevalna dejavnost [&hellip;]<\/p>\n","protected":false},"author":1,"featured_media":6176,"parent":2,"menu_order":105,"comment_status":"closed","ping_status":"closed","template":"","meta":{"_et_pb_use_builder":"","_et_pb_old_content":"","_et_gb_content_width":"","footnotes":""},"class_list":["post-6179","page","type-page","status-publish","has-post-thumbnail","hentry"],"publishpress_future_workflow_manual_trigger":{"enabledWorkflows":[]},"_links":{"self":[{"href":"https:\/\/www.fnm.um.si\/index.php\/wp-json\/wp\/v2\/pages\/6179","targetHints":{"allow":["GET"]}}],"collection":[{"href":"https:\/\/www.fnm.um.si\/index.php\/wp-json\/wp\/v2\/pages"}],"about":[{"href":"https:\/\/www.fnm.um.si\/index.php\/wp-json\/wp\/v2\/types\/page"}],"author":[{"embeddable":true,"href":"https:\/\/www.fnm.um.si\/index.php\/wp-json\/wp\/v2\/users\/1"}],"replies":[{"embeddable":true,"href":"https:\/\/www.fnm.um.si\/index.php\/wp-json\/wp\/v2\/comments?post=6179"}],"version-history":[{"count":19,"href":"https:\/\/www.fnm.um.si\/index.php\/wp-json\/wp\/v2\/pages\/6179\/revisions"}],"predecessor-version":[{"id":29996,"href":"https:\/\/www.fnm.um.si\/index.php\/wp-json\/wp\/v2\/pages\/6179\/revisions\/29996"}],"up":[{"embeddable":true,"href":"https:\/\/www.fnm.um.si\/index.php\/wp-json\/wp\/v2\/pages\/2"}],"wp:featuredmedia":[{"embeddable":true,"href":"https:\/\/www.fnm.um.si\/index.php\/wp-json\/wp\/v2\/media\/6176"}],"wp:attachment":[{"href":"https:\/\/www.fnm.um.si\/index.php\/wp-json\/wp\/v2\/media?parent=6179"}],"curies":[{"name":"wp","href":"https:\/\/api.w.org\/{rel}","templated":true}]}}