{"id":5658,"date":"2015-04-09T00:00:00","date_gmt":"2015-04-09T00:00:00","guid":{"rendered":"http:\/\/164.8.33.101\/index.php\/2015\/04\/09\/dan-fnm-um-7-april-2015\/"},"modified":"2017-07-10T11:12:50","modified_gmt":"2017-07-10T11:12:50","slug":"dan-fnm-um-7-april-2015","status":"publish","type":"page","link":"https:\/\/www.fnm.um.si\/index.php\/fakulteta-za-naravoslovje-in-matematiko\/dan-fnm-um-7-april-2015\/","title":{"rendered":"DAN FNM UM, 7. april 2015"},"content":{"rendered":"<p style=\"text-align: justify;\">Senat Fakultete za naravoslovje in matematiko Univerze v Mariboru je 7. april dolo\u010dil za Dan Fakultete za naravoslovje in matematiko Univerze v Mariboru (Dan FNM UM). Dan FNM UM smo letos obele\u017eili prvi\u010d, in sicer na dan, ko je leta 2006 pri\u010del veljati Odlok Dr\u017eavnega zbora RS o preoblikovanju UM. Ta je omogo\u010dil ustanovitev Fakultete za naravoslovje in matematiko Univerze v Mariboru, ki je samostojno pri\u010dela delovati 1. 1. 2007.<\/p>\n<p style=\"text-align: justify;\">Na slovesnosti ob dnevu FNM UM smo se spomnili <a href=\"http:\/\/www.fnm.um.si\/wp-content\/uploads\/2015\/04\/Dan-FNM-UM-2015.pdf\" target=\"_blank\" rel=\"noopener\">dose\u017ekov zaposlenih in \u0161tudentov v preteklih letih<\/a>, podelili smo priznanja zaposlenim za njihove dose\u017eke na raziskovalnem, strokovnem in izobra\u017eevalnem podro\u010dju, zahvalili pa smo se tudi tistim, ki so klju\u010dno prispevali k razvoju naravoslovja in matematike na Univerzi v Mariboru in s tem \u017ee pred desetletji postavili temelje dana\u0161nje FNM UM. Podelili smo tudi zahvalne listine podjetjem, ki \u017ee vrsto let podpirajo dejavnosti na\u0161e fakultete. Priznanj \u0161tudentom na slovesnosti nismo podeljevali, saj \u0161tudentom priznanja podelimo konec septembra ob sprejemu brucev.<\/p>\n<p style=\"text-align: justify;\">Program sta z glasbenimi vlo\u017eki popestrila \u0161tudenta fizike 2. stopnje Nina \u0160ilovinac na kontrabasu in Tadej Emer\u0161i\u010d na klaviaturah.<\/p>\n<p style=\"text-align: center;\"><img loading=\"lazy\" decoding=\"async\" class=\" size-full wp-image-5632\" src=\"http:\/\/www.fnm.um.si\/wp-content\/uploads\/2015\/04\/dan_fnm_2015_nagrajenci.jpg\" alt=\"\" width=\"651\" height=\"159\" srcset=\"https:\/\/www.fnm.um.si\/wp-content\/uploads\/2015\/04\/dan_fnm_2015_nagrajenci.jpg 3815w, https:\/\/www.fnm.um.si\/wp-content\/uploads\/2015\/04\/dan_fnm_2015_nagrajenci-300x74.jpg 300w, https:\/\/www.fnm.um.si\/wp-content\/uploads\/2015\/04\/dan_fnm_2015_nagrajenci-768x189.jpg 768w, https:\/\/www.fnm.um.si\/wp-content\/uploads\/2015\/04\/dan_fnm_2015_nagrajenci-1024x252.jpg 1024w\" sizes=\"(max-width: 651px) 100vw, 651px\" \/><\/p>\n<h3 style=\"text-align: center;\"><span style=\"color: #0000ff;\"><strong>PRIZNANJA IN PREJEMNIKI<\/strong><\/span><\/h3>\n<p style=\"margin-left: 18.0pt;\" align=\"center\"><strong>\u010dastni naziv \u00bbZaslu\u017eni profesor FNM UM\u00ab<\/strong><\/p>\n<p style=\"margin-left: 18.0pt;\" align=\"center\"><span style=\"color: #0000ff;\"><strong>prof. dr. Marjanca Marki\u010d<\/strong> in <strong>prof. dr. Ivan Gerli\u010d<\/strong><\/span><\/p>\n<p style=\"margin-left: 18.0pt;\" align=\"center\"><strong>priznanje visoko\u0161olskim u\u010diteljem in sodelavcem ter znanstvenim sodelavcem za izjemne dose\u017eke na znanstvenoraziskovalnem podro\u010dju<\/strong><\/p>\n<p style=\"margin-left: 18.0pt;\" align=\"center\"><span style=\"color: #0000ff;\"><strong>prof. dr. Matja\u017e Perc <\/strong>in<strong> asist. dr. Tanja Gologranc<\/strong><\/span><\/p>\n<p style=\"margin-left: 18.0pt;\" align=\"center\"><strong>priznanje visoko\u0161olskim u\u010diteljem in sodelavcem za izjemne dose\u017eke na izobra\u017eevalnem podro\u010dju<\/strong><\/p>\n<p style=\"margin-left: 18.0pt;\" align=\"center\"><span style=\"color: #0000ff;\"><strong>prof. dr. Samo Kralj<\/strong> in <strong>doc. dr. Bojan Hvala<\/strong><\/span><\/p>\n<p style=\"margin-left: 18.0pt;\" align=\"center\"><strong>priznanje visoko\u0161olskim u\u010diteljem in sodelavcem za izjemne dose\u017eke na strokovnem podro\u010dju<\/strong><\/p>\n<p style=\"margin-left: 18.0pt;\" align=\"center\"><span style=\"color: #0000ff;\"><strong>prof. dr. Drago Bokal <\/strong>in<strong> mag. Bojana Mencinger Vra\u010dko<\/strong><\/span><\/p>\n<p style=\"margin-left: 18.0pt;\" align=\"center\"><strong>priznanje strokovnim sodelavcem za izjemne dose\u017eke pri razvoju strokovnega podro\u010dja<\/strong><\/p>\n<p style=\"margin-left: 18.0pt;\" align=\"center\"><span style=\"color: #0000ff;\"><strong>asist. dr. Andreja \u0160pernjak<\/strong><\/span><\/p>\n<p style=\"margin-left: 17.85pt;\" align=\"center\"><strong>zahvalna listina posameznikom in in\u0161titucijam za uspe\u0161no sodelovanje s fakulteto<\/strong><\/p>\n<p style=\"margin-left: 17.85pt;\" align=\"center\"><span style=\"color: #0000ff;\"><strong>ENERGAP<\/strong><\/span> in <span style=\"color: #0000ff;\"><strong>Zavod PPC Tezno<\/strong>.<\/span><\/p>\n<p style=\"margin-left: 17.85pt; text-align: center;\"><a href=\"http:\/\/www.fnm.um.si\/wp-content\/uploads\/2015\/04\/Dan-FNM-nagrajenci-2015.pdf\" target=\"_blank\" rel=\"noopener\">Utemeljitve<\/a><\/p>\n<p style=\"margin-left: 17.85pt;\">Galerija slik:<\/p>\n<p style=\"margin-left: 17.85pt; text-align: center;\"><img loading=\"lazy\" decoding=\"async\" class=\" size-full wp-image-5635\" src=\"http:\/\/www.fnm.um.si\/wp-content\/uploads\/2015\/04\/DSCN4976-001.JPG\" alt=\"\" width=\"148\" height=\"120\" srcset=\"https:\/\/www.fnm.um.si\/wp-content\/uploads\/2015\/04\/DSCN4976-001.JPG 1000w, https:\/\/www.fnm.um.si\/wp-content\/uploads\/2015\/04\/DSCN4976-001-300x244.jpg 300w, https:\/\/www.fnm.um.si\/wp-content\/uploads\/2015\/04\/DSCN4976-001-768x625.jpg 768w\" sizes=\"(max-width: 148px) 100vw, 148px\" \/>\u00a0\u00a0\u00a0\u00a0 <img loading=\"lazy\" decoding=\"async\" class=\" size-full wp-image-5636\" src=\"http:\/\/www.fnm.um.si\/wp-content\/uploads\/2015\/04\/DSCN4993.JPG\" alt=\"\" width=\"178\" height=\"120\" srcset=\"https:\/\/www.fnm.um.si\/wp-content\/uploads\/2015\/04\/DSCN4993.JPG 1000w, https:\/\/www.fnm.um.si\/wp-content\/uploads\/2015\/04\/DSCN4993-300x200.jpg 300w, https:\/\/www.fnm.um.si\/wp-content\/uploads\/2015\/04\/DSCN4993-768x513.jpg 768w, https:\/\/www.fnm.um.si\/wp-content\/uploads\/2015\/04\/DSCN4993-272x182.jpg 272w\" sizes=\"(max-width: 178px) 100vw, 178px\" \/> \u00a0 \u00a0 <img loading=\"lazy\" decoding=\"async\" class=\" size-full wp-image-5637\" src=\"http:\/\/www.fnm.um.si\/wp-content\/uploads\/2015\/04\/DSCN5009.JPG\" alt=\"\" width=\"80\" height=\"120\" srcset=\"https:\/\/www.fnm.um.si\/wp-content\/uploads\/2015\/04\/DSCN5009.JPG 668w, https:\/\/www.fnm.um.si\/wp-content\/uploads\/2015\/04\/DSCN5009-200x300.jpg 200w\" sizes=\"(max-width: 80px) 100vw, 80px\" \/>\u00a0\u00a0\u00a0 <img loading=\"lazy\" decoding=\"async\" class=\" size-full wp-image-5638\" style=\"width: 171px; height: 120px;\" src=\"http:\/\/www.fnm.um.si\/wp-content\/uploads\/2015\/04\/DSCN5017.JPG\" alt=\"\" width=\"1000\" height=\"703\" srcset=\"https:\/\/www.fnm.um.si\/wp-content\/uploads\/2015\/04\/DSCN5017.JPG 1000w, https:\/\/www.fnm.um.si\/wp-content\/uploads\/2015\/04\/DSCN5017-300x211.jpg 300w, https:\/\/www.fnm.um.si\/wp-content\/uploads\/2015\/04\/DSCN5017-768x540.jpg 768w\" sizes=\"(max-width: 1000px) 100vw, 1000px\" \/><\/p>\n<p style=\"margin-left: 17.85pt; text-align: center;\"><img loading=\"lazy\" decoding=\"async\" class=\" size-full wp-image-5639\" style=\"width: 180px; height: 120px;\" src=\"http:\/\/www.fnm.um.si\/wp-content\/uploads\/2015\/04\/dscn5018.jpg\" alt=\"\" width=\"1000\" height=\"667\" srcset=\"https:\/\/www.fnm.um.si\/wp-content\/uploads\/2015\/04\/dscn5018.jpg 1000w, https:\/\/www.fnm.um.si\/wp-content\/uploads\/2015\/04\/dscn5018-300x200.jpg 300w, https:\/\/www.fnm.um.si\/wp-content\/uploads\/2015\/04\/dscn5018-768x512.jpg 768w, https:\/\/www.fnm.um.si\/wp-content\/uploads\/2015\/04\/dscn5018-272x182.jpg 272w\" sizes=\"(max-width: 1000px) 100vw, 1000px\" \/> \u00a0\u00a0\u00a0 <img loading=\"lazy\" decoding=\"async\" class=\" size-full wp-image-5640\" style=\"width: 80px; height: 120px;\" src=\"http:\/\/www.fnm.um.si\/wp-content\/uploads\/2015\/04\/DSCN5023.JPG\" alt=\"\" width=\"665\" height=\"1000\" srcset=\"https:\/\/www.fnm.um.si\/wp-content\/uploads\/2015\/04\/DSCN5023.JPG 665w, https:\/\/www.fnm.um.si\/wp-content\/uploads\/2015\/04\/DSCN5023-200x300.jpg 200w\" sizes=\"(max-width: 665px) 100vw, 665px\" \/>\u00a0 \u00a0\u00a0 <img loading=\"lazy\" decoding=\"async\" class=\" size-full wp-image-5641\" style=\"width: 80px; height: 120px;\" src=\"http:\/\/www.fnm.um.si\/wp-content\/uploads\/2015\/04\/DSCN5028.JPG\" alt=\"\" width=\"663\" height=\"1000\" srcset=\"https:\/\/www.fnm.um.si\/wp-content\/uploads\/2015\/04\/DSCN5028.JPG 663w, https:\/\/www.fnm.um.si\/wp-content\/uploads\/2015\/04\/DSCN5028-199x300.jpg 199w\" sizes=\"(max-width: 663px) 100vw, 663px\" \/> \u00a0\u00a0\u00a0 <img loading=\"lazy\" decoding=\"async\" class=\" size-full wp-image-5642\" style=\"width: 90px; height: 120px;\" src=\"http:\/\/www.fnm.um.si\/wp-content\/uploads\/2015\/04\/DSCN5038.JPG\" alt=\"\" width=\"675\" height=\"900\" srcset=\"https:\/\/www.fnm.um.si\/wp-content\/uploads\/2015\/04\/DSCN5038.JPG 675w, https:\/\/www.fnm.um.si\/wp-content\/uploads\/2015\/04\/DSCN5038-225x300.jpg 225w\" sizes=\"(max-width: 675px) 100vw, 675px\" \/>\u00a0\u00a0\u00a0\u00a0 <img loading=\"lazy\" decoding=\"async\" class=\" size-full wp-image-5643\" style=\"width: 80px; height: 120px;\" src=\"http:\/\/www.fnm.um.si\/wp-content\/uploads\/2015\/04\/DSCN5044.JPG\" alt=\"\" width=\"666\" height=\"1000\" srcset=\"https:\/\/www.fnm.um.si\/wp-content\/uploads\/2015\/04\/DSCN5044.JPG 666w, https:\/\/www.fnm.um.si\/wp-content\/uploads\/2015\/04\/DSCN5044-200x300.jpg 200w\" sizes=\"(max-width: 666px) 100vw, 666px\" \/><\/p>\n<p style=\"margin-left: 17.85pt; text-align: center;\"><img loading=\"lazy\" decoding=\"async\" class=\" size-full wp-image-5644\" style=\"width: 80px; height: 120px;\" src=\"http:\/\/www.fnm.um.si\/wp-content\/uploads\/2015\/04\/DSCN5046.JPG\" alt=\"\" width=\"664\" height=\"1000\" srcset=\"https:\/\/www.fnm.um.si\/wp-content\/uploads\/2015\/04\/DSCN5046.JPG 664w, https:\/\/www.fnm.um.si\/wp-content\/uploads\/2015\/04\/DSCN5046-199x300.jpg 199w\" sizes=\"(max-width: 664px) 100vw, 664px\" \/>\u00a0\u00a0\u00a0\u00a0 <img loading=\"lazy\" decoding=\"async\" class=\" size-full wp-image-5645\" style=\"width: 80px; height: 120px;\" src=\"http:\/\/www.fnm.um.si\/wp-content\/uploads\/2015\/04\/DSCN5050.JPG\" alt=\"\" width=\"666\" height=\"1000\" srcset=\"https:\/\/www.fnm.um.si\/wp-content\/uploads\/2015\/04\/DSCN5050.JPG 666w, https:\/\/www.fnm.um.si\/wp-content\/uploads\/2015\/04\/DSCN5050-200x300.jpg 200w\" sizes=\"(max-width: 666px) 100vw, 666px\" \/>\u00a0\u00a0\u00a0\u00a0 <img loading=\"lazy\" decoding=\"async\" class=\" size-full wp-image-5646\" style=\"width: 80px; height: 120px;\" src=\"http:\/\/www.fnm.um.si\/wp-content\/uploads\/2015\/04\/DSCN5053-001.JPG\" alt=\"\" width=\"666\" height=\"1000\" srcset=\"https:\/\/www.fnm.um.si\/wp-content\/uploads\/2015\/04\/DSCN5053-001.JPG 666w, https:\/\/www.fnm.um.si\/wp-content\/uploads\/2015\/04\/DSCN5053-001-200x300.jpg 200w\" sizes=\"(max-width: 666px) 100vw, 666px\" \/> \u00a0\u00a0\u00a0 <img loading=\"lazy\" decoding=\"async\" class=\" size-full wp-image-5647\" style=\"width: 90px; height: 120px;\" src=\"http:\/\/www.fnm.um.si\/wp-content\/uploads\/2015\/04\/DSCN5058.JPG\" alt=\"\" width=\"750\" height=\"1000\" srcset=\"https:\/\/www.fnm.um.si\/wp-content\/uploads\/2015\/04\/DSCN5058.JPG 750w, https:\/\/www.fnm.um.si\/wp-content\/uploads\/2015\/04\/DSCN5058-225x300.jpg 225w\" sizes=\"(max-width: 750px) 100vw, 750px\" \/>\u00a0\u00a0\u00a0\u00a0 <img loading=\"lazy\" decoding=\"async\" class=\" size-full wp-image-5648\" style=\"width: 90px; height: 120px;\" src=\"http:\/\/www.fnm.um.si\/wp-content\/uploads\/2015\/04\/DSCN5076.JPG\" alt=\"\" width=\"750\" height=\"1000\" srcset=\"https:\/\/www.fnm.um.si\/wp-content\/uploads\/2015\/04\/DSCN5076.JPG 750w, https:\/\/www.fnm.um.si\/wp-content\/uploads\/2015\/04\/DSCN5076-225x300.jpg 225w\" sizes=\"(max-width: 750px) 100vw, 750px\" \/>\u00a0\u00a0\u00a0\u00a0 <img loading=\"lazy\" decoding=\"async\" class=\" size-full wp-image-5649\" style=\"width: 80px; height: 120px;\" src=\"http:\/\/www.fnm.um.si\/wp-content\/uploads\/2015\/04\/DSCN5079.JPG\" alt=\"\" width=\"666\" height=\"1000\" srcset=\"https:\/\/www.fnm.um.si\/wp-content\/uploads\/2015\/04\/DSCN5079.JPG 666w, https:\/\/www.fnm.um.si\/wp-content\/uploads\/2015\/04\/DSCN5079-200x300.jpg 200w\" sizes=\"(max-width: 666px) 100vw, 666px\" \/><\/p>\n<p style=\"margin-left: 17.85pt; text-align: center;\"><img loading=\"lazy\" decoding=\"async\" class=\" size-full wp-image-5650\" src=\"http:\/\/www.fnm.um.si\/wp-content\/uploads\/2015\/04\/DSCN5091.JPG\" alt=\"\" width=\"180\" height=\"120\" srcset=\"https:\/\/www.fnm.um.si\/wp-content\/uploads\/2015\/04\/DSCN5091.JPG 1000w, https:\/\/www.fnm.um.si\/wp-content\/uploads\/2015\/04\/DSCN5091-300x200.jpg 300w, https:\/\/www.fnm.um.si\/wp-content\/uploads\/2015\/04\/DSCN5091-768x511.jpg 768w, https:\/\/www.fnm.um.si\/wp-content\/uploads\/2015\/04\/DSCN5091-272x182.jpg 272w\" sizes=\"(max-width: 180px) 100vw, 180px\" \/>\u00a0\u00a0\u00a0\u00a0 <img loading=\"lazy\" decoding=\"async\" class=\" size-full wp-image-5651\" style=\"width: 134px; height: 120px;\" src=\"http:\/\/www.fnm.um.si\/wp-content\/uploads\/2015\/04\/DSCN5098-001.JPG\" alt=\"\" width=\"1000\" height=\"895\" srcset=\"https:\/\/www.fnm.um.si\/wp-content\/uploads\/2015\/04\/DSCN5098-001.JPG 1000w, https:\/\/www.fnm.um.si\/wp-content\/uploads\/2015\/04\/DSCN5098-001-300x269.jpg 300w, https:\/\/www.fnm.um.si\/wp-content\/uploads\/2015\/04\/DSCN5098-001-768x687.jpg 768w\" sizes=\"(max-width: 1000px) 100vw, 1000px\" \/>\u00a0\u00a0\u00a0\u00a0 <img loading=\"lazy\" decoding=\"async\" class=\" size-full wp-image-5652\" style=\"width: 80px; height: 120px;\" src=\"http:\/\/www.fnm.um.si\/wp-content\/uploads\/2015\/04\/DSCN5103.JPG\" alt=\"\" width=\"669\" height=\"1000\" srcset=\"https:\/\/www.fnm.um.si\/wp-content\/uploads\/2015\/04\/DSCN5103.JPG 669w, https:\/\/www.fnm.um.si\/wp-content\/uploads\/2015\/04\/DSCN5103-201x300.jpg 201w\" sizes=\"(max-width: 669px) 100vw, 669px\" \/>\u00a0\u00a0\u00a0\u00a0 <img loading=\"lazy\" decoding=\"async\" class=\" size-full wp-image-5653\" style=\"width: 180px; height: 120px;\" src=\"http:\/\/www.fnm.um.si\/wp-content\/uploads\/2015\/04\/DSCN5126.JPG\" alt=\"\" width=\"1000\" height=\"665\" srcset=\"https:\/\/www.fnm.um.si\/wp-content\/uploads\/2015\/04\/DSCN5126.JPG 1000w, https:\/\/www.fnm.um.si\/wp-content\/uploads\/2015\/04\/DSCN5126-300x200.jpg 300w, https:\/\/www.fnm.um.si\/wp-content\/uploads\/2015\/04\/DSCN5126-768x511.jpg 768w, https:\/\/www.fnm.um.si\/wp-content\/uploads\/2015\/04\/DSCN5126-272x182.jpg 272w\" sizes=\"(max-width: 1000px) 100vw, 1000px\" \/><\/p>\n<p style=\"margin-left: 17.85pt; text-align: center;\"><img loading=\"lazy\" decoding=\"async\" class=\" size-full wp-image-5654\" style=\"width: 90px; height: 120px;\" src=\"http:\/\/www.fnm.um.si\/wp-content\/uploads\/2015\/04\/DSCN5114.JPG\" alt=\"\" width=\"750\" height=\"1000\" srcset=\"https:\/\/www.fnm.um.si\/wp-content\/uploads\/2015\/04\/DSCN5114.JPG 750w, https:\/\/www.fnm.um.si\/wp-content\/uploads\/2015\/04\/DSCN5114-225x300.jpg 225w\" sizes=\"(max-width: 750px) 100vw, 750px\" \/>\u00a0\u00a0\u00a0\u00a0 <img loading=\"lazy\" decoding=\"async\" class=\" size-full wp-image-5655\" style=\"width: 80px; height: 120px;\" src=\"http:\/\/www.fnm.um.si\/wp-content\/uploads\/2015\/04\/DSCN5151.JPG\" alt=\"\" width=\"664\" height=\"1000\" srcset=\"https:\/\/www.fnm.um.si\/wp-content\/uploads\/2015\/04\/DSCN5151.JPG 664w, https:\/\/www.fnm.um.si\/wp-content\/uploads\/2015\/04\/DSCN5151-199x300.jpg 199w\" sizes=\"(max-width: 664px) 100vw, 664px\" \/>\u00a0\u00a0\u00a0\u00a0 <img loading=\"lazy\" decoding=\"async\" class=\" size-full wp-image-5656\" style=\"width: 180px; height: 120px;\" src=\"http:\/\/www.fnm.um.si\/wp-content\/uploads\/2015\/04\/DSCN5172.JPG\" alt=\"\" width=\"1000\" height=\"666\" srcset=\"https:\/\/www.fnm.um.si\/wp-content\/uploads\/2015\/04\/DSCN5172.JPG 1000w, https:\/\/www.fnm.um.si\/wp-content\/uploads\/2015\/04\/DSCN5172-300x200.jpg 300w, https:\/\/www.fnm.um.si\/wp-content\/uploads\/2015\/04\/DSCN5172-768x511.jpg 768w, https:\/\/www.fnm.um.si\/wp-content\/uploads\/2015\/04\/DSCN5172-272x182.jpg 272w\" sizes=\"(max-width: 1000px) 100vw, 1000px\" \/>\u00a0\u00a0\u00a0\u00a0 <img loading=\"lazy\" decoding=\"async\" class=\" size-full wp-image-5657\" style=\"width: 180px; height: 120px;\" src=\"http:\/\/www.fnm.um.si\/wp-content\/uploads\/2015\/04\/DSCN5177.JPG\" alt=\"\" width=\"1000\" height=\"667\" srcset=\"https:\/\/www.fnm.um.si\/wp-content\/uploads\/2015\/04\/DSCN5177.JPG 1000w, https:\/\/www.fnm.um.si\/wp-content\/uploads\/2015\/04\/DSCN5177-300x200.jpg 300w, https:\/\/www.fnm.um.si\/wp-content\/uploads\/2015\/04\/DSCN5177-768x512.jpg 768w, https:\/\/www.fnm.um.si\/wp-content\/uploads\/2015\/04\/DSCN5177-272x182.jpg 272w\" sizes=\"(max-width: 1000px) 100vw, 1000px\" \/><\/p>\n","protected":false},"excerpt":{"rendered":"<p>Senat Fakultete za naravoslovje in matematiko Univerze v Mariboru je 7. april dolo\u010dil za Dan Fakultete za naravoslovje in matematiko Univerze v Mariboru (Dan FNM UM). Dan FNM UM smo letos obele\u017eili prvi\u010d, in sicer na dan, ko je leta 2006 pri\u010del veljati Odlok Dr\u017eavnega zbora RS o preoblikovanju UM. Ta je omogo\u010dil ustanovitev Fakultete [&hellip;]<\/p>\n","protected":false},"author":1,"featured_media":5632,"parent":2,"menu_order":29,"comment_status":"closed","ping_status":"closed","template":"","meta":{"_et_pb_use_builder":"","_et_pb_old_content":"","_et_gb_content_width":"","footnotes":""},"class_list":["post-5658","page","type-page","status-publish","has-post-thumbnail","hentry"],"publishpress_future_workflow_manual_trigger":{"enabledWorkflows":[]},"_links":{"self":[{"href":"https:\/\/www.fnm.um.si\/index.php\/wp-json\/wp\/v2\/pages\/5658","targetHints":{"allow":["GET"]}}],"collection":[{"href":"https:\/\/www.fnm.um.si\/index.php\/wp-json\/wp\/v2\/pages"}],"about":[{"href":"https:\/\/www.fnm.um.si\/index.php\/wp-json\/wp\/v2\/types\/page"}],"author":[{"embeddable":true,"href":"https:\/\/www.fnm.um.si\/index.php\/wp-json\/wp\/v2\/users\/1"}],"replies":[{"embeddable":true,"href":"https:\/\/www.fnm.um.si\/index.php\/wp-json\/wp\/v2\/comments?post=5658"}],"version-history":[{"count":2,"href":"https:\/\/www.fnm.um.si\/index.php\/wp-json\/wp\/v2\/pages\/5658\/revisions"}],"predecessor-version":[{"id":8116,"href":"https:\/\/www.fnm.um.si\/index.php\/wp-json\/wp\/v2\/pages\/5658\/revisions\/8116"}],"up":[{"embeddable":true,"href":"https:\/\/www.fnm.um.si\/index.php\/wp-json\/wp\/v2\/pages\/2"}],"wp:featuredmedia":[{"embeddable":true,"href":"https:\/\/www.fnm.um.si\/index.php\/wp-json\/wp\/v2\/media\/5632"}],"wp:attachment":[{"href":"https:\/\/www.fnm.um.si\/index.php\/wp-json\/wp\/v2\/media?parent=5658"}],"curies":[{"name":"wp","href":"https:\/\/api.w.org\/{rel}","templated":true}]}}