{"id":51,"date":"2010-09-17T12:28:33","date_gmt":"2010-09-17T12:28:33","guid":{"rendered":"http:\/\/164.8.33.101\/index.php\/2010\/09\/17\/center-za-vseivljenjsko-uenje\/"},"modified":"2023-01-18T13:44:23","modified_gmt":"2023-01-18T11:44:23","slug":"center-za-vseivljenjsko-uenje","status":"publish","type":"page","link":"https:\/\/www.fnm.um.si\/index.php\/predstavitev-tudija\/center-za-vseivljenjsko-uenje\/","title":{"rendered":"Center za vse\u017eivljenjsko u\u010denje"},"content":{"rendered":"<h2><span data-scaytid=\"3\" data-scayt_word=\"Stalno\">Stalno<\/span> <span data-scaytid=\"4\" data-scayt_word=\"strokovno\">strokovno<\/span> <span data-scaytid=\"5\" data-scayt_word=\"izpopolnjevanje\">izpopolnjevanje<\/span><\/h2>\n<table class=\"mceItemTable\" style=\"height: 333px; width: 100%;\" border=\"0\">\n<tbody>\n<tr class=\"tr2\">\n<td style=\"width: 117.594px;\"><span style=\"color: #000000;\">Naslov:<\/span><\/td>\n<td style=\"width: 232.406px;\"><span style=\"color: #000000;\">Center za vse\u017eivljenjsko u\u010denje<\/span><br \/>\n<span style=\"color: #000000;\"> Fakulteta za naravoslovje in matematiko<\/span><br \/>\n<span style=\"color: #000000;\"> Koro\u0161ka cesta 160<\/span><br \/>\n<span style=\"color: #000000;\"> 2000 Maribor<\/span><\/td>\n<\/tr>\n<tr class=\"tr1\">\n<td style=\"width: 117.594px;\"><span style=\"color: #000000;\">Vodja centra:<\/span><\/td>\n<td style=\"width: 232.406px;\"><span style=\"color: #000000;\">Tamara Korade<\/span><\/td>\n<\/tr>\n<tr class=\"tr2\">\n<td style=\"width: 117.594px;\"><span style=\"color: #000000;\">URADNE URE <\/span><span style=\"color: #000000;\">v pisarni<\/span><\/td>\n<td style=\"width: 232.406px;\"><span style=\"color: #000000;\">po dogovoru<\/span><\/td>\n<\/tr>\n<tr class=\"tr1\">\n<td style=\"width: 117.594px;\"><span style=\"color: #000000;\">Pisarna:<\/span><\/td>\n<td style=\"width: 232.406px;\"><span style=\"color: #000000;\">Dekanat<\/span><\/td>\n<\/tr>\n<tr class=\"tr2\">\n<td style=\"width: 117.594px;\"><span style=\"color: #000000;\">Telefon:<\/span><\/td>\n<td style=\"width: 232.406px;\"><span style=\"color: #000000;\">02\/2293 831<\/span><\/td>\n<\/tr>\n<tr class=\"tr2\">\n<td style=\"width: 117.594px;\"><span style=\"color: #000000;\">E-naslov:<\/span><\/td>\n<td style=\"width: 232.406px;\"><span style=\"color: #000000;\"><a style=\"color: #000000;\" href=\"mailto:cvu.fnm@uni-mb.si\">cvu.fnm@um.si\u00a0<\/a><\/span><\/td>\n<\/tr>\n<\/tbody>\n<\/table>\n<h2>Ponudba programov v \u0161olskem letu 2022\/2023:<\/h2>\n<ul style=\"list-style-type: square;\">\n<li style=\"text-align: left;\"><span style=\"font-size: 14px; color: #003366;\"><strong><a style=\"color: #003366;\" href=\"http:\/\/www.fnm.um.si\/index.php\/predstavitev-tudija\/center-za-vseivljenjsko-uenje\/izp-programi-za-izpopolnjevanje-izobrazbe-2\/\"><span style=\"text-decoration: underline;\">Pou\u010devanje predmeta Naravoslovje v 6. in 7. razredu osnovne \u0161ole<\/span><\/a><\/strong><\/span><\/li>\n<li><span style=\"color: #003366;\">[V PRIPRAVI!!!] <strong>Koordinator informacijskih dejavnosti<\/strong> -&gt; <a href=\"https:\/\/forms.office.com\/r\/zSr2BL43kd\">INFORMATIVNE PRIJAVE \u017dE SPREJEMAMO <u>(<\/u>link<u>)<\/u><\/a><\/span><\/li>\n<\/ul>\n<p>&#8212;&#8212;&#8212;&#8212;&#8212;&#8212;&#8212;&#8212;&#8212;&#8212;&#8212;&#8212;&#8212;&#8212;&#8211;<\/p>\n<p><span style=\"color: #000000;\"><u>Za zaposlene v sistemu vzgoje in izobra\u017eevanja:<\/u><\/span><\/p>\n<p><span style=\"color: #000000;\">Od \u0161olskega leta 2015\/2016 je Ministrstvo za izobra\u017eevanje, znanost in \u0161port spremenilo pravila prijave na seminarje in programe izobra\u017eevanja. Na izobra\u017eevanje vas lahko <strong>prijavi le va\u0161\/-a ravnatelj\/-ica <\/strong><strong>oz. <\/strong>poobla\u0161\u010dena oseba VIZ. Ob prijavi \u0161ola nima nobenih finan\u010dnih obveznosti do va\u0161ega izobra\u017eevanja, ampak le zagotavljajo, da so seznanjeni z va\u0161im izobra\u017eevanjem in da vam omogo\u010dijo morebitne slu\u017ebene odsotnosti.<\/span><\/p>\n<p><span style=\"color: #000000;\">Prijave na seminarje in izobra\u017eevanja se nahajajo na:<\/span> <a href=\"https:\/\/lim3.mss.edus.si\/katis\/Uvodna.aspx\">https:\/\/lim3.mss.edus.si\/katis\/Uvodna.aspx<\/a><\/p>\n<p><span style=\"color: #000000;\">\u010ce imate pri prijavi te\u017eave, se obrnite na: <\/span><span style=\"color: #000000;\">Vida Trilar 01 4005 233 <span style=\"text-decoration: underline;\">ali<\/span> na e-naslov<\/span>\u00a0<a href=\"mailto:katis.mizs@gov.si\">katis.mizs@gov.si<\/a><\/p>\n<p><span style=\"color: #000000;\">Programov izpolnjevanja se<u> lahko udele\u017eite tudi kandidati, ki niste zaposleni v sistemu vzgoje in izobra\u017eevanja.<\/u> \u010ce se \u017eelite prijaviti, le-to sporo\u010dite preko e-po\u0161te: cvu.fnm@um.si.<\/span><\/p>\n","protected":false},"excerpt":{"rendered":"<p>Stalno strokovno izpopolnjevanje Naslov: Center za vse\u017eivljenjsko u\u010denje Fakulteta za naravoslovje in matematiko Koro\u0161ka cesta 160 2000 Maribor Vodja centra: Tamara Korade URADNE URE v pisarni po dogovoru Pisarna: Dekanat Telefon: 02\/2293 831 E-naslov: cvu.fnm@um.si\u00a0 Ponudba programov v \u0161olskem letu 2022\/2023: Pou\u010devanje predmeta Naravoslovje v 6. in 7. razredu osnovne \u0161ole [V PRIPRAVI!!!] Koordinator informacijskih [&hellip;]<\/p>\n","protected":false},"author":7,"featured_media":0,"parent":50,"menu_order":456,"comment_status":"closed","ping_status":"closed","template":"","meta":{"_et_pb_use_builder":"","_et_pb_old_content":"","_et_gb_content_width":"","footnotes":""},"class_list":["post-51","page","type-page","status-publish","hentry"],"publishpress_future_workflow_manual_trigger":{"enabledWorkflows":[]},"_links":{"self":[{"href":"https:\/\/www.fnm.um.si\/index.php\/wp-json\/wp\/v2\/pages\/51","targetHints":{"allow":["GET"]}}],"collection":[{"href":"https:\/\/www.fnm.um.si\/index.php\/wp-json\/wp\/v2\/pages"}],"about":[{"href":"https:\/\/www.fnm.um.si\/index.php\/wp-json\/wp\/v2\/types\/page"}],"author":[{"embeddable":true,"href":"https:\/\/www.fnm.um.si\/index.php\/wp-json\/wp\/v2\/users\/7"}],"replies":[{"embeddable":true,"href":"https:\/\/www.fnm.um.si\/index.php\/wp-json\/wp\/v2\/comments?post=51"}],"version-history":[{"count":21,"href":"https:\/\/www.fnm.um.si\/index.php\/wp-json\/wp\/v2\/pages\/51\/revisions"}],"predecessor-version":[{"id":42918,"href":"https:\/\/www.fnm.um.si\/index.php\/wp-json\/wp\/v2\/pages\/51\/revisions\/42918"}],"up":[{"embeddable":true,"href":"https:\/\/www.fnm.um.si\/index.php\/wp-json\/wp\/v2\/pages\/50"}],"wp:attachment":[{"href":"https:\/\/www.fnm.um.si\/index.php\/wp-json\/wp\/v2\/media?parent=51"}],"curies":[{"name":"wp","href":"https:\/\/api.w.org\/{rel}","templated":true}]}}