{"id":4185,"date":"2014-02-17T00:00:00","date_gmt":"2014-02-17T00:00:00","guid":{"rendered":"http:\/\/164.8.33.101\/index.php\/2014\/02\/17\/obrazci-2\/"},"modified":"2022-06-06T13:09:58","modified_gmt":"2022-06-06T11:09:58","slug":"obrazci-2","status":"publish","type":"page","link":"https:\/\/www.fnm.um.si\/index.php\/predstavitev-tudija\/tudijski-programi-2\/obrazci-2\/","title":{"rendered":"Obrazci"},"content":{"rendered":"<ul>\n<li><a href=\"https:\/\/www.fnm.um.si\/wp-content\/uploads\/2022\/06\/VLOGA-ZA-UGOTOVITEV-ZAKLJUCENEGA-STUDIJA.docx\">Vloga za ugotovitev zaklju\u010denega diplomskega \u0161tudija<\/a><\/li>\n<li><a href=\"https:\/\/www.fnm.um.si\/wp-content\/uploads\/2022\/06\/PRIORITETA-STROKOVNEGA-NASLOVA.docx\">Izjava &#8211; Prioriteta zapisa strokovnega naslova<\/a><\/li>\n<\/ul>\n<p>Obrazci za zaklju\u010dek \u0161tudija na EMAG \u0161tudijskem programu se nahajano na <span style=\"font-size: 12pt;\"><strong><a href=\"https:\/\/www.fnm.um.si\/index.php\/predstavitev-tudija\/podiplomski-tudijski-programi\/obrazci-in-navodila\/\">TEJ POVEZAVI.<\/a><\/strong><\/span><\/p>\n<h2><\/h2>\n<h2>Zaklju\u010dek dodiplomskega \u0161tudija na \u0161tudijskih programih 1. stopnje<\/h2>\n<ul>\n<li><a href=\"https:\/\/www.fnm.um.si\/wp-content\/uploads\/2020\/05\/NAVODILA-ZA-ZAKLJUCEK-FNM-UM-v3.pdf\">Postopki zaklju\u010dka \u0161tudija na daljavo<\/a><\/li>\n<li><a href=\"https:\/\/www.fnm.um.si\/wp-content\/uploads\/2022\/06\/Navodila-za-zakljucek-studija-FNM-_1-2-in-EMAG.docx\">Navodila o zaklju\u010dku \u0161tudija na \u0161tudijskih programih 1. stopnje in postopku priprave in zagovora magistrskega dela na \u0161tudijskih programih 2. stopnje FNM UM <\/a><a href=\"https:\/\/www.fnm.um.si\/wp-content\/uploads\/2020\/05\/NAVODILA-ZA-ZAKLJUCEK-FNM-UM-v3.pdf\"> &#8211; <span style=\"color: #ff0000;\"><strong>NOVO!<\/strong><\/span><\/a><\/li>\n<li><a href=\"https:\/\/www.fnm.um.si\/wp-content\/uploads\/2019\/05\/Skupne-predloge-za-pripravo-zakljucnih-del-na-UM-prejete-iz-UM_9_1_2019.pdf\">Smernice za pripravo zaklju\u010dnih del na UM<\/a><\/li>\n<li><a href=\"http:\/\/www.fnm.um.si\/wp-content\/uploads\/2014\/02\/Anketa-o-zadovoljstvu-s-studijem.pdf\" target=\"_blank\" rel=\"noopener\">\u0160tudentska anketa o zadovoljstvu s \u0161tudijem<\/a><\/li>\n<\/ul>\n<h2>Pravilniki<\/h2>\n<ul>\n<li><a href=\"https:\/\/www.fnm.um.si\/wp-content\/uploads\/2022\/02\/Pravilnik-o-postopku-priprave-in-zagovora-zakljucnega-dela-na-studijskih-programih-prve-in-druge-stopnje-Univerze-v-Mariboru-ura.pdf\">Pravilnik o postopku priprave in zagovora zaklju\u010dnega dela na \u0161tudijskih programih prve in druge stopnje Univerze v Mariboru<\/a> &#8211; <strong><span style=\"color: #ff0000;\">NOVO<\/span><\/strong><\/li>\n<\/ul>\n","protected":false},"excerpt":{"rendered":"<p>Vloga za ugotovitev zaklju\u010denega diplomskega \u0161tudija Izjava &#8211; Prioriteta zapisa strokovnega naslova Obrazci za zaklju\u010dek \u0161tudija na EMAG \u0161tudijskem programu se nahajano na TEJ POVEZAVI. Zaklju\u010dek dodiplomskega \u0161tudija na \u0161tudijskih programih 1. stopnje Postopki zaklju\u010dka \u0161tudija na daljavo Navodila o zaklju\u010dku \u0161tudija na \u0161tudijskih programih 1. stopnje in postopku priprave in zagovora magistrskega dela na [&hellip;]<\/p>\n","protected":false},"author":1,"featured_media":0,"parent":138,"menu_order":157,"comment_status":"closed","ping_status":"closed","template":"","meta":{"_et_pb_use_builder":"","_et_pb_old_content":"","_et_gb_content_width":"","footnotes":""},"class_list":["post-4185","page","type-page","status-publish","hentry"],"publishpress_future_workflow_manual_trigger":{"enabledWorkflows":[]},"_links":{"self":[{"href":"https:\/\/www.fnm.um.si\/index.php\/wp-json\/wp\/v2\/pages\/4185","targetHints":{"allow":["GET"]}}],"collection":[{"href":"https:\/\/www.fnm.um.si\/index.php\/wp-json\/wp\/v2\/pages"}],"about":[{"href":"https:\/\/www.fnm.um.si\/index.php\/wp-json\/wp\/v2\/types\/page"}],"author":[{"embeddable":true,"href":"https:\/\/www.fnm.um.si\/index.php\/wp-json\/wp\/v2\/users\/1"}],"replies":[{"embeddable":true,"href":"https:\/\/www.fnm.um.si\/index.php\/wp-json\/wp\/v2\/comments?post=4185"}],"version-history":[{"count":23,"href":"https:\/\/www.fnm.um.si\/index.php\/wp-json\/wp\/v2\/pages\/4185\/revisions"}],"predecessor-version":[{"id":38963,"href":"https:\/\/www.fnm.um.si\/index.php\/wp-json\/wp\/v2\/pages\/4185\/revisions\/38963"}],"up":[{"embeddable":true,"href":"https:\/\/www.fnm.um.si\/index.php\/wp-json\/wp\/v2\/pages\/138"}],"wp:attachment":[{"href":"https:\/\/www.fnm.um.si\/index.php\/wp-json\/wp\/v2\/media?parent=4185"}],"curies":[{"name":"wp","href":"https:\/\/api.w.org\/{rel}","templated":true}]}}