{"id":40166,"date":"2022-10-18T13:52:53","date_gmt":"2022-10-18T11:52:53","guid":{"rendered":"https:\/\/www.fnm.um.si\/?page_id=40166"},"modified":"2025-06-05T08:53:57","modified_gmt":"2025-06-05T06:53:57","slug":"noo-projekti","status":"publish","type":"page","link":"https:\/\/www.fnm.um.si\/index.php\/noo-projekti\/","title":{"rendered":"NOO projekti"},"content":{"rendered":"<p><strong>NOO PROJEKTI<\/strong><\/p>\n<p>NOO, Eksperimentalni in pilotni projekti \u2013 Razvoj in krepitev kompetenc za trajnostni razvoj in finan\u010dno pismenost, Sklop 1, EN-VIR-GO, sofinancirata Republika Slovenija in Evropska unija \/ Next Generation EU), 14.5.2025 \u2013 30. 6. 2026, vodja projekta: dr. Andrej Flogie<\/p>\n<p>NOO, Eksperimentalni in pilotni projekti \u2013 Razvoj in krepitev kompetenc za trajnostni razvoj in finan\u010dno pismenost, Sklop 2, FINA-PISMA, sofinancirata Republika Slovenija in Evropska unija \/ Next Generation EU), 14.5.2025 \u2013 30. 6. 2026, vodja projekta: dr. Andrej Flogie<\/p>\n<p>NOO, Digitalno fit VIZ \u2013 DigFit (JR Razvoj digitalnih kompetenc in temeljnih znanj ra\u010dunalni\u0161tva in informatike 2024 \u2013 2026). Sofinancirata RS MVI in Evropska unija \/ Next Generation EU, 1. 9. 2024 \u2013 30. 6. 2026, vodja projekta: dr. Boris Aber\u0161ek.<\/p>\n<p>NOO, Inovacija ra\u010dunalni\u0161tva in informatike za otroke \u2013 RINOvacija (JR Razvoj digitalnih kompetenc in temeljnih znanj ra\u010dunalni\u0161tva in informatike 2024 \u2013 2026). Sofinancirata RS MVI in Evropska unija \/ Next Generation EU, 1. 9. 2024 \u2013 30. 6. 2026, vodja projekta: dr. Boris Aber\u0161ek.<\/p>\n<p>NOO, Digitalne kompetence za podro\u010dje posebnih potreb &#8211; DigiComp PP (JR Razvoj digitalnih kompetenc in temeljnih znanj ra\u010dunalni\u0161tva in informatike 2024 \u2013 2026 \/ Sk. 2). Sofinancirata RS MVI in Evropska unija \/ Next Generation EU, 1. 9. 2024 \u2013 30. 6. 2026, vodja projekta: dr. Boris Aber\u0161ek.<\/p>\n<p>NOO, Digitalna transformacija izobra\u017eevanja za trajnostno prihodnost \u2013 u\u010denci, trajnost, RIN kot izziv &#8211; UTRINKI (JR Razvoj digitalnih kompetenc in temeljnih znanj ra\u010dunalni\u0161tva in informatike 2024 \u2013 2026 \/ Sk. 3). Sofinancirata RS MVI in Evropska unija \/ Next Generation EU, 1. 9. 2024 \u2013 30. 6. 2026, vodja projekta: dr. Boris Aber\u0161ek.<\/p>\n<p>NOO, projekt RA\u010cek (JR Razvoj ra\u010dunalni\u0161kega mi\u0161ljenja z vklju\u010devanjem STEM kompletov v vrtcih in osnovnih \u0161olah od 1. do 5. razreda). Vodilni partner: UP PeF. Sofinancirata RS MVI in Evropska unija \/ Next Generation EU, 1. 9. 2024 \u2013 30. 6. 2026, vodja projekta: dr. Andrej Flogie.<\/p>\n<p>NOO pilotni projekt Posodobitev pedago\u0161kih \u0161tudijskih programov (projekt financira Evropska unija -NextGeneration EU), 1. 1. 2024 \u2013 30. 6. 2026, vodja projekta: dr. Robert Repnik<\/p>\n<p>NOO, Eksperimentalni projekti &#8211; Celovit razvoj digitalnih kompetenc in temeljnih znanj ra\u010dunalni\u0161tva in informatike, Razvoj digitalnih kompetenc v podporo u\u010denju in \u017eivljenju, sofinancirata Republika Slovenija in Evropska unija \/ Next Generation EU), 1. 10. 2023 \u2013 30. 6. 2026, vodja projekta: ddr. Boris Aber\u0161ek<\/p>\n<p>NOO pilotni projekt FNM-FGPA (Naravoslovno-matemati\u010dne vsebine pri razvoju digitalnih kompetenc, sofinancirata Republika Slovenija in Evropska unija), 1. 9. 2022 \u2013 31. 8. 2025, vodja projekta: doc. dr. Eva Klemen\u010di\u010d.<\/p>\n<p>NOO, Eksperimentalni projekti &#8211; celovit razvoj digitalnih kompetenc in temeljnih znanj ra\u010dunalni\u0161tva in informatike, Inovativna pedagogika 5.0, sofinancirata Republika Slovenija in Evropska unija \/ Next Generation EU), 1. 9. 2023 \u2013 30. 6. 2026, vodja projekta: ddr. Boris Aber\u0161ek.<\/p>\n<p>&nbsp;<\/p>\n<p><strong>Multiplikatorski obiski zaposlenih FNM UM<br \/>\n<\/strong>Na podlagi razpisa za multiplikatorstvo v okviru NOO projekta <em>U\u010dinkovito izobra\u017eevanje za zeleni in digitalni prehod<\/em> na tej strani objavljamo seznam izvedenih multiplikatorskih obiskov zaposlenih na Fakulteti za naravoslovje in matematiko UM.<br \/>\nObiski so bili namenjeni pridobivanju znanja in dobrih praks s podro\u010dij zelenega in digitalnega prehoda ter prenosu le-tega na sodelavce in \u0161tudente.<br \/>\nProjekt sofinancirata Republika Slovenija, Ministrstvo za visoko \u0161olstvo, znanost in inovacije, in Evropska unija \u2013 NextGenerationEU.<\/p>\n<p><strong>Seznam izvedenih obiskov:<br \/>\n<\/strong>Dr. Janja Majer Kova\u010di\u010d, konferenca ACS FALL 2024 \u2013 Elevating Chemistry, Denver (ZDA), 18.-22.8.2024.<br \/>\nDr. Eva Klemen\u010di\u010d, The Institute of NanoSciences of Paris, Pariz (Francija), 1.-30.6.2024.<br \/>\nDr. Peter Kozel, konferenca 26th International Conference on Subterranean Biology, Cagliari (Sardinija), 9.-14.9.2024.<br \/>\nDr. Tadeja Vajdi\u010d, konferenca Biocat2024 International Congress on Biocatalysis, Hamburg (Nem\u010dija), 25.8.-29.8.2024<br \/>\nDr. Franc Jan\u017eekovi\u010d, Macedonian Ecological Society, Skopje (Severna Makedonija), 29.6-7.7.2024<br \/>\nDr. Franc Jan\u017eekovi\u010d, Romanian Academy, Institute of Biology, Bukare\u0161ta (Romunija), 15.6-24.6.2024<br \/>\nDr. Barbara Arcet, konferenca 19th annual International Technology, Education and Development Conference, Valencija (\u0160panija), 3.5-5.3.2025<\/p>\n<p><strong>Seznam prihodnjih obiskov<br \/>\n<\/strong>Dr. Jakob \u0160krobar, College of Education, Michigan State University, Michigan (ZDA), 5.6-18.6.2025<br \/>\nDr. Tadeja Vajdi\u010d, FEMS MICRO 2025: Congress &amp; Exhibition, (Italija), 14.7-17.7.2025<br \/>\nDr. Dejan Zemljak, konferenca 15th Canada International Conference on Education (CICE-2025), (Kanada), 22.7-24.7.2025<br \/>\nDr. Franc Jan\u017eekovi\u010d, Ss. Cyril and Methodius University in Skopje, Faculty of Natural Sciences and Mathematics, Skopje (Severna Makedonija), 27.7-9.8.2025<br \/>\nDr. Mirjana \u0160ipek, Ecology is Everywhere, (ZDA), 10.8-15.8.2025<\/p>\n","protected":false},"excerpt":{"rendered":"<p>NOO PROJEKTI NOO, Eksperimentalni in pilotni projekti \u2013 Razvoj in krepitev kompetenc za trajnostni razvoj in finan\u010dno pismenost, Sklop 1, EN-VIR-GO, sofinancirata Republika Slovenija in Evropska unija \/ Next Generation EU), 14.5.2025 \u2013 30. 6. 2026, vodja projekta: dr. Andrej Flogie NOO, Eksperimentalni in pilotni projekti \u2013 Razvoj in krepitev kompetenc za trajnostni razvoj in [&hellip;]<\/p>\n","protected":false},"author":1,"featured_media":0,"parent":0,"menu_order":0,"comment_status":"closed","ping_status":"closed","template":"","meta":{"_et_pb_use_builder":"","_et_pb_old_content":"","_et_gb_content_width":"","footnotes":""},"class_list":["post-40166","page","type-page","status-publish","hentry"],"publishpress_future_workflow_manual_trigger":{"enabledWorkflows":[]},"_links":{"self":[{"href":"https:\/\/www.fnm.um.si\/index.php\/wp-json\/wp\/v2\/pages\/40166","targetHints":{"allow":["GET"]}}],"collection":[{"href":"https:\/\/www.fnm.um.si\/index.php\/wp-json\/wp\/v2\/pages"}],"about":[{"href":"https:\/\/www.fnm.um.si\/index.php\/wp-json\/wp\/v2\/types\/page"}],"author":[{"embeddable":true,"href":"https:\/\/www.fnm.um.si\/index.php\/wp-json\/wp\/v2\/users\/1"}],"replies":[{"embeddable":true,"href":"https:\/\/www.fnm.um.si\/index.php\/wp-json\/wp\/v2\/comments?post=40166"}],"version-history":[{"count":14,"href":"https:\/\/www.fnm.um.si\/index.php\/wp-json\/wp\/v2\/pages\/40166\/revisions"}],"predecessor-version":[{"id":58213,"href":"https:\/\/www.fnm.um.si\/index.php\/wp-json\/wp\/v2\/pages\/40166\/revisions\/58213"}],"wp:attachment":[{"href":"https:\/\/www.fnm.um.si\/index.php\/wp-json\/wp\/v2\/media?parent=40166"}],"curies":[{"name":"wp","href":"https:\/\/api.w.org\/{rel}","templated":true}]}}