{"id":35979,"date":"2022-01-21T13:06:06","date_gmt":"2022-01-21T11:06:06","guid":{"rendered":"https:\/\/www.fnm.um.si\/?page_id=35979"},"modified":"2026-03-31T15:11:06","modified_gmt":"2026-03-31T13:11:06","slug":"studentski-projekti-2","status":"publish","type":"page","link":"https:\/\/www.fnm.um.si\/index.php\/studentski-projekti-2\/","title":{"rendered":"\u0160tudentski projekti"},"content":{"rendered":"<p>Inovacijski sklad za \u0161tudente v letu 2025: Bioremediacija \u2013 mikrobna re\u0161itev za onesna\u017eene zemljine, 13.2.2026-30.11.2026, pedago\u0161ki mentorici prof. dr. Marjanca Star\u010di\u010d Erjavec in asist. dr. Tadeja Vajdi\u010d, vodja \u0161tudentske ekipe Kristina Arko<\/p>\n<p>Inovacijski sklad za \u0161tudente v letu 2025: Razvoj laboratorijskega bioprocesa za proizvodnjo trajnostno obarvane bakterijske celuloze, 4.4.2025-31.12.2025, pedago\u0161ka mentorica prof. dr. Janja Tr\u010dek, vodja \u0161tudentske ekipe Igor Jugovi\u0107<\/p>\n<p>Inovacijski sklad za \u0161tudente v letu 2025: Iskanje novih antimikrobnih u\u010dinkovin talnih mikroorganizmov za boj proti patogenim bakterijam, 4.4.2025-31.12.2025, pedago\u0161ka mentorica prof. dr. Marjanca Star\u010di\u010d Erjavec, vodja \u0161tudentske ekipe Tja\u0161a Zajec<\/p>\n<p>Individualni \u0161tudentski raziskovalni izziv UM \u2013 I\u0160RI:UM; trajanje: 1.10.2024-30.9.2025; mentorici: prof. dr. Nata\u0161a Vaupoti\u010d in prof. dr. Nina \u0160ajna<\/p>\n<p><a href=\"https:\/\/www.fnm.um.si\/index.php\/2025\/05\/07\/problemsko-ucenje-studentov-v-delovno-okolje-gospodarstvo-negospodarstvo-in-neprofitni-sektor-v-lokalnem-regionalnem-okolju-2024-2027-pus-v-delovno-okolje-2024-2027\/\">Problemsko u\u010denje \u0161tudentov v delovno okolje: gospodarstvo, negospodarstvo in neprofitni sektor v lokalnem\/ regionalnem okolju 2024-2027 \/ PU\u0160 v delovno okolje 2024-2027<\/a>. Sofinancirata Republika Slovenija, Ministrstvo za visoko \u0161olstvo, znanost in inovacije in Evropska unija iz Evropskega socialnega sklada plus. Pedago\u0161ka mentorica (FNM): asist. dr. Petra Cajnko. Delovni mentorici: Simona Biro (CEROP), Martina Caf \u0160eruga (MOMS). 1.10.2024-31. 8.2025.<\/p>\n<p>Pilotne izvedbe alternativnih metod preverjanja in ocenjevanja znanja ; trajanje: 1.03.2024-30.9.2024; mentor: prof. dr. Drago Bokal<\/p>\n<p>\u0160tudentski izzivi Univerze v Mariboru \u2013 \u0160I:UM 2024: Ali vem, kam po osnovni \u0161oli grem? (SVETUJ.MI). 1.3.2024\u201330.6.2024. Sodelujo\u010di partner: Mestna ob\u010dina Murska Sobota. Pedago\u0161ka mentorica: dr. Petra Cajnko.<\/p>\n<p>Individualni \u0161tudentski raziskovalni izziv UM \u2013 I\u0160RI:UM; trajanje: 1.10.2023-30.9.2024; mentor: prof. dr. Drago Bokal<\/p>\n<p>Projektno delo za pridobitev prakti\u010dnih izku\u0161enj in znanj \u0161tudentov v delovnem okolju 2022\/2023, sklop A, \u00a0v sodelovanju z DATABITLAB, laboratorij za podatkovno analitiko in poslovno svetovanje, d.o.o., Podnebna nevtralnost, optimizacija poslovnih procesov in zrelostni modeli v tovarnah prihodnost, v trajanju od 1.3.2023 do 30.6.2023, UM prijavitelj, FNM UM nosilka projektov, pedago\u0161ka mentorja: dr. Drago Bokal in Ur\u0161ka Martinc<\/p>\n<p>Projektno delo za pridobitev prakti\u010dnih izku\u0161enj in znanj \u0161tudentov v delovnem okolju 2022\/2023, sklop B, \u00a0v sodelovanju z O\u0160 Selnica ob Dravi, Opolnomo\u010denje bodo\u010dih u\u010diteljev za spopadanje z izzivi sodobne \u0161ole, v trajanju od 1.1.2023 do 31.3.2023, UM prijavitelj, FNM UM nosilka projektov, pedago\u0161ka mentorica: dr. Mateja Ploj Virti\u010d<\/p>\n<p>Projekt \u0160I:UM 2023 (Energetski Performance) \u2013 trajanje projekta 4 mesece, 1.3.2023 \u2013 30.6.2023. Sodelujo\u010di partner: GEN energija d.o.o. Pedago\u0161ka mentorica: Mateja Ploj Virti\u010d<\/p>\n<p>PROJEKTNE NALOGE \u0160TUDENTSKI IZZIVI (\u0160I:UM) so se izvajale v okviru: Razvojnega stebra financiranja 2021-2024 (RSF 2.0), podro\u010dja: Sodelovanje z okoljem, razvojnega cilja (O-RC-1): Spodbujanje sodelovanja \u0161tudentov in potencialnih delodajalcev z namenom pridobivanja prakti\u010dnih izku\u0161enj v \u010dasu \u0161tudija in re\u0161evanja realnih izzivov okolja. Partner: Dru\u017eba za odli\u010dnost, d.o.o., 1.3.2022 \u2013 30.6.2022. Pedago\u0161ka mentorica: dr. Petra Cajnko<\/p>\n<p>Javni sklad Republike Slovenije za razvoj kadrov in \u0161tipendije (delno sredstva ESS) program \u00bbPo kreativni poti do prakti\u010dnega znanja\u00ab, UM prijavitelj, FNM UM nosilka projektov, pedago\u0161ka mentorica: dr. Karin Stana Kleinschek:<\/p>\n<p>Preu\u010devanje in razvoj pametnega tekstilnega izdelka, nosilec FNM UM, partner TITERA, tehni\u010dno inovativne tehnologije, d.o.o., 1. 3. 2020 \u2013 31. 7. 2020, pedago\u0161ki mentorji dr. Mitja Slavinec; dr. Daniela Zavec Pavlini\u010d, dr. Eva Klemen\u010di\u010d.<\/p>\n<p>Prou\u010devanje senzori\u010dnih tekstilij z vidika merilnih instrumentov, nosilec FNM UM, partner TITERA, tehni\u010dno inovativne tehnologije, d.o.o., 1. 3. 2019 \u2013 31. 7. 2019, pedago\u0161ki mentorji dr. Mitja Slavinec, dr. Bla\u017e Zmazek, dr. Eva Klemen\u010di\u010d.<\/p>\n<p>Vpeljava biotestov za analizo hormonskega statusa tujerodnih rastlin in vpliv tega statusa na invazivnost, nosilec FNM UM, partner Eurofins ERICo Slovenija d.o.o., 1. 4. 2018 \u2013 31. 8. 2018, pedago\u0161ka mentorica dr. Jana Ambro\u017ei\u010d-Dolin\u0161ek.<\/p>\n<p>Preiskovanje zunajceli\u010dnih polisaharidov ocetnokislinskih bakterij kot prehranskih dodatkov za podalj\u0161evanje obstojnosti \u017eivil, nosilec FNM UM, partnerja FKKT UM in Mlinotest \u017divilska industrija d.d., 1. 3. 2018 \u2013 31. 7. 2018, pedago\u0161ka mentorica dr. Jana Ambro\u017ei\u010d-Dolin\u0161ek.<\/p>\n<p>Razvoj in evalvacija orodja za podporo uveljaviteljem kmetijsko-okoljskih-podnebnih pla\u010dil (KOPOP), nosilec FNM UM, partnerja FF UM in TESS Tehni\u010dno projektiranje in svetovanje, 1. 4. 2018 \u2013 31. 8. 2018, pedago\u0161ki mentorji dr. Danijel Ivajn\u0161i\u010d, dr. Nata\u0161a Pipenbaher in dr. Sonja \u0160kornik.<\/p>\n<p>Preu\u010devanje pametnih tekstilnih izdelkov za uporabo v hladnem okolju, nosilec FNM UM, partnerja TITERA, tehni\u010dno inovativne tehnologije, d.o.o. in Zdru\u017eenje Pomurska akademsko znanstvena unija, 1. 4. 2018 \u2013 31. 8. 2018, pedago\u0161ki mentorji dr. Mitja Slavinec, dr. Daniela Zavec Pavlini\u010d, dr. Eva Klemen\u010di\u010d.<\/p>\n<p>24-15-5 Simulator fiziolo\u0161kih in patofiziolo\u0161kih stanj v \u010dlove\u0161kem telesu, nosilec MF UM, partner FNM UM, Percipio, razvoj in prodaja storitev, d.o.o., 1.3.2017-31.7.2017; pedago\u0161ki mentorji dr. Dean Koro\u0161ak; dr. Andra\u017e Sto\u017eer, dr. Jurij Dolen\u0161ek; dr. Marko Gosak; dr. Miljenko Kri\u017emari\u0107.<\/p>\n<p>24-15-4 Razvoj in validacija naprstnega pulznega pletizmografa za uporabo v izobra\u017eevanju, raziskovanju in klini\u010dni praksi, nosilec MF UM, partner FNM UM, FERI UM, BIOMETRIKA, upravljanje ra\u010dunalni\u0161kih naprav in sistemov, d.o.o., 1.3.2017-31.7.2017, pedago\u0161ki mentorji dr. Andra\u017e Sto\u017eer; dr. Jurij Dolen\u0161ek; dr. Marko Gosak; dr. Iztok Kramberger.<\/p>\n<p>24-08-5 Razvoj numeri\u010dnih modelov za optimizacijo inovativnih materialov pametnih fasad, nosilec FNM UM, partner FERI UM, ROTO SLOVENIJA d.o.o, Pomurska izobra\u017eevalna fundacija PIF, 1.3.2017-31.7.2017, pedago\u0161ki mentorji dr. Vladimir Grubelnik, dr. Robert Repnik, dr. Mitja Slavinec.<\/p>\n<p>24-08-4 Preu\u010devanje tekstilnih sistemov za ogrevanje \u010dloveka v hladnem okolju, nosilec FNM UM, partner FERI UM, ROTO SLOVENIJA d.o.o, Pomurska izobra\u017eevalna fundacija PIF, 1.3.2017-31.7.2017, pedago\u0161ki mentor doc. dr. Drago Bokal.<\/p>\n<p>24-08-2 Napovedovanje proizvodnje son\u010dnih elektrarn, nosilec FNM, partner Bintegra, svetovanje in IT re\u0161itve, D.O.O., ELEKTROIN\u0160TITUT MILAN VIDMAR, in\u0161titut za elektrogospodarstvo in elektroindustrijo, 1.3.2017-31.7.2017, pedago\u0161ki mentor prof. dr. Drago Bokal<\/p>\n<p>24-08-1 Preiskovanje strukture mikrobiote z namenom izbolj\u0161anja industrijske proizvodnje kisa, nosilec FNM UM, partner FKBV UM, APIS-VITA dru\u017eba za proizvodnjo d.o.o., Nacionalni laboratorij za zdravje, okolje in hrano (NLZOH), 1.3.2017-31.7.2017, pedago\u0161ki mentorji dr. Janja Tr\u010dek; dr. Jure \u0160kraban; dr. Toma\u017e Langerholc; dr. Igor Pesek; dr. Sandra Jane\u017ei\u010d.<\/p>\n<p>Pove\u010danje sprejetosti in uporabe interaktivnih vsebin na pametnih napravah, nosilec FERI UM, partner FNM UM, 1.2.2015 \u2013 31.7.2015, pedago\u0161ki mentor dr. Bo\u0161tjan \u0160umak,<\/p>\n<p>Osve\u0161\u010danje potro\u0161nikov kot dru\u017ebeno odgovoren pristop k promociji zelenih produktov in storitev, partner COSYLAB d.d. in Osnovna \u0161ola Radlje ob Dravi, 1.2.2015 \u2013 31.7.2015, pedago\u0161ki mentorji: izr. prof. dr. Drago Bokal, doc. dr. Robert Repnik, prof. dr. Sandi Klav\u017ear<\/p>\n<p>Prou\u010ditev vpliva te\u017ekih kovin in fitoremediacijski potencial nekaterih potencialno primernih rastlin, partner ERICo In\u0161titut za ekolo\u0161ke raziskave d.o.o, 1.2.2015 \u2013 31.7.2015, pedago\u0161ki mentorji: doc. dr. Jana Ambro\u017ei\u010d-Dolin\u0161ek, doc. dr. Nina \u0160ajna, doc. dr. Sonja \u0160kornik<\/p>\n<p>Preiskovanje sestave in lastnosti ocetnokislinske mikrobiote z metodo DHPLC in opti\u010dno pinceto, partner \u0160ampionka d.o.o. in Nacionalni laboratorij za zdravje, okolje in hrano (NLZOH), 1.2.2015 \u2013 31.7.2015, pedago\u0161ki mentorji: izr. prof. dr. Janja Tr\u010dek, doc. dr. Uro\u0161 Tkalec<\/p>\n<p>Posodobitev postopkov konstruiranja proti-udarnih za\u0161\u010ditnih jeklenih konstrukcij, partner FS UM in FEM CONSULTING projektiranje, in\u017eeniring, ra\u010dunalni\u0161tvo d.o.o, 1.2.2015 \u2013 31.7.2015, pedago\u0161ki mentor: doc. dr. Robert Repnik<\/p>\n<p>Razvoj numeri\u010dnih in fizikalnih modelov za virtualno vrednotenje osebne za\u0161\u010ditne opreme, partner FS UM in Titera tehni\u010dno inovativne tehnologije d.o.o ter Zdru\u017eenje Pomurska akademsko znanstvena unija \u2013 PAZU, 1.2.2015 \u2013 31.7.2015, pedago\u0161ki mentorji: doc. dr. Robert Repnik, prof. dr. Samo Kralj<\/p>\n<p>Ohranjanje ekolo\u0161kih in obvodnih obmo\u010dij s sonaravno pridelavo krme, , nosilec FKBV UM, partner FNM UM, 1.4.2014 \u2013 30.9.2014, pedago\u0161ka mentorica dr. Sonja \u0160kornik<\/p>\n<p>Projektiranje mini vetrne elektrarne z vertikalnim rotorjem, partner Kovinoplastika \u0160tefan Pavlinjek s.p.\u00a0 in sodelujo\u010da FS UM,\u00a0 1.4.2014 \u2013 30.9.2014, pedago\u0161ka mentorja dr. Robert Repnik, dr. Bla\u017e Zmazek<\/p>\n<p>Razvoj koncepta poroznih aluminijastih nosilnih elementov lahkih mobilnih konstrukcij, partner Kreativni aluminij d.o.o.in sodelujo\u010da FS UM, 17.3.2014 \u2013 30.9.2014, pedago\u0161ka mentorja dr. Robert Repnik, dr. Bla\u017e Zmazek<\/p>\n<p>Projektiranje elementov avtomatskih drsnih vrat za prehod ljudi, partner Doorson, d.o.o.in sodelujo\u010da FS UM,\u00a0 1.4.2014 \u2013 30.9.2014, pedago\u0161ki mentorji dr. Sre\u010dko Glode\u017e, dr. Mateja Ploj Virti\u010d, dr. Bla\u017e Zmazek<\/p>\n<p>Privzem te\u017ekih kovin v kulturo razli\u010dnih vodnih rastlin in njihova uporaba v strupenostnih testih, partner ERICo In\u0161titut za ekolo\u0161ke raziskave d.o.o., 1.4.2014 \u2013 30.9.2014, pedago\u0161ki mentorji dr. Jana Ambro\u017ei\u010d-Dolin\u0161ek, dr. Sonja \u0160kornik, dr. Bla\u017e Zmazek.<\/p>\n<p>Nadgradnja spletne in mobilne aplikacije mOIDom \u2013 mobilna okoljska izkaznica doma, partner COSYLAB, laboratorij za kontrolne sisteme, d.d., 1.4.2014 \u2013 30.9.2014, pedago\u0161ki mentorji dr. Drago Bokal, dr. Robert Repnik, dr. Igor Pesek, dr. Bla\u017e Zmazek<\/p>\n<p>Mikrobiota v industrijski proizvodnji kisa in njen vpliv na \u010drevesne epitelijske celice, partner \u0160ampionka d.o.o., 17.3.2014 \u2013 30.9.2014, pedago\u0161ka mentorica dr. Janja Tr\u010dek<\/p>\n<p>Re\u0161evanje problemov aplikacij grajenih s HTML5 in JavaScript, partner ISKRATEL, telekomunikacijski sistemi, d.o.o.,1.4.2014 \u2013 30.9.2014, pedago\u0161ka mentorja dr. Andrej Taranenko, dr. Bla\u017e Zmazek<\/p>\n<p>Javni sklad Republike Slovenije za razvoj kadrov in \u0161tipendije (delno sredstva ESS) program \u00bbProjektno delo z negospodarskim in neprofitnim sektorjem \u2013 \u0160tudentski inovativni projekti za dru\u017ebeno korist\u00ab, UM prijavitelj, FNM UM nosilka projektov, pedago\u0161ki mentor: dr. Robert Repnik<\/p>\n<p>Svojilni pridevniki iz prevzetih priimkov 2 \u2013 spletna aplikacija za pomo\u010d uporabnikom, nosilec FNM UM, partner Lektorsko dru\u0161tvo Slovenije, 1. 3. 2020 \u2013 30. 6. 2020; pedago\u0161ki mentor: dr. Igor Pesek<\/p>\n<p>PROJEKTI, KI VZPODBUJAJO INTERNACIONALIZACIJO VISOKEGA \u0160OLSTVA<\/p>\n<p>Ministrstvo za izobra\u017eevanje, znanost in \u0161port (delno sredstva ESS), UM izvajalec, FNM UM sodelujo\u010da: Internacionalizacija \u2013 steber razvoja UM, 1.3.2014 \u2013 30.06.2015, pedago\u0161ka mentorica dr. Stana Kleinschek Karin (FERI UM)<\/p>\n","protected":false},"excerpt":{"rendered":"<p>Inovacijski sklad za \u0161tudente v letu 2025: Bioremediacija \u2013 mikrobna re\u0161itev za onesna\u017eene zemljine, 13.2.2026-30.11.2026, pedago\u0161ki mentorici prof. dr. Marjanca Star\u010di\u010d Erjavec in asist. dr. Tadeja Vajdi\u010d, vodja \u0161tudentske ekipe Kristina Arko Inovacijski sklad za \u0161tudente v letu 2025: Razvoj laboratorijskega bioprocesa za proizvodnjo trajnostno obarvane bakterijske celuloze, 4.4.2025-31.12.2025, pedago\u0161ka mentorica prof. dr. Janja Tr\u010dek, [&hellip;]<\/p>\n","protected":false},"author":1,"featured_media":0,"parent":0,"menu_order":0,"comment_status":"closed","ping_status":"closed","template":"","meta":{"_et_pb_use_builder":"","_et_pb_old_content":"","_et_gb_content_width":"","footnotes":""},"class_list":["post-35979","page","type-page","status-publish","hentry"],"publishpress_future_workflow_manual_trigger":{"enabledWorkflows":[]},"_links":{"self":[{"href":"https:\/\/www.fnm.um.si\/index.php\/wp-json\/wp\/v2\/pages\/35979","targetHints":{"allow":["GET"]}}],"collection":[{"href":"https:\/\/www.fnm.um.si\/index.php\/wp-json\/wp\/v2\/pages"}],"about":[{"href":"https:\/\/www.fnm.um.si\/index.php\/wp-json\/wp\/v2\/types\/page"}],"author":[{"embeddable":true,"href":"https:\/\/www.fnm.um.si\/index.php\/wp-json\/wp\/v2\/users\/1"}],"replies":[{"embeddable":true,"href":"https:\/\/www.fnm.um.si\/index.php\/wp-json\/wp\/v2\/comments?post=35979"}],"version-history":[{"count":19,"href":"https:\/\/www.fnm.um.si\/index.php\/wp-json\/wp\/v2\/pages\/35979\/revisions"}],"predecessor-version":[{"id":63243,"href":"https:\/\/www.fnm.um.si\/index.php\/wp-json\/wp\/v2\/pages\/35979\/revisions\/63243"}],"wp:attachment":[{"href":"https:\/\/www.fnm.um.si\/index.php\/wp-json\/wp\/v2\/media?parent=35979"}],"curies":[{"name":"wp","href":"https:\/\/api.w.org\/{rel}","templated":true}]}}