{"id":35974,"date":"2022-01-21T13:02:15","date_gmt":"2022-01-21T11:02:15","guid":{"rendered":"https:\/\/www.fnm.um.si\/?page_id=35974"},"modified":"2025-09-26T09:46:56","modified_gmt":"2025-09-26T07:46:56","slug":"aplikativni-projekti","status":"publish","type":"page","link":"https:\/\/www.fnm.um.si\/index.php\/aplikativni-projekti\/","title":{"rendered":"Aplikativni in tr\u017eni projekti"},"content":{"rendered":"<p><em>FNM UM izvaja aplikativne projekte za potrebe gospodarstva kakor tudi za potrebe negospodarstva, \u0161e posebej za podro\u010dje izobra\u017eevanja. Aplikativni projekti FNM UM so navedeni na na\u010din: financer, ime projekta, nosilec ter trajanje projekta. Projekti, ki so se izvajali oz. se izvajajo na FNM UM so:<\/em><\/p>\n<p>NEPO in\u017eeniring, gradbene in okoljske re\u0161itve ter storitve d.o.o., Izvedba popisa hro\u0161\u010dov na obmo\u010dju Preddvora; \u010crni kosec, Roga\u010d, Buckov kozli\u010dek in Mo\u010dvirski kre\u0161i\u010d, Dr. Jan Podlesnik, 10.6.2025 \u2013 30.9.2025<\/p>\n<p>Ministrstvo za digitalno preobrazbo, <em>Mini akademija UM: digitalne kompetence otrok in mladine<\/em>, dr. Marjanca Star\u010di\u010d Erjavec, 1.6.2025-20.11.2026<\/p>\n<p>Zavod Republike Slovenije za varstvo narave, Popis brazilskega rmanca (<em>Myriophyllum aquaticum<\/em>) v potoku \u010crnec, od izvira do izliva v Ledavo, Dr. Nina \u0160ajna, 20.12.2024 &#8211; 5.3.2025<\/p>\n<p>NEPO in\u017eeniring, gradbene in okoljske re\u0161itve ter storitve d.o.o., Priprava elaborata presaditve orhidej ter fizi\u010dna presaditev orhidej na lokaciji HE Formin, Dr. Igor Pau\u0161i\u010d, 10.4.2025 \u2013 30.6.2025<\/p>\n<p>Dru\u0161tvo za opazovanje in prou\u010devanje ptic Slovenije (DOPPS); Kartiranje habitatnih tipov v braki\u010dni laguni Naravnega rezervata \u0160kocjanski zatok v okviru projekta ReCo \u2013 Restore to Connect (Program Interreg Srednja Evropa 2021 \u2013 2027); dr. Mitja Kaligari\u010d; 1. 9. 2024 \u2012 31. 12. 2025.<\/p>\n<p>NEPO in\u017eeniring, gradbene in okoljske re\u0161itve ter storitve d.o.o., Izvedba popisa izbranih rastlinskih vrst ter habitatov na obmo\u010dju jezera Dru\u017emirje pri \u0160o\u0161tanju, dr. Igor Pau\u0161i\u010d, 1. 6.-31. 7. 2024<\/p>\n<p>NEPO in\u017eeniring, gradbene in okoljske re\u0161itve ter storitve d.o.o., Popis prisotnosti hro\u0161\u010da roga\u010da (<em>Lucanus cervus<\/em>) na obmo\u010dju \u0161iritve obstoje\u010de cone L8 Brnik (SD OPN \u0161t. 8) v ob\u010dini \u0160en\u010dur, dr. Jan Podlesnik, 8. 7.-1. 9. 2024<\/p>\n<p>NEPO in\u017eeniring, gradbene in okoljske re\u0161itve ter storitve d.o.o., Popis izbranih vrst hro\u0161\u010dev za potrebe izdelave DPN VE Rogatec in izvedbe celovite presoje vplivov na okolje, dr. Jan Podlesnik, 25. 5. 2022-31. 5. 2024<\/p>\n<p>NEPO in\u017eeniring, gradbene in okoljske re\u0161itve ter storitve d.o.o., Izvedba popisa izbranih rastlinskih vrst na obmo\u010dju srednje Save, dr. Igor Pau\u0161i\u010d, 25. 4.-15. 6. 2024<\/p>\n<p>Univerza v Ljubljani, Biotehni\u0161ka fakulteta, Priprave in strokovni pregled \u0161tudijskih gradiv na podro\u010dju ohranjanja habitatnih tipov in rastlinskih vrst, dr. Mitja Kaligari\u010d, 19. 11. 2023 \u2013 15. 1. 2024<\/p>\n<p>Heineken, Izolacija novih bakterijskih sevov rodu Acetobacter in njihova taksonomska opredelitev do nivoja vrste (Heineken), dr. Janja Tr\u010dek, 1. 5. 2023 &#8211; 31. 5. 2024.<\/p>\n<p>Talum d.d., Analiza in ocena stanja habitatnih tipov ter izbranih rastlinskih in \u017eivalskih vrst na obmo\u010dju industrijskega kompleksa TALUM Tovarna aluminija d.d. Kidri\u010devo, dr. Peter Kozel, 2023.<\/p>\n<p>Umetni\u0161ko poustvarjanje Simon \u0160imat, s.p., Razvoj spletne aplikacije z delovnim naslovom Sound Elements Maker, doc. dr. Rene Markovi\u010d, 14. 7. 2023\u00a0 &#8211; 31. 8. 2023<\/p>\n<p>Nepo in\u017eeniring d.o.o., Izvedba kartiranja habitatnih tipov in popis rastlinskih vrst na obmo\u010dju Pe\u0161i\u0161\u010de in Kozji hrib, dr. Igor Pau\u0161i\u010d, 19. 6. 2023 &#8211; 31. 8. 2023<\/p>\n<p><span style=\"font-size: 10.5pt; font-family: 'Open Sans',sans-serif; color: #666666;\">Zavod RS za varstvo narave, izvedba storitev: Odkrivanje prisotnosti invazivnih tujerodnih vrst kopenskih rastlin, ki zadevajo unijo, in stanja drugih izbranih vrst na dolo\u010denih lokacijah v letu 2022, izr. prof. dr. Nina \u0160ajna, 2022<\/span><\/p>\n<p>NEPO in\u017eeniring, gradbene in okoljske re\u0161itve ter storitve d.o.o. , Izvedba storitev za projekt Dolo\u010ditev stanja in vpliv VE Rogatec ter VE Pa\u0161ki Kozjak na hro\u0161\u010de\u00ab za DEM d.o.o. in\u00a0 sicer za vrste Bukov kozli\u010dek\u00a0 (Morimus fenereus), Alpski kozli\u010dek (Rosalia alpina), roga\u010d (Lucanus cervus), \u0160krlatni kukuj (Cucujus cinnaberinus) ter Brazdar (Rhysodes sulcatus), doc. dr. Jan Podlesnik, 2022 &#8211; 23<\/p>\n<p>In\u0161titut Jo\u017eef Stefan, Mikrobiolo\u0161ke analize biofilmov na nanostrukturiranih vzorcih, prof. dr. Janja Tr\u010dek, 2021<\/p>\n<p>ZRS KOPER (partner v projektu ECO-SMART Program sodelovanja INTERREG V-A Italija-Slovenija 2014-2020) , Izvedba nalog v okviru projekta ECO-SMART, delovnega sklopa (ds) 3.2,, izr. prof. dr. Danijel Ivajn\u0161i\u010d, 2021<\/p>\n<p>Zavod RS za varstvo narave, Storitve strokovnjaka za botaniko \u2013 v sklopu projekta \u00bbzaDravo\u00ab so naro\u010dene aktivnosti za izbolj\u0161anje stanja ohranjenosti vrste plaze\u010da zelena (Apium repens) v ustreznih habitatih ob Dravi, projekt sofinanciran s strani EU Evropskega sklada za regionalni razvij in RS, doc. dr. Nata\u0161a Pipenbaher 1.9.2020 do 31.12.2022<\/p>\n<p>Mestna ob\u010dina Maribor, projekt v okviru Interreg Alipne Spice projekta ALPTREES: projekt Inventarizacija invazivnih tujerodnih drevesnih in grmovnih vrst na obmo\u010dju Mestne ob\u010dine Maribor, red. prof. dr. Mitja Kaligari\u010d, 2020-2021<\/p>\n<p>Agencija Republike Slovenije za kmetijske trge in razvoj pode\u017eelja in Evropska unija iz Evropskega kmetijskega sklada za razvoj pode\u017eelja: projekt Plodonosni gozdni rob kot podpora ohranjanja vrstne pestrosti gozda v funkciji zagotavljanja ekosistemskih storitev, izr. prof. dr. Sonja \u0160kornik, 2020-2023 (vodilni partner v konzorciju: Srednja gozdarska in lesarska \u0161ola Postojna) \u2013 <a href=\"https:\/\/www.fnm.um.si\/index.php\/2020\/08\/24\/projekt-eip-16-5-gozdni-rob\/\">Povezava na spletno stran<\/a><\/p>\n<p>Zavod za zdravstveno zavarovanje Slovenije: Analiza podatkov za nadomestila ZZZS v letih 2013-2019 in izdelavi napovednega modela, red. prof. dr. Bla\u017e Zmazek, 2019-2020<\/p>\n<p>Ob\u010dina \u010crnomelj: projekt Kartiranje habitatnih tipov, inventarizacije flore, izbranih vrst metuljev in naravovarstveno vrednotenje na obmo\u010dju KP Lahinja v okviru aktivnosti projekta \u00bbVzpostavitev in interpretacija u\u010dne poti Nerajski lugi\u00ab, operacija ja sofinancirana s sredstvi Evropskega kmetijskega sklada za razvoj pode\u017eelja (EKSRP), doc. dr. Igor Pau\u0161i\u010d, 2019<\/p>\n<p>Javni zavod Krajinski part Ljubljansko barje: Kartiranje izbranih delov narave I. varstvenega obmo\u010dja Krajinskega parka Ljubljansko barje in Vzpostavitev sistema monitoringa izbranih delov narave I. varstvenega obmo\u010dja KPLB, prof. dr. Mitja Kaligari\u010d, 2018-2019.<\/p>\n<p>Ministrstvo za izobra\u017eevanje, znanost in \u0161port in Evropska unija iz Evropskega socialnega sklada: projekt Inovativno u\u010denje in pou\u010devanje v viso\u0161ke \u0161olstvu (INOVUP), vodja na FNM UM izr. prof. dr. Robert Repnik, za l. 2021 doc. dr. Andreja \u0160pernjak, za l. 2022 doc. dr. Janja Majer, 2018-2022 (poslovode\u010di partner v konzorciju: Univerza v Ljubljani)<\/p>\n<p>Krajinski park Gori\u010dko, projekt sofinanciran s strani EU Evropski sklad za regionalni razvoj: Dolo\u010ditev travni\u0161kih habitatnih tipov in stanja ohranjenosti na obmo\u010dju Natura 2000 Gori\u010dko v okviru projekta Gori\u010dka krajina, izr. prof. dr. Sonja \u0160kornik, 2018-2019 in l. 2021<\/p>\n<p>Ministrstvo za kmetijstvo, gozdarstvo in prehrano in Javna agencija za raziskovalno dejavnost RS: CRP Divjad v naseljih, na cestah in drugih nelovnih povr\u0161inah: te\u017eave, izzivi in re\u0161itve, V4\u20151825, na FNM red. prof. dr. Andrej \u0160orgo, 2018\u20152021<\/p>\n<p>Ministrstvo za izobra\u017eevanje, znanost in \u0161port in Evropska unija iz Evropskega socialnega sklada: projekt Krepitev kompetenc podjetnosti in spodbujanje pro\u017enega prehajanja med izobra\u017eevanjem in okoljem v gimnazijah (Podjetnost v gimnaziji) , doc. dr. Milan Svetec, 2018-2022 (poslovode\u010di partner v konzorciju: Zavod RS za \u0161olstvo)<\/p>\n<p>Ministrstvo za izobra\u017eevanje, znanost in \u0161port in Evropska unija iz Evropskega socialnega sklada: projekt PIKT.UM (Pedago\u0161ki IKT na UM), doc. dr. Igor Pesek, 2017-2018<\/p>\n<p>IOS, In\u0161titut za okoljevarstvo in senzorje, d.o.o.: Optimizacija merilca za uporabo fluorescen\u010dnih senzorjev in preu\u010ditev mo\u017enosti za uporabo merjenja fluorescence klorofila, izr. prof. dr. Nina \u0160ajna, 2017<\/p>\n<p>Ministrstvo za izobra\u017eevanje, znanost in \u0161port in Evropska unija iz Evropskega socialnega sklada: projekt NA-MA POTI (Naravoslovno Matemati\u010dna Pismenost, Opolnomo\u010denje, Tehnologija in Interaktivnost), izr. prof. dr. Robert Repnik, za l. 2021 in 2022 doc. dr. Eva Klemen\u010di\u010d 2017-2022 (poslovode\u010di partner v konzorciju: Zavod RS za \u0161olstvo)<\/p>\n<p>Ministrstvo za izobra\u017eevanje, znanost in \u0161port in Evropska unija iz Evropskega socialnega sklada: projekt Inovativna pedagogika 1:1, prof. ddr. Boris Aber\u0161ek, 2017-2022 (poslovode\u010di partner v konzorciju: Vzgojno-izobra\u017eevalni zavod Antona Martina Slom\u0161ka Maribor, \u0160kofijska gimnazija)<\/p>\n<p>Ministrstvo za okolje in prostor: Kartiranje habitatnih tipov 2016\/18, obmo\u010dje doline Vipave (FNM podizvajalec, izvajalec ZRC SAZU, Biolo\u0161ki in\u0161titut Jovana Had\u017eija), prof. dr. Mitja Kaligari\u010d, 2016-2018.<\/p>\n<p>E 3, ENERGETIKA, EKOLOGIJA, EKONOMIJA, d.o.o.: Nadgradnja bonitetnega modela in analitika dinamike u\u010dinkovitosti strank, prof. dr. Drago Bokal 2016-2017<\/p>\n<p>Zavod Republike Slovenije za varstvo narave, projekt sofinanciran s strani EU Program LIFE: LIFE TO GRASSLANDS, doc. dr. Sonja \u0160kornik, 2016-2020<\/p>\n<p>Elektroin\u0161titut Milan Vidmar: Nadgradnja statisti\u010dnih metod za kratkoro\u010dno napovedovanje proizvodnje son\u010dnih elektrarn, prof. dr. Drago Bokal 2016<\/p>\n<p>Slu\u017eba vlade republike Slovenije za razvoj in evropsko kohezijsko politiko, program sofinanciran s strani finan\u010dnega mehanizma ERP 2009-2014: U\u010dinkovito upravljanje z ekstenzivnimi travniki na obmo\u010dju Natura 2000 Gori\u010dko, \u00bbGori\u010dki travniki\u00ab, prof. dr. Sonja \u0160kornik, 2015-2016<\/p>\n<p>Slovenske \u017eeleznice d.o.o.: Svetovanje pri vodenju in nadziranju projekta prenove informacijskega sistema, prof. dr. Drago Bokal 2015-2018<\/p>\n<p>E3, ENERGETIKA, EKOLOGIJA, EKONOMIJA, d.o.o.: Konzultacije pri izdelavi podatkovne in analiti\u010dne infrastrukture za vpeljavo bonitetnega modela strank v poslovni proces, prof. dr. Drago Bokal 2015-2016<\/p>\n<p>SODO, sistemski operater distribucijskega omre\u017eja z elektri\u010dno energijo d.o.o.: Izvedba konzultacij pri naro\u010dnikovi implementaciji modelov napovedovanja prevzema elektri\u010dne energije iz distribucijskega omre\u017eja, prof. dr. Drago Bokal 2014, 2015<\/p>\n<p>Cinkarna Celje: Izvedba analiz za Cinkarno Celje, doc. dr. Janja Tr\u010dek 2013, 2014, 2015<\/p>\n<p>Ministrstvo za kmetijstvo in okolje: Kartiranje habitatnih tipov 2014\/15, obmo\u010dja: Dravinjska dolina (del), Reka 2, Mrzlica, Razbor in zahodni Kozjak, prof. dr. Mitja Kaligari\u010d, 2014-2015<\/p>\n<p>Ministrstvo za izobra\u017eevanje, znanost, kulturo in \u0161port in Evropska unija iz Evropskega sklada za regionalni razvoj: projekt SINTESIS \u2013 E-storitev in mobilna aplikacija za klasifikacijo, vrednotenje, integracijo, migracijo in varovanje SAAS aplikacij sintesis, prof. dr. Drago Bokal, 2013, Univerza v Ljubljani, Fakulteta za ra\u010dunalni\u0161tvo in informatiko, Ljubljana koordinator projekta<\/p>\n<p>Gorenje Surovina dru\u017eba za predelavo odpadkov d.o.o., Maribor, UM izvajalec, FNM UM sodelujo\u010da, Pogodba o sodelovanju za sodelovanje v projektu \u00bbIzgradnja pilotskega reaktorja su\u0161enja in razku\u017eevanja komunalnega in\/ali industrijskega mulja iz \u010distilnih naprav\u00ab, dr. Andrej \u0160orgo, 2014<\/p>\n<p>Vodnogospodarski biro Maribor d.o.o., Izdelava kratkega ekspertnega mnenja o sestavi in stanju poplavnih gozdov na izlivnem delu \u017dabjaka in Pesnice ter soto\u010djem Pesnice ter Sejance, dr. Mitja Kaligari\u010d, 2014-2015<\/p>\n<p>ERICo d.o.o., Velenje, Pogodba o izvedbi kartiranja in vrednotenja habitatnih tipov na severni in ju\u017eni trasi daljnovoda Beri\u010devo \u2013 Diva\u010da, dr. Mitja Kaligari\u010d, 2013-2015<\/p>\n<p>Ministrstvo za izobra\u017eevanje, znanost, kulturo in \u0161port in Evropska unija iz Evropskega socialnega sklada: projekt Inovativna pedagogika 1:1 v lu\u010di kompetenc 21. stoletja, prof. dr. Boris Aber\u0161ek, 2013-2015<\/p>\n<p>Ministrstvo za izobra\u017eevanje, znanost, kulturo in \u0161port in Evropska unija iz Evropskega sklada za regionalni razvoj: projekt CORE@UM (Center za Odprte inovacije in RaziskavE UM), doc. dr. Marko Gosak , 2013-2015<\/p>\n<p>Ministrstvo za izobra\u017eevanje, znanost, kulturo in \u0161port in Evropska unija iz Evropskega sklada za regionalni razvoj: projekt mOIDom \u2013 Mobilna okoljska izkaznica doma, prof. dr. Drago Bokal, 2012-2013, CO BIK Center odli\u010dnosti za biosenzoriko, instrumentacijo in procesno kontrolo, Solkan, koordinator projekta<\/p>\n<p>Rotis d.o.o., Trzin, projekt: Ra\u010dunski model za dolo\u010ditev dobe trajanja velikih aksialnih valj\u010dnih le\u017eajev, prof. dr. Sre\u010dko Glode\u017e, 2011-2013<\/p>\n<p>Zavod RS za \u0161olstvo, vir: Ministrstvo za \u0161olstvo in \u0161port in ESS sredstva, Pogodba o sodelovanju za izvedbo projekta E-u\u010dbeniki s poudarkom naravoslovnih predmetov v osnovni \u0161oli, dr. Igor Pesek, 2012-2013<\/p>\n<p>Ministrstvo za kmetijstvo, gozdarstvo in prehrano in Javna agencija za raziskovalno dejavnost RS: projekt \u0161t. V4-128 Ohranjanju biotske raznovrstnosti travinja z vzpostavitvijo sistema pridelovanja ohranitvenih semenskih me\u0161anic v okviru CRP Zagotovimo.si hrano za jutri, prof. dr. Mitja Kaligari\u010d, 2011-2013<\/p>\n<p>Zavod RS za varstvo narave, vir:finan\u010dni mehanizem Evropske unije LIFE+, projekt: POPISI ZA\u010cETNEGA STANJA HABITATNIH TIPOV IN CILJNE VRSTE LOESLEJEVE GREZOVKE (Liparis loeselli) TER PROU\u010cEVANJE VPLIVOV PROJEKTNIH AKTIVNOSTI NA VEGETACIJO NA PROJEKTNIH PILOTNIH OBMO\u010cJIH ZELENCI, PLANIK VRHE, MURA \u2013 PETI\u0160OVCI IN BARJA NA POHORJU ZA IZVEDBO PROJEKTA Z NASLOVOM: VARSTVO IN UPRAVLJANJE SLADKOVODNIH MOKRI\u0160\u010c V SLOVENIJI, WETMAN 2011-2015, LIFE+ Narava, LIFE09 NAT\/SI\/000374 ZA 2. SKLOP: PROJEKTNO PILOTNO OBMO\u010cJE Mura-Peti\u0161ovci, doc. dr. Sonja \u0160kornik, 2011-2014<\/p>\n<p>Zavod RS za varstvo narave, vir:finan\u010dni mehanizem Evropske unije LIFE+, projekt: POPISI ZA\u010cETNEGA STANJA HABITATNIH TIPOV IN CILJNE VRSTE LOESLEJEVE GREZOVKE (Liparis loeselli) TER PROU\u010cEVANJE VPLIVOV PROJEKTNIH AKTIVNOSTI NA VEGETACIJO NA PROJEKTNIH PILOTNIH OBMO\u010cJIH ZELENCI, PLANIK VRHE, MURA \u2013 PETI\u0160OVCI IN BARJA NA POHORJU ZA IZVEDBO PROJEKTA Z NASLOVOM: VARSTVO IN UPRAVLJANJE SLADKOVODNIH MOKRI\u0160\u010c V SLOVENIJI, WETMAN 2011-2015, LIFE+ Narava, LIFE09 NAT\/SI\/000374 ZA 3. SKLOP: PROJEKTNO PILOTNO OBMO\u010cJE Pohorje, doc. dr. Sonja \u0160kornik, 2011-2014<\/p>\n<p>PIA d.o.o., Velenje, vir: Ministrstvo za \u0161olstvo in \u0161port, projekt: Pogodba o izvedbi storitev v zvezi s pripravo in izvedbo projekta Informatizacija \u0161olstva, dr. Igor Pesek, 2010-2011<\/p>\n<p>In\u0161titut za ekolo\u0161ki in\u017eeniring d.o.o., Maribor: Kartiranje in naravovarstveno vrednotenje habitatnih tipov in pti\u010dev na izbranih obmo\u010djih Ob\u010dine Lendava,dr. Mitja Kaligari\u010d, 2010<\/p>\n<p>Znanstvenoraziskovalni center SAZU: vir: Ministrstvo za okolje in prostor, Kartiranje negozdnih habitatnih tipov Slovenije za obmo\u010dja: Kras, Vrem\u0161\u010dica, prof. dr. Mitja Kaligari\u010d, 2010 \u2013 2011<\/p>\n<p>Mestna ob\u010dina Maribor: Izdelava na\u010drta za izvedbo u\u010dne poti na Mariborskem otoku, dr. Mitja Kaligari\u010d, 2010<\/p>\n<p>Slu\u017eba vlade Republike Slovenije za razvoj in evropske zadeve, vir:iz finan\u010dnega prispevka s strani Norve\u0161kega finan\u010dnega mehanizma 2004 \u2013 2009, projekt: Naravoslovno izobra\u017eevalni center za trajnostni razvoj\u00ab SI0039, prof. dr. Nata\u0161a Vaupoti\u010d, 2008 \u2013 2011<\/p>\n<p>Ministrstvo za okolje in prostor: Kartiranje negozdnih habitatnih tipov Slovenije za obmo\u010dja: Banj\u0161\u010dice in Mura, prof. dr. Mitja Kaligari\u010d, 2009 \u2013 2010<\/p>\n<p>Roto podjetje za predelavo in tr\u017eenje d.o.o., vir: Evropski socialni sklad Operativni program za razvoj \u010dlove\u0161kih virov za obdobje 2007 \u2013 2013: Inovativno izkori\u0161\u010danje energije vetra z malimi vetrnimi elektrarnami za individualno rabo, doc. dr. Mitja Slavinec, 2009-2010<\/p>\n<p>Unitur d.d., Zre\u010de: Analiza travni\u0161ke vegetacije in smernice za sanacijo teka\u0161ke steze na Rogli, prof. dr. Mitja Kaligari\u010d, 2009<\/p>\n<p>Vodnogospodarski biro Maribor d.o.o.: Kartiranje habitatnih tipov za obmo\u010dje Slovenske Gorice, prof. dr. Mitja Kaligari\u010d, 2009<\/p>\n<p>Vodnogospodarski biro Maribor d.o.o.: Vzor\u010denje in vegetacija na izbranih sipinah Drave med Mariborom in Ptujem, prof. dr. Mitja Kaligari\u010d, 2009<\/p>\n<p>Srednja \u0161ola Slovenska Bistrica, vir: Ministrstvo za \u0161olstvo in \u0161port in Evropska unija iz Evropskega socialnega sklada, projekt: E-vadnica za fiziko 2, dr. Igor Pesek, 2009-2010<\/p>\n<p>Srednja \u0161ola Slovenska Bistrica, vir: Ministrstvo za \u0161olstvo in \u0161port in Evropska unija iz Evropskega socialnega sklada, projekt: E-vadnica za fiziko 1, dr. Igor Pesek, 2009-2010<\/p>\n<p>Ministrstvo za \u0161olstvo in \u0161port, vir: Ministrstvo za \u0161olstvo in \u0161port in Evropska unija iz Evropskega socialnega sklada, Operativni program za razvoj \u010dlove\u0161kih virov za obdobje 2007-2013, projekt: Razvoj naravoslovnih kompetenc, operacija OP 13.2.3.1.12.0001, vodja prof. dr. Ivan Gerli\u010d, 1. 10. 2008 \u2013 12. 5. 2010, vodja doc. dr. Vladimir Grubelnik 13. 5. 2010 \u2013 31. 12. 2011.<\/p>\n<p>Elektroin\u0161titut Milan Vidmar: Nadgradnja avkcijskih metod za alokacijo \u010dezmejnih prenosnih kapacitet v CEE regiji, doc. dr. Drago Bokal, 2008 \u2013 2009<\/p>\n<p>Elektroin\u0161titut Milan Vidmar: Matemati\u010dna formalizacija modela stro\u0161kov zama\u0161itev, doc. dr. Drago Bokal, 2008<\/p>\n<p>Ministrstvo za okolje in prostor: Izdelava dopolnitve osnutka poro\u010dilo po Direktivi o pticah za obdobje 2005-2007, prof. dr. Franc Jan\u017eekovi\u010d, 2008<\/p>\n<p>Elektro Primorska d.d.: Analiza kakovosti napovedovanja porabe elektri\u010dne energije, doc. dr. Drago Bokal, 2008-2009<\/p>\n<p>Ministrstvo za \u0161olstvo in \u0161port in Javna agencija za raziskovalno dejavnost RS: CRP Analiza dejavnikov, ki vplivajo na trajnej\u0161e znanje z razumevanjem naravoslovno-tehni\u0161kih vsebin, V5-0424, prof. dr. Marko Marhl, 2008-2010<\/p>\n<p>Ministrstvo za \u0161olstvo in \u0161port in Javna agencija za raziskovalno dejavnost RS: CRP DIDIKTA \u2013 analiza in razvoj didaktike uporabe IKT pri pou\u010devanju in u\u010denju, V5-0425, prof. dr. Bla\u017e Zmazek , 2008-2010<\/p>\n<p>Ministrstvo za \u0161olstvo in \u0161port in Javna agencija za raziskovalno dejavnost RS: CRP Stanje in trendi rabe IKT v izobra\u017eevanju v Sloveniji, V5-0427, prof. dr. Ivan Gerli\u010d, 2008-2011<\/p>\n<p>Mestna ob\u010dina Maribor: Floristi\u010dna in vegetacijska analiza ter popis ptic Mariborskega otoka, prof. dr. Mitja Kaligari\u010d, 2008-2009<\/p>\n<p>Institut za ekolo\u0161ki in\u017eeniring d.o.o.: Naravovarstveno vrednotenje projekta ureditve GO_KART poligona in golf igri\u0161\u010da pri Lendavi na osnovi kartiranja habitatnih tipov in flore, prof. dr. Mitja Kaligari\u010d, 2008<\/p>\n<p>Golf Istra d.o.o.: Kartiranje in naravovarstveno vrednotenje habitatnih tipov ter popis flore in favne (segment: ptice) za obmo\u010dje predvidenega golf igri\u0161\u010da na lokaciji krog nad Se\u010dovljami \u2013 primerjalna \u0161tudija z lokacijo Se\u010dovlje, prof. dr. Mitja Kaligari\u010d, 2008<\/p>\n<p>Ministrstvo za visoko \u0161olstvo znanost in tehnologijo in Evropska Unija iz Evropskega sklada za regionalni razvoj: E-NARAVA Interaktivni atlas habitatov in vrst na izbranih obmo\u010djih Slovenije: e-izobra\u017eevanje za ohranjanje narave, doc. dr. Drago Bokal, 2008<\/p>\n<p>Elektro Primorska d.d.: Urni diagram cene elektri\u010dne energije, doc. dr. Drago Bokal, 2008<\/p>\n<p>IskraTEL d.o.o: Telekomunikacijska omre\u017eja, problemi hanojskega stolpa in algoritmi, prof. dr. Sandi Klav\u017ear, 2007-2009<\/p>\n<p>Ministrstvo za okolje in prostor: Kartiranje negozdnih habitatnih tipov Slovenije Sklop 3 \u2013 Obmo\u010dje: Ju\u017eni obronki Sne\u017enika \u2013 Gure, Sklop 5 \u2013 Obmo\u010dje: Kum, prof. dr. Mitja Kaligari\u010d, 2008-2009<\/p>\n<p>Ministrstvo za okolje in prostor: Kartiranje habitatnih tipov za obmo\u010dja: Slovenska Istra, prof. dr. Mitja Kaligari\u010d, 2006-2007<\/p>\n<p>Vodnogospodarski biro d.o.o.: Analiza \u017eivega sveta na obmo\u010dju Mure med \u0160entiljem in Ver\u017eejem, prof. dr. Mitja Kaligari\u010d, 2007<\/p>\n<p>Institut za ekolo\u0161ki in\u017eeniring d.o.o.: \u00bbNaravovarstveno vrednotenje projekta ureditve go-kart poligona in golf igri\u0161\u010da pri Lendavi na osnovi kartiranja habitatnih tipov in flore\u00ab, prof. dr. Mitja Kaligari\u010d, 2008<\/p>\n<p>Institut za ekolo\u0161ki in\u017eeniring d.o.o.: Kartiranje habitatnih tipov in flore ter ekspertno mnenje \u2013 celostna presoja variantnih re\u0161itev za hidroakumulacijo na obmo\u010dju Brkinov, prof. dr. Mitja Kaligari\u010d, 2007<\/p>\n<p>Mestna ob\u010dina Koper: Kartiranje in naravovarstveno vrednotenje habitatnih tipov v delu obmo\u010dja pore\u010dja Dragonje ter Izdelava eleborata kartiranje HT na obmo\u010dju predvidenega KP Dragonja ter priprava kartnega gradiva in knji\u017eice (publikacije) Habitati in njihovi prebivalci v pore\u010dju reke Dragonje, prof. dr. Mitja Kaligari\u010d, 2007<\/p>\n","protected":false},"excerpt":{"rendered":"<p>FNM UM izvaja aplikativne projekte za potrebe gospodarstva kakor tudi za potrebe negospodarstva, \u0161e posebej za podro\u010dje izobra\u017eevanja. Aplikativni projekti FNM UM so navedeni na na\u010din: financer, ime projekta, nosilec ter trajanje projekta. Projekti, ki so se izvajali oz. se izvajajo na FNM UM so: NEPO in\u017eeniring, gradbene in okoljske re\u0161itve ter storitve d.o.o., Izvedba [&hellip;]<\/p>\n","protected":false},"author":1,"featured_media":0,"parent":0,"menu_order":0,"comment_status":"closed","ping_status":"closed","template":"","meta":{"_et_pb_use_builder":"","_et_pb_old_content":"","_et_gb_content_width":"","footnotes":""},"class_list":["post-35974","page","type-page","status-publish","hentry"],"publishpress_future_workflow_manual_trigger":{"enabledWorkflows":[]},"_links":{"self":[{"href":"https:\/\/www.fnm.um.si\/index.php\/wp-json\/wp\/v2\/pages\/35974","targetHints":{"allow":["GET"]}}],"collection":[{"href":"https:\/\/www.fnm.um.si\/index.php\/wp-json\/wp\/v2\/pages"}],"about":[{"href":"https:\/\/www.fnm.um.si\/index.php\/wp-json\/wp\/v2\/types\/page"}],"author":[{"embeddable":true,"href":"https:\/\/www.fnm.um.si\/index.php\/wp-json\/wp\/v2\/users\/1"}],"replies":[{"embeddable":true,"href":"https:\/\/www.fnm.um.si\/index.php\/wp-json\/wp\/v2\/comments?post=35974"}],"version-history":[{"count":51,"href":"https:\/\/www.fnm.um.si\/index.php\/wp-json\/wp\/v2\/pages\/35974\/revisions"}],"predecessor-version":[{"id":60252,"href":"https:\/\/www.fnm.um.si\/index.php\/wp-json\/wp\/v2\/pages\/35974\/revisions\/60252"}],"wp:attachment":[{"href":"https:\/\/www.fnm.um.si\/index.php\/wp-json\/wp\/v2\/media?parent=35974"}],"curies":[{"name":"wp","href":"https:\/\/api.w.org\/{rel}","templated":true}]}}