{"id":35972,"date":"2022-01-21T13:01:40","date_gmt":"2022-01-21T11:01:40","guid":{"rendered":"https:\/\/www.fnm.um.si\/?page_id=35972"},"modified":"2026-03-10T12:50:34","modified_gmt":"2026-03-10T10:50:34","slug":"raziskovalni-projekti-arrs","status":"publish","type":"page","link":"https:\/\/www.fnm.um.si\/index.php\/raziskovalni-projekti-arrs\/","title":{"rendered":"Raziskovalni projekti ARIS"},"content":{"rendered":"<p>Aktivni\u00a0raziskovalni\u00a0projekti\u00a0na\u00a0FNM\u00a0UM so:<\/p>\n<p>J7-70259, Modeliranje tveganja oku\u017ebe s klopnimi boleznimi v lu\u010di podnebnih sprememb: krepitev interakcije znanost-javnost, 1.3.2026-28.2.2029, vodja dr. Danijel Ivajn\u0161i\u010d<\/p>\n<p>J1-70016, <a href=\"https:\/\/www.fnm.um.si\/index.php\/2026\/03\/10\/sodobne-topoloske-mere-za-molekulske-grafe-in-omrezja\/\">Sodobne topolo\u0161ke mere za molekulske grafe in omre\u017eja<\/a>, 1.3.2026-28.2.2029, vodja dr. Niko Tratnik<\/p>\n<p><a href=\"https:\/\/www.fnm.um.si\/index.php\/2025\/11\/12\/aris-projekt-crp-2025-analiza-obremenitve-zunanjega-zraka-z-alergenim-cvetnim-prahom\/\">V1-2566, Analiza obremenitve zunanjega zraka z alergenim cvetnim prahom, 1.9.2025-31.8.2027<\/a>, vodja dr. Rene Markovi\u010d<\/p>\n<p><a href=\"https:\/\/www.fnm.um.si\/index.php\/2025\/10\/29\/dominacija-v-grafih-kubicni-grafi-produkti-in-igre\/\">N1-0431, Dominacija v grafih: kubi\u010dni grafi, produkti in igre; 1.9.2025-31.8.2028<\/a>; vodja dr. Bo\u0161tjan Bre\u0161ar<\/p>\n<p><a href=\"https:\/\/cris.cobiss.net\/ecris\/si\/sl\/project\/22702\">J3-60062, Vpliv aminokislin na delovanje omre\u017eja celic v Langerhansovih oto\u010dkih<\/a>; 1.1.2025-31.12.2027; vodja dr. Marko Gosak<\/p>\n<p><a href=\"https:\/\/cris.cobiss.net\/ecris\/si\/sl\/project\/22700\">J7-60129, Integracija dveh avtohtonih pasem drobnice v me\u0161ani pa\u0161ni sistem: etologija, genomika, produktivnost in biotska raznovrstnost travi\u0161\u010d<\/a>; 1.1.2025-31.12.2027; vodja dr. Janko Skok<\/p>\n<p>&nbsp;<\/p>\n<p>Zaklju\u010deni raziskovalni projekti na FNM UM so:<\/p>\n<p><a href=\"https:\/\/www.fnm.um.si\/index.php\/2024\/03\/27\/parametrizirane-druzine-cudnih-atraktorjev-predstavljene-preko-inverznih-limit-studija-z-vidika-topologije-in-teorije-mere\/\">J1-4632,\u00a0<\/a><a href=\"https:\/\/www.fnm.um.si\/index.php\/2024\/03\/27\/parametrizirane-druzine-cudnih-atraktorjev-predstavljene-preko-inverznih-limit-studija-z-vidika-topologije-in-teorije-mere\/\">Parametrizirane dru\u017eine \u010dudnih atraktorjev predstavljene preko inverznih limit: \u0161tudija z vidika topologije in teorije mere<\/a>, 1.1.2023-31.12.2025, vodja dr. Jernej \u010cin\u010d<\/p>\n<p><a href=\"https:\/\/cris.cobiss.net\/ecris\/si\/sl\/project\/20204\">J2-4447, Vpliv mehanike in topologije membrane na celi\u010dno ujetje bakterij, virionov in anorganskih delcev<\/a>, 1.10.2022-30.9.2025, vodja prof. dr. Ale\u0161 Igli\u010d<\/p>\n<p><a href=\"https:\/\/cris.cobiss.net\/ecris\/si\/sl\/project\/20187\">J1-4008, Drevesno neodvisnostno \u0161tevilo grafov<\/a>, 1.10.2022-30.9.2025, vodja dr. Martin Milani\u010d<\/p>\n<p><a href=\"https:\/\/cris.cobiss.net\/ecris\/si\/sl\/project\/18773\">J5-3114, Socialni kontekst kot dejavnik medvrstni\u0161kega nasilja: kako z oblikovanjem pozitivne vrstni\u0161ke kulture prispevati k vklju\u010dujo\u010di \u0161oli?<\/a>, 1.10.2021-30.9.2025, vodja dr. Katja Ko\u0161ir<\/p>\n<p><a href=\"https:\/\/cris.cobiss.net\/ecris\/si\/sl\/project\/18723\">J3-3076, Ledvi\u010dna disfunkcija in hiperkaliemija pri sr\u010dnem popu\u0161\u010danju, povezana z inhibitorji sistema renin-angiotenzin-aldosteron: epidemiologija, prognoza in vezalci kalija<\/a>, 1.10.2021-31.3.2025, vodja dr. Jerneja Farka\u0161 Lain\u0161\u010dak<\/p>\n<p>V5-2273, Razvoj standarda kombiniranega pou\u010devanja v Sloveniji, 1.10.2022-30.9.2023, vodja dr. Boris Aber\u0161ek<\/p>\n<p>V2-2274, Pouk s \u0161\u010depcem umetne inteligence, 1.10.2022-30.9.2024, vodja dr. Janez Dem\u0161ar, vodja dr. Janez Dem\u0161ar<\/p>\n<p>N1-0232, Tekmovalna hierarhi\u010dna omre\u017eja od \u0161porta do evolucije kulture, 1.1. 2022-31. 12. 2024, vodja dr. Matja\u017e Perc<\/p>\n<p>J7-2598, \u00a0Pes ali njegov gospodar? Znanstvena \u0161tudija \u010dlove\u0161kih ali pasjih koprolitov s koli\u0161\u010da na Starih gmajnah v Sloveniji. Cel projekt: 1.11. 2020 \u2013 31.10.2023 \u2013 za FNM UM: 1.1.2022-31.10.2023, vodja dr. Tja\u0161a Tolar<\/p>\n<p>J1-3002, Prirejanja in barvanja povezav v kubi\u010dnih grafih, 1.10.2021-30.9.2024, vodja dr. Riste \u0160krekovski<\/p>\n<p>J3-3077,\u00a0 Analiza kolektivne celi\u010dne aktivnosti v normalnih in diabeti\u010dnih pankreati\u010dnih oto\u010dkih s principi ve\u010dplastnih mre\u017e, 1.10.2021-30.9.2024, vodja dr. Marko Gosak<\/p>\n<p>V4-2018, Krajinske zna\u010dilnosti in ukrepi bodo\u010de kmetijske politike v Sloveniji, 1.11.2020-31.10.2022, vodja dr. Danijel Ivajn\u0161i\u010d<\/p>\n<p><a href=\"https:\/\/www.fnm.um.si\/index.php\/2022\/12\/22\/pisan-travnik-razvoj-testiranje-in-priprava-okoljsko-podnebnega-ukrepa-za-novo-perspektivo-skp-po-2020\/\">V4-2021, Zasnova, testiranje in priprava rezultatsko usmerjenega kmetijsko-okoljskega ukrepa \u201cPisan travnik\u201d na naravovarstveno pomembnih (NVP) travi\u0161\u010dih v Sloveniji<\/a>, 1.11.2020-30.4.2023, vodja dr. Mitja Kaligari\u010d<\/p>\n<p>V4-2020, Pristopi in vrednotenje uspe\u0161nosti prenosa znanja na podro\u010dju varstva okolja in narave v kmetijstvu, 1.11.2020-31.10.2023, vodja dr. Luka Juvan\u010di\u010d<\/p>\n<p>J2-2487, Bioaktivne, in situ modificirane, vlaknate membrane na osnovi bakterijske celuloze: procesiranje, karakterizacija in ocena uporabnosti v biomedicini, 1.9.2020-31.8.2023, vodja dr. Selestina Gorgieva<\/p>\n<p>J1-2452, Strukturni, optimizacijski in algoritmi\u010dni problemi v geometrijskih in topolo\u0161kih predstavitvah grafov, 1.9.2020-31.8.2023, vodja dr. Bojan Mohar<\/p>\n<p>J1-2457, Fazni prehodi proti koordinaciji v ve\u010dplastnih omre\u017ejih, 1.9.2020-31.8.2023, vodja dr. Matja\u017e Perc<\/p>\n<p>J1-1702, Dejavniki, ki vplivajo na gozdove jadranskih rjavih alg in re\u0161itve za obnovo habitata, 1.7.2019-30.6.2022, vodja dr. Martina Orlando Bonaca<\/p>\n<p>J7-1822, Prepre\u010devanje toplotnega stresa v urbanih sistemih v lu\u010di podnebnih sprememb, 1.7.2019-30.6.2022, vodja dr. Danijel Ivajn\u0161i\u010d<\/p>\n<p>J1-1693, Sodobni in novi metri\u010dni koncepti v teoriji grafov, 1.7.2019 \u2013 30.6.2022, vodja dr. Sandi Klav\u017ear<\/p>\n<p>V4-1825 (C), Divjad v naseljih, na cestah in drugih nelovnih povr\u0161inah: te\u017eave, izzivi in re\u0161itve, 1.1.2019 \u2013 31.10.2020, vodja dr. Bo\u0161tjan Pokorny<\/p>\n<p>J1-9112, Kvantna lokalizacija v kaoti\u010dnih sistemih, 1.7.2018 \u2013 30.6.2021, vodja dr. Marko Robnik<\/p>\n<p>J4-9302, Raziskave medceli\u010dnih komunikacij v ve\u010dceli\u010dnih skupnostih razli\u010dnih izolatov bakterije iz rodu Bacillus, 1.7.2018 \u2013 30.6.2021, vodja dr. Ines Mandi\u0107-Mulec<\/p>\n<p>J1-9109,\u00a0<a href=\"https:\/\/sig.fnm.um.si\/\">Sodobne invariante grafov<\/a>, 1.7.2018 \u2013 30.6.2021, vodja dr. Bo\u0161tjan Bre\u0161ar<\/p>\n<p>J5-8230, Razvoj, testiranje in ovrednotenje avtonomnega inteligentnega ter prilagodljivega e-u\u010dnega okolja za dvig informacijske pismenosti mladostnikov, 1.5.2017-30.4.2020, vodja dr. Andrej \u0160orgo<\/p>\n<p>J1-8130, Prekri\u017ena \u0161tevila in njihova uporaba, 1.5.2017-30.4.2020, vodja dr. Bojan Mohar<\/p>\n<p>J1-7009, Fazni prehodi proti kooperaciji v sklopljenih populacijah, 1.1.2016-31.12.2018, vodja dr. Matja\u017e Perc<\/p>\n<p>V4-1437, Zna\u010dilnosti, problematika in upravljanje populacij (sive) vrane v urbanem okolju, 1.7.2014-30.06.2016, vodja dr. Bo\u0161tjan Pokorny<\/p>\n<p>J2-6779, Novi elektrokalori\u010dni materiali za novo ekolo\u0161ko prijazno dielektri\u010dno tehnologijo hlajenja, 1.7.2014-30.6.2017, vodja dr. Zdravko Kutnjak<\/p>\n<p>J5-5535, Razvijanje informacijske pismenosti \u0161tudentov v podporo re\u0161evanja avtenti\u010dnih naravoslovnih problemov, 1.8.2013-31.7.2016, vodja dr. Bojana Boh Podgornik<\/p>\n<p>L7-5459, Grafovski modeli in algoritmi pri parametriziranju baznih postaj mobilne telefonije \u010detrte generacije, 1.8.2013-31.7.2016, vodja dr. Bojan Mohar<\/p>\n<p>N1-0012, Adjacency \u2013 Ohranjevalci sosednosti, 1.10.2011-30.9.2014, vodja dr. Peter \u0160emrl<\/p>\n<p>J1-4055, Fizika evolucijskih procesov, 1.7.2011-30.6.2014, vodja dr. Matja\u017e Perc<\/p>\n<p>J5-4002, Vpeljava sodobne interdisciplinarne vsebine v izobra\u017eevanje \u2013 teko\u010di kristali, 1.7.2011-30.6.2014, vodja dr. Mojca \u010cepi\u010d<\/p>\n<p>L6-4157, Prazgodovinska koli\u0161\u010da na Ljubljanskem barju, Slovenija: kronologija, kultura in paleookolje, 1.7.2011-30.6.2014, vodja dr. Anton Velu\u0161\u010dek<\/p>\n<p>L2-4283, Razvoj modela sistema za inteligentno podporo izbire ustreznega pra\u0161kastega materiala v procesu razvoja sintranih izdelkov, 1.7.2011-30.6.2014, vodja dr. Jo\u017ee Fla\u0161ker<\/p>\n<p>N1-0011, GReGAS \u2013 Geometrijske reprezentacije in simetrije grafov, preslikav in drugih diskretnih struktur ter aplikacij v znanosti, 1.7.2011-30.6.2014, vodja dr. Toma\u017e Pisanski<\/p>\n<p>J6-3600, Slovenski pregovori kot kulturna dedi\u0161\u010dina: klasifikacija in redakcija korpusa, 1.5.2010-30.4.2013, vodja dr. Marija Stanonik<\/p>\n<p>J1-2043, Grafi in sorodne matemati\u010dne strukture, 1.1.2010-30.4.2012, vodja dr. Bo\u0161tjan Bre\u0161ar<\/p>\n<p>Z1-2032, Fizika konfliktov in njihova razre\u0161itev, 1.5.2009- 30.4.2011, vodja dr. Matja\u017e Perc<\/p>\n<p>L2-0330, Razvoj postopkov in obdelav za izbolj\u0161anje hemokompatibilnosti polietilentereftalatnih povr\u0161in, 1.2.2008-30.1.2011, vodja dr. Karin Stana Kleinschek<\/p>\n<p>J1-0155, Vzorci, strukturna samo-organizacija ter magnetoelektriki v me\u0161anicah nano-delcev in teko\u010dih kristalov, 1.2.2008-30.1.2011, vodja dr. Samo Kralj<\/p>\n<p>Z2-0942, Analiza visoko\u0161olske tehni\u010dne didaktike in izdelava aplikacije za prenos tehni\u010dnih znanj, 1.2.2008-31.1.2010, vodja dr. Mateja Ploj Virti\u010d<\/p>\n<p>J1-9368, Novi nanostrukturni materiali z ogromnim elektromehanskim odzivom, mehko elasti\u010dnostjo in nenavadnimi fizikalnimi lastnostmi, 1.7.2007-30.6.2010, vodja dr. Zdravko Kutnjak<\/p>\n","protected":false},"excerpt":{"rendered":"<p>Aktivni\u00a0raziskovalni\u00a0projekti\u00a0na\u00a0FNM\u00a0UM so: J7-70259, Modeliranje tveganja oku\u017ebe s klopnimi boleznimi v lu\u010di podnebnih sprememb: krepitev interakcije znanost-javnost, 1.3.2026-28.2.2029, vodja dr. Danijel Ivajn\u0161i\u010d J1-70016, Sodobne topolo\u0161ke mere za molekulske grafe in omre\u017eja, 1.3.2026-28.2.2029, vodja dr. Niko Tratnik V1-2566, Analiza obremenitve zunanjega zraka z alergenim cvetnim prahom, 1.9.2025-31.8.2027, vodja dr. Rene Markovi\u010d N1-0431, Dominacija v grafih: kubi\u010dni grafi, [&hellip;]<\/p>\n","protected":false},"author":1,"featured_media":0,"parent":0,"menu_order":0,"comment_status":"closed","ping_status":"closed","template":"","meta":{"_et_pb_use_builder":"","_et_pb_old_content":"","_et_gb_content_width":"","footnotes":""},"class_list":["post-35972","page","type-page","status-publish","hentry"],"publishpress_future_workflow_manual_trigger":{"enabledWorkflows":[]},"_links":{"self":[{"href":"https:\/\/www.fnm.um.si\/index.php\/wp-json\/wp\/v2\/pages\/35972","targetHints":{"allow":["GET"]}}],"collection":[{"href":"https:\/\/www.fnm.um.si\/index.php\/wp-json\/wp\/v2\/pages"}],"about":[{"href":"https:\/\/www.fnm.um.si\/index.php\/wp-json\/wp\/v2\/types\/page"}],"author":[{"embeddable":true,"href":"https:\/\/www.fnm.um.si\/index.php\/wp-json\/wp\/v2\/users\/1"}],"replies":[{"embeddable":true,"href":"https:\/\/www.fnm.um.si\/index.php\/wp-json\/wp\/v2\/comments?post=35972"}],"version-history":[{"count":28,"href":"https:\/\/www.fnm.um.si\/index.php\/wp-json\/wp\/v2\/pages\/35972\/revisions"}],"predecessor-version":[{"id":62749,"href":"https:\/\/www.fnm.um.si\/index.php\/wp-json\/wp\/v2\/pages\/35972\/revisions\/62749"}],"wp:attachment":[{"href":"https:\/\/www.fnm.um.si\/index.php\/wp-json\/wp\/v2\/media?parent=35972"}],"curies":[{"name":"wp","href":"https:\/\/api.w.org\/{rel}","templated":true}]}}