{"id":35969,"date":"2022-01-21T12:59:22","date_gmt":"2022-01-21T10:59:22","guid":{"rendered":"https:\/\/www.fnm.um.si\/?page_id=35969"},"modified":"2025-02-13T08:49:42","modified_gmt":"2025-02-13T06:49:42","slug":"infrastrukturni-programi","status":"publish","type":"page","link":"https:\/\/www.fnm.um.si\/index.php\/infrastrukturni-programi\/","title":{"rendered":"Infrastrukturni programi"},"content":{"rendered":"<p><strong>INFRASTRUKTURNI PROGRAMI \u2013 FINANCER ARIS<\/strong><\/p>\n<p>Aktivni infrastrukturni program na FNM UM je:<\/p>\n<p>I0-0029, Infrastrukturna dejavnost Univerze v Mariboru, Organizacijska enota: FNM, 1. 1. 2022 &#8211; 31. 12. 2027, vodja prof. dr. Franc Jan\u017eekovi\u010d<\/p>\n<p>Zaklju\u010deni infrastrukturni programi na FNM UM:<\/p>\n<p>IP-0552, Infrastrukturna dejavnost Univerze v Mariboru, Organizacijska enota 4: Laboratorij za dinamiko kompleksnih sistemov, 1. 1. 2013 \u2013 31. 12. 2014, vodja prof. dr. Andrej \u0160orgo<\/p>\n<p><a href=\"https:\/\/biologija.fnm.um.si\/ri-si-lifewatch-3\/\" target=\"_blank\" rel=\"noopener\">RAZVOJ RAZISKOVALNE INFRASTRUKTURE ZA MEDNARODNO KONKUREN\u010cNOST SLOVENSKEGA RRI PROSTORA \u2013 RI-SI-LifeWatch<\/a>, 23. 12. 2019 \u2013 31. 8. 2021, koordinatorica projekta na UM: doc. dr. Nata\u0161a Pipenbaher<\/p>\n<p>I0-0029, Infrastrukturna dejavnost Univerze v Mariboru, Organizacijska enota 4: CORE@UM, 1. 1. 2015 \u2013 31. 12. 2021, vodja dr. Rebeka Rudolf<\/p>\n","protected":false},"excerpt":{"rendered":"<p>INFRASTRUKTURNI PROGRAMI \u2013 FINANCER ARIS Aktivni infrastrukturni program na FNM UM je: I0-0029, Infrastrukturna dejavnost Univerze v Mariboru, Organizacijska enota: FNM, 1. 1. 2022 &#8211; 31. 12. 2027, vodja prof. dr. Franc Jan\u017eekovi\u010d Zaklju\u010deni infrastrukturni programi na FNM UM: IP-0552, Infrastrukturna dejavnost Univerze v Mariboru, Organizacijska enota 4: Laboratorij za dinamiko kompleksnih sistemov, 1. 1. [&hellip;]<\/p>\n","protected":false},"author":1,"featured_media":0,"parent":0,"menu_order":0,"comment_status":"closed","ping_status":"closed","template":"","meta":{"_et_pb_use_builder":"","_et_pb_old_content":"","_et_gb_content_width":"","footnotes":""},"class_list":["post-35969","page","type-page","status-publish","hentry"],"publishpress_future_workflow_manual_trigger":{"enabledWorkflows":[]},"_links":{"self":[{"href":"https:\/\/www.fnm.um.si\/index.php\/wp-json\/wp\/v2\/pages\/35969","targetHints":{"allow":["GET"]}}],"collection":[{"href":"https:\/\/www.fnm.um.si\/index.php\/wp-json\/wp\/v2\/pages"}],"about":[{"href":"https:\/\/www.fnm.um.si\/index.php\/wp-json\/wp\/v2\/types\/page"}],"author":[{"embeddable":true,"href":"https:\/\/www.fnm.um.si\/index.php\/wp-json\/wp\/v2\/users\/1"}],"replies":[{"embeddable":true,"href":"https:\/\/www.fnm.um.si\/index.php\/wp-json\/wp\/v2\/comments?post=35969"}],"version-history":[{"count":9,"href":"https:\/\/www.fnm.um.si\/index.php\/wp-json\/wp\/v2\/pages\/35969\/revisions"}],"predecessor-version":[{"id":56659,"href":"https:\/\/www.fnm.um.si\/index.php\/wp-json\/wp\/v2\/pages\/35969\/revisions\/56659"}],"wp:attachment":[{"href":"https:\/\/www.fnm.um.si\/index.php\/wp-json\/wp\/v2\/media?parent=35969"}],"curies":[{"name":"wp","href":"https:\/\/api.w.org\/{rel}","templated":true}]}}