{"id":33,"date":"2010-09-14T07:40:50","date_gmt":"2010-09-14T07:40:50","guid":{"rendered":"http:\/\/164.8.33.101\/index.php\/2010\/09\/14\/akademski-zbor\/"},"modified":"2022-05-12T08:59:34","modified_gmt":"2022-05-12T06:59:34","slug":"akademski-zbor","status":"publish","type":"page","link":"https:\/\/www.fnm.um.si\/index.php\/fakulteta-za-naravoslovje-in-matematiko\/organi-in-organiziranost-fakultete\/akademski-zbor\/","title":{"rendered":"Akademski zbor"},"content":{"rendered":"<h4><span data-scayt_word=\"Predsednik\" data-scaytid=\"1\">Predsednik<\/span><\/h4>\n<p>red. prof. ddr. Boris Aber\u0161ek (12. 5. 2022-11. 5. 2026)<\/p>\n<h4><span data-scayt_word=\"Namestnica\" data-scaytid=\"6\">Namestnik<\/span>\u00a0<span data-scayt_word=\"predsednika\" data-scaytid=\"7\">predsednika<\/span><\/h4>\n<p><span data-scayt_word=\"\u0160kornik\" data-scaytid=\"9\">red. prof. dr. Samo Kralj (12. 5. 2022-11. 5. 2026)<\/span><\/p>\n<h4><span data-scayt_word=\"Zapisniki\" data-scaytid=\"10\">Zapisniki<\/span>:<\/h4>\n<p><a href=\"https:\/\/www.fnm.um.si\/wp-content\/uploads\/2022\/04\/ZAPISNIK-31_REDNE-SEJE-AZ_16_11_2021.pdf\">31. redne seje &#8211; 16. 11. 2021<\/a><br \/>\n<a href=\"https:\/\/www.fnm.um.si\/wp-content\/uploads\/2021\/11\/Zapisnik-4-izredne-seje-AZ-14-10-2021.pdf\">4. izredne seje &#8211; 14. 10. 2021<\/a><br \/>\n<a href=\"https:\/\/www.fnm.um.si\/wp-content\/uploads\/2021\/11\/Zapisnik-30-redna-seja-AZ-14-9-2021.pdf\">30. redne seje &#8211; 14. 9. 2021<\/a><br \/>\n<a href=\"https:\/\/www.fnm.um.si\/wp-content\/uploads\/2021\/09\/Zapisnik-3-izredne-seje-AZ-13-10-2020.pdf\">3. izredne seje &#8211; 13. 10. 2020<\/a><br \/>\n<a href=\"https:\/\/www.fnm.um.si\/wp-content\/uploads\/2021\/09\/Zapisnik-29-redne-seje-AZ-15-10-2019.pdf\">29. redne seje &#8211; 15. 10. 2019<\/a><br \/>\n<a href=\"https:\/\/www.fnm.um.si\/wp-content\/uploads\/2019\/05\/ZAPISNIK_28_REDNE-SEJE-AZ_19_03_2019.pdf\">28. redne seje &#8211; 19. 3. 2019<\/a><\/p>\n<p class=\"entry-title\"><a href=\"https:\/\/www.fnm.um.si\/index.php\/2021\/09\/13\/zapisniki-sej-akademskega-zbora-fnm-um-2010-2018\/\"><span style=\"font-size: 12pt;\">Zapisniki sej Akademskega zbora FNM UM 2010 \u2013 2018<\/span><\/a><\/p>\n<h3><\/h3>\n<h3 style=\"text-align: justify;\">Statut UM (310. \u010dlen)<\/h3>\n<p style=\"text-align: justify;\">V skladu s 310. \u010dlenom Statuta UM akademski zbor sestavljajo v<span class=\"TextRun BCX0 SCXW81818693\" lang=\"SL-SI\" xml:lang=\"SL-SI\" data-contrast=\"none\"><span class=\"NormalTextRun BCX0 SCXW81818693\" data-ccp-parastyle=\"Normal (Web)\">si delavci, izvoljeni v naziv visoko\u0161olski u\u010ditelj, znanstveni delavec, asistent z raziskovalnim nazivom in visoko\u0161olski sodelavec ne glede na naziv ter \u0161tudenti, in sicer tako, da je njihovo \u0161tevilo najmanj ena petina \u010dlanov akademskega zbora.<\/span><\/span><\/p>\n<p style=\"text-align: justify;\"><span class=\"TextRun BCX0 SCXW97370517\" lang=\"SL-SI\" xml:lang=\"SL-SI\" data-contrast=\"none\"><span class=\"NormalTextRun BCX0 SCXW97370517\" data-ccp-parastyle=\"Normal (Web)\">Pri delu Akademskega zbora \u010dlanice sodelujejo tudi drugi delavci. Drugi delavci sodelujejo pri obravnavi tistih vpra\u0161anj, ki se nana\u0161ajo na pravice in dol\u017enosti drugih delavcev \u010dlanice. Podrobnej\u0161i na\u010din sodelovanja drugih delavcev se dolo\u010di v splo\u0161nem aktu o delovanju akademskih zborov \u010dlanic.<\/span><\/span><\/p>\n<p>Akademski zbor:<\/p>\n<ul>\n<li>izvoli senat \u010dlanice,<\/li>\n<li>obravnava in sprejema program razvoja \u010dlanice,<\/li>\n<li>obravnava poro\u010dila o delu \u010dlanice ter daje predloge in pobude senatu \u010dlanice,<\/li>\n<li><span class=\"TrackChangeTextInsertion TrackedChange SCXW130038383 BCX0\"><span class=\"TrackedChange SCXW130038383 BCX0\"><span class=\"TextRun SCXW130038383 BCX0\" lang=\"SL-SI\" xml:lang=\"SL-SI\" data-contrast=\"none\"><span class=\"NormalTextRun SCXW130038383 BCX0\">obravnava in sprejema poslanstvo, vizijo, strate\u0161ki na\u010drt in cilje razvoja \u010dlanice,\u00a0<\/span><\/span><\/span><\/span><span class=\"EOP TrackedChange SCXW130038383 BCX0\" data-ccp-props=\"{&quot;134233117&quot;:true,&quot;134233118&quot;:true,&quot;201341983&quot;:2,&quot;335559739&quot;:160,&quot;335559740&quot;:390}\">\u00a0<\/span><\/li>\n<li>opravlja druge naloge, dolo\u010dene s statutom.<\/li>\n<\/ul>\n<p>&nbsp;<\/p>\n<p><span data-contrast=\"none\">Akademski zbor izmed svojih \u010dlanov izvoli predsednika, ki sklicuje in vodi seje. Dekan \u010dlanice ne more biti izvoljen za predsednika Akademskega zbora.<br \/>\n<\/span><span data-contrast=\"none\">Akademski zbor \u010dlanice na tajnih volitvah voli \u010dlane Senata \u010dlanice. Volilno pravico imajo vsi visoko\u0161olski u\u010ditelji, znanstveni delavci, asistenti z raziskovalnim nazivom in visoko\u0161olski sodelavci ne glede na naziv.\u00a0<\/span><span data-ccp-props=\"{&quot;134233117&quot;:true,&quot;134233118&quot;:true,&quot;201341983&quot;:2,&quot;335551550&quot;:6,&quot;335551620&quot;:6,&quot;335559740&quot;:384}\"><br \/>\n<\/span><span data-contrast=\"none\">\u0160tudenti, ki so \u010dlani akademskega zbora, volijo \u010dlane senata \u010dlanice, ki so predstavniki \u0161tudentov.\u00a0<\/span><span data-ccp-props=\"{&quot;134233117&quot;:true,&quot;134233118&quot;:true,&quot;201341983&quot;:2,&quot;335551550&quot;:6,&quot;335551620&quot;:6,&quot;335559740&quot;:384}\"><br \/>\n<\/span><span data-contrast=\"none\">Senat univerze s splo\u0161nim aktom dolo\u010di natan\u010dnej\u0161a pravila in postopke za oblikovanje akademskih zborov<\/span><\/p>\n<p><span class=\"TrackChangeTextInsertion TrackedChange SCXW96198572 BCX0\"><span class=\"TextRun SCXW96198572 BCX0\" lang=\"SL-SI\" xml:lang=\"SL-SI\" data-contrast=\"auto\"><span class=\"NormalTextRun SCXW96198572 BCX0\">Postopke za oblikovanje in delovanje Akademskih zborov \u010dlanic Univerze v Mariboru ureja<\/span><\/span><\/span><span class=\"TrackChangeTextInsertion TrackedChange SCXW96198572 BCX0\"><span class=\"TextRun SCXW96198572 BCX0\" lang=\"SL-SI\" xml:lang=\"SL-SI\" data-contrast=\"auto\"><span class=\"NormalTextRun SCXW96198572 BCX0\">\u00a0<\/span><\/span><\/span><a class=\"Hyperlink SCXW96198572 BCX0\" href=\"https:\/\/www.um.si\/univerza\/dokumentni-center\/akti\/Strani\/Pravne-splosne-zadeve.aspx\" target=\"_blank\" rel=\"noreferrer noopener\"><span class=\"TrackChangeTextInsertion TrackedChange SCXW96198572 BCX0\"><span class=\"TrackedChange SCXW96198572 BCX0\"><span class=\"FieldRange SCXW96198572 BCX0\"><span class=\"TextRun Underlined SCXW96198572 BCX0\" lang=\"SL-SI\" xml:lang=\"SL-SI\" data-contrast=\"none\"><span class=\"NormalTextRun SCXW96198572 BCX0\" data-ccp-charstyle=\"Hyperlink\">Pravilnik o postopku za oblikovanje in delovanje Akademskih zborov\u00a0<\/span><\/span><\/span><\/span><span class=\"TrackedChange SCXW96198572 BCX0\"><span class=\"TextRun Underlined SCXW96198572 BCX0\" lang=\"SL-SI\" xml:lang=\"SL-SI\" data-contrast=\"none\"><span class=\"NormalTextRun SCXW96198572 BCX0\" data-ccp-charstyle=\"Hyperlink\">\u010d<\/span><\/span><\/span><span class=\"TrackedChange SCXW96198572 BCX0\"><span class=\"TextRun Underlined SCXW96198572 BCX0\" lang=\"SL-SI\" xml:lang=\"SL-SI\" data-contrast=\"none\"><span class=\"NormalTextRun SCXW96198572 BCX0\" data-ccp-charstyle=\"Hyperlink\">lanic Univerze v Mariboru<\/span><\/span><\/span><\/span><\/a><\/p>\n","protected":false},"excerpt":{"rendered":"<p>Predsednik red. prof. ddr. Boris Aber\u0161ek (12. 5. 2022-11. 5. 2026) Namestnik\u00a0predsednika red. prof. dr. Samo Kralj (12. 5. 2022-11. 5. 2026) Zapisniki: 31. redne seje &#8211; 16. 11. 2021 4. izredne seje &#8211; 14. 10. 2021 30. redne seje &#8211; 14. 9. 2021 3. izredne seje &#8211; 13. 10. 2020 29. redne seje &#8211; [&hellip;]<\/p>\n","protected":false},"author":1,"featured_media":0,"parent":2238,"menu_order":464,"comment_status":"closed","ping_status":"closed","template":"","meta":{"_et_pb_use_builder":"","_et_pb_old_content":"","_et_gb_content_width":"","footnotes":""},"class_list":["post-33","page","type-page","status-publish","hentry"],"publishpress_future_workflow_manual_trigger":{"enabledWorkflows":[]},"_links":{"self":[{"href":"https:\/\/www.fnm.um.si\/index.php\/wp-json\/wp\/v2\/pages\/33","targetHints":{"allow":["GET"]}}],"collection":[{"href":"https:\/\/www.fnm.um.si\/index.php\/wp-json\/wp\/v2\/pages"}],"about":[{"href":"https:\/\/www.fnm.um.si\/index.php\/wp-json\/wp\/v2\/types\/page"}],"author":[{"embeddable":true,"href":"https:\/\/www.fnm.um.si\/index.php\/wp-json\/wp\/v2\/users\/1"}],"replies":[{"embeddable":true,"href":"https:\/\/www.fnm.um.si\/index.php\/wp-json\/wp\/v2\/comments?post=33"}],"version-history":[{"count":30,"href":"https:\/\/www.fnm.um.si\/index.php\/wp-json\/wp\/v2\/pages\/33\/revisions"}],"predecessor-version":[{"id":38770,"href":"https:\/\/www.fnm.um.si\/index.php\/wp-json\/wp\/v2\/pages\/33\/revisions\/38770"}],"up":[{"embeddable":true,"href":"https:\/\/www.fnm.um.si\/index.php\/wp-json\/wp\/v2\/pages\/2238"}],"wp:attachment":[{"href":"https:\/\/www.fnm.um.si\/index.php\/wp-json\/wp\/v2\/media?parent=33"}],"curies":[{"name":"wp","href":"https:\/\/api.w.org\/{rel}","templated":true}]}}