{"id":31322,"date":"2021-05-07T11:51:55","date_gmt":"2021-05-07T09:51:55","guid":{"rendered":"https:\/\/www.fnm.um.si\/?page_id=31322"},"modified":"2026-01-15T16:18:04","modified_gmt":"2026-01-15T14:18:04","slug":"vpisni-pogoji-2022-2023","status":"publish","type":"page","link":"https:\/\/www.fnm.um.si\/index.php\/vpisni-pogoji-2022-2023\/","title":{"rendered":"Predmetni u\u010ditelj: Vpisni pogoji od \u0161tudijskega leta 2022\/2023 dalje"},"content":{"rendered":"<div id=\"predmetnik-obeh-usmeritev\">\n<div>\n<h2>Vpisni pogoji za:<select class=\"izbira-usmeritev1\" style=\"font-size: 18px; font-weight: bold; ; margin: 0px 10px;\"><option value=\"\">-Izberi usmeritev 1<\/option><option value=\"bio\">Izobra\u017eevalna biologija<\/option><option value=\"fiz\">Izobra\u017eevalna fizika<\/option><option value=\"kem\">Izobra\u017eevalna kemija<\/option><option value=\"mat\">Izobra\u017eevalna matematika<\/option><option value=\"rac\">Izobra\u017eevalno ra\u010dunalni\u0161tvo<\/option><option value=\"teh\">Izobra\u017eevalna tehnika<\/option><\/select>in<select class=\"izbira-usmeritev2\" style=\"font-size: 18px; font-weight: bold; margin-left: 10px;\"><option value=\"\">-Izberi usmeritev 2-<\/option><option value=\"bio\">Izobra\u017eevalna biologija<\/option><option value=\"fiz\">Izobra\u017eevalna fizika<\/option><option value=\"kem\">Izobra\u017eevalna kemija<\/option><option value=\"mat\">Izobra\u017eevalna matematika<\/option><option value=\"rac\">Izobra\u017eevalno ra\u010dunalni\u0161tvo<\/option><option value=\"teh\">Izobra\u017eevalna tehnika<\/option><\/select><\/h2>\n<\/div>\n<div class=\"izbira-nepravilno\" style=\"color: red;\">Za prikaz predmetnika izberite eno ali dve razli\u010dni smeri.<\/div>\n<div class=\"izbira-pravilno\">\n<div class=\"mat\">Prikazana smer Izobra\u017eevalna matematika (IM).<\/div>\n<div class=\"bio\">Prikazana smer Izobra\u017eevalna biologija (IB).<\/div>\n<div class=\"fiz\">Prikazana smer Izobra\u017eevalna fizika (IF).<\/div>\n<div class=\"kem\">Prikazana smer Izobra\u017eevalna kemija (IK).<\/div>\n<div class=\"rac\">Prikazana smer Izobra\u017eevalna ra\u010dunalni\u0161tvo (IR).<\/div>\n<div class=\"teh\">Prikazana smer Izobra\u017eevalna tehnika (IT).<\/div>\n<div class=\"mat-bio\">Prikazana kombinacija matematika-biologija.<\/div>\n<div class=\"mat-kem\">Prikazana kombinacija matematika-kemija.<\/div>\n<div class=\"mat-fiz\">Prikazana kombinacija matematika-fizika.<\/div>\n<div class=\"mat-teh\">Prikazana kombinacija matematika-tehnika.<\/div>\n<div class=\"mat-rac\">Prikazana kombinacija matematika-ra\u010dunalni\u0161tvo.<\/div>\n<div class=\"bio-kem\">Prikazana kombinacija biologija-kemija.<\/div>\n<div class=\"bio-fiz\">Prikazana kombinacija biologija-fizika.<\/div>\n<div class=\"bio-teh\">Prikazana kombinacija biologija-tehnika.<\/div>\n<div class=\"bio-rac\">Prikazana kombinacija biologija-ra\u010dunalni\u0161tvo.<\/div>\n<div class=\"rac-kem\">Prikazana kombinacija ra\u010dunalni\u0161tvo-kemija.<\/div>\n<div class=\"rac-fiz\">Prikazana kombinacija ra\u010dunalni\u0161tvo-fizika.<\/div>\n<div class=\"rac-teh\">Prikazana kombinacija ra\u010dunalni\u0161tvo-tehnika.<\/div>\n<div class=\"teh-kem\">Prikazana kombinacija tehnika-kemija.<\/div>\n<div class=\"teh-fiz\">Prikazana kombinacija tehnika-fizika.<\/div>\n<div class=\"kem-fiz\">Prikazana kombinacija kemija-fizika.<\/div>\n<div class=\"teh\">\n<h3>Sem pridejo vsi vpisni pogoji, ki so vezani na predmet tehnika + ostale smeri.<\/h3>\n<\/div>\n<div class=\"mat\">\n<h3>Prosimo, da izberete \u0161e drugo \u0161tudijsko smer!<\/h3>\n<\/div>\n<div class=\"rac\">\n<h3>Prosimo, da izberete \u0161e drugo \u0161tudijsko smer!<\/h3>\n<\/div>\n<div class=\"fiz\">\n<h3>Prosimo, da izberete \u0161e drugo \u0161tudijsko smer!<\/h3>\n<\/div>\n<div class=\"kem\">\n<h3>Prosimo, da izberete \u0161e drugo \u0161tudijsko smer!<\/h3>\n<\/div>\n<div class=\"bio\">\n<h3>Prosimo, da izberete \u0161e drugo \u0161tudijsko smer!<\/h3>\n<\/div>\n<div class=\"mat-teh\">\n<h3>V \u0161tudijski program Predmetni u\u010ditelj smer IZOBRA\u017dEVALNA MATEMATIKA in IZOBRA\u017dEVALNA TEHNIKA se lahko vpi\u0161e:<br \/>\na) kdor je opravil splo\u0161no maturo<br \/>\nb) kdor je pred 1. 6. 1995 kon\u010dal katerikoli \u0161tiriletni srednje\u0161olski program.<\/h3>\n<\/div>\n<div class=\"mat-bio\">\n<h3>V \u0161tudijski program Predmetni u\u010ditelj smer IZOBRA\u017dEVALNA BIOLOGIJA in IZOBRA\u017dEVALNA MATEMATIKA se lahko vpi\u0161e:<br \/>\na) kdor je opravil splo\u0161no maturo<br \/>\nb) kdor je pred 1. 6. 1995 kon\u010dal katerikoli \u0161tiriletni srednje\u0161olski program.<\/h3>\n<\/div>\n<div class=\"mat-kem\">\n<h3>V \u0161tudijski program Predmetni u\u010ditelj smer IZOBRA\u017dEVALNA KEMIJA in IZOBRA\u017dEVALNA MATEMATIKA se lahko vpi\u0161e:<br \/>\na) kdor je opravil splo\u0161no maturo<br \/>\nb) kdor je pred 1. 6. 1995 kon\u010dal katerikoli \u0161tiriletni srednje\u0161olski program.<\/h3>\n<\/div>\n<div class=\"mat-rac\">\n<h3>V \u0161tudijski program Predmetni u\u010ditelj smer IZOBRA\u017dEVALNA MATEMATIKA in IZOBRA\u017dEVALNO RA\u010cUNALNI\u0160TVO se lahko vpi\u0161e:<br \/>\na) kdor je opravil splo\u0161no maturo<br \/>\nb) kdor je pred 1. 6. 1995 kon\u010dal katerikoli \u0161tiriletni srednje\u0161olski program.<\/h3>\n<\/div>\n<div class=\"mat-fiz\">\n<h3>V \u0161tudijski program Predmetni u\u010ditelj smer IZOBRA\u017dEVALNA FIZIKA in IZOBRA\u017dEVALNA MATEMATIKA se lahko vpi\u0161e:<br \/>\na) kdor je opravil splo\u0161no maturo<br \/>\nb) kdor je pred 1. 6. 1995 kon\u010dal katerikoli \u0161tiriletni srednje\u0161olski program.<\/h3>\n<\/div>\n<div class=\"bio-kem\">\n<h3>V \u0161tudijski program Predmetni u\u010ditelj smer IZOBRA\u017dEVALNA BIOLOGIJA in IZOBRA\u017dEVALNA KEMIJA se lahko vpi\u0161e:<br \/>\na) kdor je opravil splo\u0161no maturo<br \/>\nb) kdor je opravil poklicno maturo v naslednjih srednje\u0161olskih programih: farmacevtski tehnik, tehnik laboratorijske biomedicine, kemijski tehnik, hortikulturni tehnik, naravovarstveni tehnik, kmetijsko podjetni\u0161ki tehnik<br \/>\nin izpit iz enega od maturitetnih predmetov Matermatika, Fizika, Biologija, Kemija; izbrani predmet ne sme biti predmet, ki ga je opravil \u017ee pri poklicni maturi.<br \/>\nc) kdor je pred 1. 6. 1995 kon\u010dal katerikoli \u0161tiriletni srednje\u0161olski program.<\/h3>\n<\/div>\n<div class=\"bio-fiz\">\n<h3>V \u0161tudijski program Predmetni u\u010ditelj smer IZOBRA\u017dEVALNA BIOLOGIJA in IZOBRA\u017dEVALNA FIZIKA se lahko vpi\u0161e:<br \/>\na) kdor je opravil splo\u0161no maturo<br \/>\nb) kdor je opravil poklicno maturo v naslednjih srednje\u0161olskih programih: farmacevtski tehnik, tehnik laboratorijske biomedicine, kemijski tehnik<br \/>\nin izpit iz enega od maturitetnih predmetov Matematika, Fizika; izbrani predmet ne sme biti predmet, ki ga je opravil \u017ee pri poklicni maturi.<br \/>\nc) kdor je pred 1. 6. 1995 kon\u010dal katerikoli \u0161tiriletni srednje\u0161olski program.<\/h3>\n<\/div>\n<div class=\"bio-teh\">\n<h3>V \u0161tudijski program Predmetni u\u010ditelj smer IZOBRA\u017dEVALNA BIOLOGIJA in IZOBRA\u017dEVALNA TEHNIKA se lahko vpi\u0161e:<br \/>\na) kdor je opravil splo\u0161no maturo<br \/>\nb) kdor je opravil poklicno maturo v naslednjih srednje\u0161olskih programih: farmacevtski tehnik , tehnik laboratorijske biomedicine, kemijski tehnik, gozdarski tehnik,<br \/>\nnaravovarstveni tehnik, okoljevarstveni tehnik, veterinarski tehnik, kmetijsko podjetni\u0161ki tehnik<br \/>\nin izpit iz enega od maturitetnih predmetov Matematika, Fizika, Biologija, Kemija; izbrani predmet ne sme biti predmet, ki ga je opravil \u017ee pri poklicni maturi.<br \/>\nc) kdor je pred 1. 6. 1995 kon\u010dal katerikoli \u0161tiriletni srednje\u0161olski program.<\/h3>\n<\/div>\n<div class=\"bio-rac\">\n<h3>V \u0161tudijski program Predmetni u\u010ditelj smer IZOBRA\u017dEVALNA BIOLOGIJA in IZOBRA\u017dEVALNO RA\u010cUNALNI\u0160TVO se lahko vpi\u0161e:<br \/>\na) kdor je opravil splo\u0161no maturo<br \/>\nb) kdor je pred 1. 6. 1995 kon\u010dal katerikoli \u0161tiriletni srednje\u0161olski program.<\/h3>\n<\/div>\n<div class=\"rac-kem\">\n<h3>V \u0161tudijski program Predmetni u\u010ditelj smer IZOBRA\u017dEVALNA KEMIJA in IZOBRA\u017dEVALNO RA\u010cUNALNI\u0160TVO se lahko vpi\u0161e:<br \/>\na) kdor je opravil splo\u0161no maturo<br \/>\nb) kdor je pred 1. 6. 1995 kon\u010dal katerikoli \u0161tiriletni srednje\u0161olski program.<\/h3>\n<\/div>\n<div class=\"rac-fiz\">\n<h3>V \u0161tudijski program Predmetni u\u010ditelj smer IZOBRA\u017dEVALNA FIZIKA in IZOBRA\u017dEVALNO RA\u010cUNALNI\u0160TVO se lahko vpi\u0161e:<br \/>\na) kdor je opravil splo\u0161no maturo<br \/>\nb) kdor je opravil poklicno maturo v naslednjih srednje\u0161olskih programih:<br \/>\ntehnik ra\u010dunalni\u0161tva<br \/>\nin izpit iz enega od maturitetnih predmetov Matematika, Fizika; izbrani predmet ne sme biti predmet, ki ga je opravil \u017ee pri poklicni maturi.<br \/>\nc) kdor je pred 1. 6. 1995 kon\u010dal katerikoli \u0161tiriletni srednje\u0161olski program.<\/h3>\n<\/div>\n<div class=\"rac-teh\">\n<h3>V \u0161tudijski program Predmetni u\u010ditelj smer IZOBRA\u017dEVALNA TEHNIKA in IZOBRA\u017dEVALNO RA\u010cUNALNI\u0160TVO se lahko vpi\u0161e:<br \/>\na) kdor je opravil splo\u0161no maturo<br \/>\nb) kdor je opravil poklicno maturo v naslednjih srednje\u0161olskih programih:<br \/>\ntehnik ra\u010dunalni\u0161tva<br \/>\nin izpit iz enega od maturitetnih predmetov Matematika, Fizika, Ra\u010dunalni\u0161tvo; izbrani predmet ne sme biti predmet, ki ga je opravil \u017ee pri poklicni maturi.<br \/>\nc) kdor je pred 1. 6. 1995 kon\u010dal katerikoli \u0161tiriletni srednje\u0161olski program.<\/h3>\n<\/div>\n<div class=\"teh-kem\">\n<h3>V \u0161tudijski program Predmetni u\u010ditelj smer IZOBRA\u017dEVALNA KEMIJA in IZOBRA\u017dEVALNA TEHNIKA se lahko vpi\u0161e:<br \/>\na) kdor je opravil splo\u0161no maturo<br \/>\nb) kdor je opravil poklicno maturo v naslednjih srednje\u0161olskih programih:<br \/>\nfarmacevtski tehnik, kemijski tehnik, kmetijsko podjetni\u0161ki tehnik, naravovarstveni tehnik,<br \/>\ntehnik laboratorijske biomedicine<br \/>\nin izpit iz enega od maturitetnih predmetov Matematika, Fizika, Kemija, Biologija; izbrani predmet ne sme biti predmet, ki ga je opravil \u017ee pri poklicni maturi.<br \/>\nc) kdor je pred 1. 6. 1995 kon\u010dal katerikoli \u0161tiriletni srednje\u0161olski program.<\/h3>\n<\/div>\n<div class=\"teh-fiz\">\n<h3>V \u0161tudijski program Predmetni u\u010ditelj smer IZOBRA\u017dEVALNA FIZIKA in IZOBRA\u017dEVALNA TEHNIKA se lahko vpi\u0161e:<br \/>\na) kdor je opravil splo\u0161no maturo<br \/>\nb) kdor je opravil poklicno maturo v naslednjih srednje\u0161olskih programih:<br \/>\nelektrotehnik, farmacevtski tehnik, kemijski tehnik, gradbeni tehnik, ladijski strojni tehnik, lesarski tehnik, strojni tehnik, tehnik elektronskih komunikacij, tehnik laboratorijske biomedicine, tehnik mehatronike, tehnik ra\u010dunalni\u0161tva<br \/>\nin izpit iz enega od maturitetnih predmetov Matematika, Fizika; izbrani predmet ne sme biti predmet, ki ga je opravil \u017ee pri poklicni maturi.<br \/>\nc) kdor je pred 1. 6. 1995 kon\u010dal katerikoli \u0161tiriletni srednje\u0161olski program.<\/h3>\n<\/div>\n<div class=\"fiz-kem\">\n<h3>V \u0161tudijski program Predmetni u\u010ditelj smer IZOBRA\u017dEVALNA FIZIKA in IZOBRA\u017dEVALNA KEMIJA se lahko vpi\u0161e:<br \/>\na) kdor je opravil splo\u0161no maturo<br \/>\nb) kdor je opravil poklicno maturo v naslednjih srednje\u0161olskih programih:<br \/>\nfarmacevtski tehnik, tehnik laboratorijske biomedicine, kemijski tehnik<br \/>\nin izpit iz enega od maturitetnih predmetov Matematika, Fizika; izbrani predmet ne sme biti predmet, ki ga je opravil \u017ee pri poklicni maturi.<br \/>\nc) kdor je pred 1. 6. 1995 kon\u010dal katerikoli \u0161tiriletni srednje\u0161olski program.<\/h3>\n<\/div>\n<\/div>\n<p><!-- Tekst ki je vedno prikazan na koncu --><\/p>\n<hr \/>\n<div><\/div>\n<p><script type=\"text\/javascript\">\n        window.onload = function () {\n                var usmeritve = [\"bio\", \"fiz\", \"kem\", \"mat\", \"rac\", \"teh\"];\n                var izbiraNepravilno = jQuery(\"#predmetnik-obeh-usmeritev .izbira-nepravilno\");\n                var izbiraPravilno = jQuery(\"#predmetnik-obeh-usmeritev .izbira-pravilno\");\n                izbiraPravilno.hide();\n                var izbiraUsmeritev1 = jQuery(\"#predmetnik-obeh-usmeritev .izbira-usmeritev1\");\n                var izbiraUsmeritev2 = jQuery(\"#predmetnik-obeh-usmeritev .izbira-usmeritev2\");\n                var skrijVseUsmeritve = function () {\n                    for (var i = 0; i < usmeritve.length; i++) {\n                        izbiraPravilno.find(\".\" + usmeritve[i]).hide();\n                        for (var j = i + 1; j < usmeritve.length; j++) {\n                            izbiraPravilno.find(\".\" + usmeritve[i] + \"-\" + usmeritve[j]).hide();\n                            izbiraPravilno.find(\".\" + usmeritve[j] + \"-\" + usmeritve[i]).hide();\n                        }\n                    }\n                };\n                skrijVseUsmeritve();\n\n                var spremembaUsmeritve = function () {\n                    var u1 = izbiraUsmeritev1.find(\":selected\").val();\n                    var u2 = izbiraUsmeritev2.find(\":selected\").val();\n                    skrijVseUsmeritve();\n                    if (u1 === u2) {\n                        izbiraPravilno.hide();\n                        izbiraNepravilno.show();\n                        return;\n                    }\n                    if (u1 !== \"\") {\n                        if (u2 === \"\") {\n                            izbiraPravilno.find(\".\" + u1).show();\n                            izbiraPravilno.show();\n                            izbiraNepravilno.hide();\n                            return;\n\n                        }\n                    }\n                    if (u1 === \"\") {\n                        if (u2 !== \"\") {\n                            izbiraPravilno.find(\".\" + u2).show();\n                            izbiraPravilno.show();\n                            izbiraNepravilno.hide();\n                            return;\n                        }\n                    }\n                    \/\/izbiraPravilno.find(\".\" + u1).show();\n                    \/\/izbiraPravilno.find(\".\" + u2).show();\n                    izbiraPravilno.find(\".\" + u1 + \"-\" + u2).show();\n                    izbiraPravilno.find(\".\" + u2 + \"-\" + u1).show();\n                    izbiraPravilno.find(\".splosni\").show();\n                    izbiraPravilno.show();\n                    izbiraNepravilno.hide();\n\n                };\n                izbiraUsmeritev1.change(spremembaUsmeritve);\n                izbiraUsmeritev2.change(spremembaUsmeritve);\n            };\n    <\/script><\/p>\n<\/div>\n","protected":false},"excerpt":{"rendered":"<p>Vpisni pogoji za:-Izberi usmeritev 1Izobra\u017eevalna biologijaIzobra\u017eevalna fizikaIzobra\u017eevalna kemijaIzobra\u017eevalna matematikaIzobra\u017eevalno ra\u010dunalni\u0161tvoIzobra\u017eevalna tehnikain-Izberi usmeritev 2-Izobra\u017eevalna biologijaIzobra\u017eevalna fizikaIzobra\u017eevalna kemijaIzobra\u017eevalna matematikaIzobra\u017eevalno ra\u010dunalni\u0161tvoIzobra\u017eevalna tehnika Za prikaz predmetnika izberite eno ali dve razli\u010dni smeri. Prikazana smer Izobra\u017eevalna matematika (IM). Prikazana smer Izobra\u017eevalna biologija (IB). Prikazana smer Izobra\u017eevalna fizika (IF). Prikazana smer Izobra\u017eevalna kemija (IK). Prikazana smer Izobra\u017eevalna ra\u010dunalni\u0161tvo (IR). Prikazana smer [&hellip;]<\/p>\n","protected":false},"author":3,"featured_media":0,"parent":0,"menu_order":0,"comment_status":"closed","ping_status":"closed","template":"","meta":{"_et_pb_use_builder":"","_et_pb_old_content":"","_et_gb_content_width":"","footnotes":""},"class_list":["post-31322","page","type-page","status-publish","hentry"],"publishpress_future_workflow_manual_trigger":{"enabledWorkflows":[]},"_links":{"self":[{"href":"https:\/\/www.fnm.um.si\/index.php\/wp-json\/wp\/v2\/pages\/31322","targetHints":{"allow":["GET"]}}],"collection":[{"href":"https:\/\/www.fnm.um.si\/index.php\/wp-json\/wp\/v2\/pages"}],"about":[{"href":"https:\/\/www.fnm.um.si\/index.php\/wp-json\/wp\/v2\/types\/page"}],"author":[{"embeddable":true,"href":"https:\/\/www.fnm.um.si\/index.php\/wp-json\/wp\/v2\/users\/3"}],"replies":[{"embeddable":true,"href":"https:\/\/www.fnm.um.si\/index.php\/wp-json\/wp\/v2\/comments?post=31322"}],"version-history":[{"count":23,"href":"https:\/\/www.fnm.um.si\/index.php\/wp-json\/wp\/v2\/pages\/31322\/revisions"}],"predecessor-version":[{"id":61589,"href":"https:\/\/www.fnm.um.si\/index.php\/wp-json\/wp\/v2\/pages\/31322\/revisions\/61589"}],"wp:attachment":[{"href":"https:\/\/www.fnm.um.si\/index.php\/wp-json\/wp\/v2\/media?parent=31322"}],"curies":[{"name":"wp","href":"https:\/\/api.w.org\/{rel}","templated":true}]}}