{"id":311,"date":"2010-10-19T13:44:50","date_gmt":"2010-10-19T13:44:50","guid":{"rendered":"http:\/\/164.8.33.101\/index.php\/2010\/10\/19\/intitut-za-biologijo-ekologijo-in-varstvo-narave\/"},"modified":"2024-12-03T16:22:20","modified_gmt":"2024-12-03T14:22:20","slug":"intitut-za-biologijo-ekologijo-in-varstvo-narave","status":"publish","type":"page","link":"https:\/\/www.fnm.um.si\/index.php\/raziskovalna-dejavnost\/intitut-za-biologijo-ekologijo-in-varstvo-narave\/","title":{"rendered":"In\u0161titut za biologijo, ekologijo in varstvo narave"},"content":{"rendered":"<p>IN\u0160TITUT\u00a0ZA\u00a0BIOLOGIJO, EKOLOGIJO IN VARSTVO NARAVE<br \/>\nPredstojnica:<br \/>\ndoc. dr. Nata\u0161a Pipenbaher<br \/>\ne-mail: <a href=\"mailto:natasa.pipenbaher@um.si\">natasa.pipenbaher@um.si<\/a><br \/>\ntel: +386 (0)2 22 93 730<br \/>\n<strong>SICRIS<\/strong><strong>: <a href=\"https:\/\/cris.cobiss.net\/ecris\/si\/sl\/group\/6591\">https:\/\/cris.cobiss.net\/ecris\/si\/sl\/group\/6591<\/a> <\/strong><\/p>\n<p>In\u0161titut je organizacijska enota raziskovalcev Oddelka za biologijo. \u010clani imailto:franc.janzekovic@um.sin\u0161tituta delujejo tako v okviru temeljnih kot tudi aplikativnih raziskav v biologiji, ekologiji in naravovarstvu. Od temeljnih raziskav se posve\u010dajo raziskavam v taksonomiji rastlin in \u017eivali (predvsem suhe ju\u017eine, mre\u017eekrilci, sesalci, pti\u010di), histologiji \u017eu\u017eelk in \u010dloveka, fiziologiji rastlin in \u017eu\u017eelk, etologiji \u017eu\u017eelk, biotehnologiji, didaktiki biologije, ekologije in naravoslovja. Velik je poudarek na ekolo\u0161kih raziskavah, tako rastlin kot \u017eivali, kot tudi interakcijam med njimi. Raziskovalci in\u0161tituta se posebej posve\u010dajo podzemeljskim raziskavam, teresti\u010dnim ekosistemom in krajinski ekologiji.<\/p>\n<p>Aplikativni del raziskav obsega metodiko pou\u010devanja biologije in prenos znanj na srednje in osnovne \u0161ole, varstveno biologijo, rekonstrukcijo degradiranih habitatov, presoje vplivov na okolje, inventarizacije favne in flore za potrebe naravovarstva, kartiranje habitatnih tipov, izdelavo u\u010dnih poti, izdelavo terenskih vodnikov ipd.<\/p>\n<p>In\u0161titut vzgaja mlade raziskovalce in sodeluje v programski skupini ARRS (Javna agencija za raziskovalno dejavnost Republike Slovenije). \u010clani in\u0161tituta sodelujejo na temeljnih projektih ARRS ter so vklju\u010deni tudi v evropske projekte.<\/p>\n","protected":false},"excerpt":{"rendered":"<p>IN\u0160TITUT\u00a0ZA\u00a0BIOLOGIJO, EKOLOGIJO IN VARSTVO NARAVE Predstojnica: doc. dr. Nata\u0161a Pipenbaher e-mail: natasa.pipenbaher@um.si tel: +386 (0)2 22 93 730 SICRIS: https:\/\/cris.cobiss.net\/ecris\/si\/sl\/group\/6591 In\u0161titut je organizacijska enota raziskovalcev Oddelka za biologijo. \u010clani imailto:franc.janzekovic@um.sin\u0161tituta delujejo tako v okviru temeljnih kot tudi aplikativnih raziskav v biologiji, ekologiji in naravovarstvu. Od temeljnih raziskav se posve\u010dajo raziskavam v taksonomiji rastlin in \u017eivali [&hellip;]<\/p>\n","protected":false},"author":1,"featured_media":0,"parent":65,"menu_order":414,"comment_status":"closed","ping_status":"closed","template":"","meta":{"_et_pb_use_builder":"","_et_pb_old_content":"","_et_gb_content_width":"","footnotes":""},"class_list":["post-311","page","type-page","status-publish","hentry"],"publishpress_future_workflow_manual_trigger":{"enabledWorkflows":[]},"_links":{"self":[{"href":"https:\/\/www.fnm.um.si\/index.php\/wp-json\/wp\/v2\/pages\/311","targetHints":{"allow":["GET"]}}],"collection":[{"href":"https:\/\/www.fnm.um.si\/index.php\/wp-json\/wp\/v2\/pages"}],"about":[{"href":"https:\/\/www.fnm.um.si\/index.php\/wp-json\/wp\/v2\/types\/page"}],"author":[{"embeddable":true,"href":"https:\/\/www.fnm.um.si\/index.php\/wp-json\/wp\/v2\/users\/1"}],"replies":[{"embeddable":true,"href":"https:\/\/www.fnm.um.si\/index.php\/wp-json\/wp\/v2\/comments?post=311"}],"version-history":[{"count":7,"href":"https:\/\/www.fnm.um.si\/index.php\/wp-json\/wp\/v2\/pages\/311\/revisions"}],"predecessor-version":[{"id":54805,"href":"https:\/\/www.fnm.um.si\/index.php\/wp-json\/wp\/v2\/pages\/311\/revisions\/54805"}],"up":[{"embeddable":true,"href":"https:\/\/www.fnm.um.si\/index.php\/wp-json\/wp\/v2\/pages\/65"}],"wp:attachment":[{"href":"https:\/\/www.fnm.um.si\/index.php\/wp-json\/wp\/v2\/media?parent=311"}],"curies":[{"name":"wp","href":"https:\/\/api.w.org\/{rel}","templated":true}]}}