{"id":227,"date":"2010-09-24T09:14:24","date_gmt":"2010-09-24T09:14:24","guid":{"rendered":"http:\/\/164.8.33.101\/index.php\/2010\/09\/24\/obrazci-in-navodila\/"},"modified":"2026-02-18T15:40:09","modified_gmt":"2026-02-18T13:40:09","slug":"obrazci-in-navodila","status":"publish","type":"page","link":"https:\/\/www.fnm.um.si\/index.php\/predstavitev-tudija\/podiplomski-tudijski-programi\/obrazci-in-navodila\/","title":{"rendered":"Obrazci in navodila"},"content":{"rendered":"<p><a href=\"https:\/\/www.fnm.um.si\/wp-content\/uploads\/2019\/05\/Prijavnica.pdf\"><strong>Prijavnica<\/strong><\/a><\/p>\n<p><a href=\"https:\/\/www.fnm.um.si\/index.php\/2019\/10\/03\/obvestilo-za-studente-brez-statusa-v-studijskem-letu-2019-20\/\"><strong>Izjava za podalj\u0161anje veljavnosti dostopa do AIPS<\/strong><\/a><\/p>\n<p><strong>Obrazci za priznavanje izpitov<\/strong><\/p>\n<ul>\n<li><strong><a href=\"https:\/\/www.fnm.um.si\/wp-content\/uploads\/2020\/03\/Vzorec-obrazca-za-priznavanje.docx\">Pro\u0161nja za priznanje izpita<\/a>\u00a0 \u00a0 \u00a0 \u00a0<\/strong><\/li>\n<li><strong><a href=\"https:\/\/www.fnm.um.si\/wp-content\/uploads\/2020\/03\/Mnenje-nosilca-ucne-enote.docx\">Mnenje nosilca u\u010dne enote<\/a><\/strong><\/li>\n<\/ul>\n<p>&nbsp;<\/p>\n<p><strong>Pedago\u0161ka praksa<\/strong><\/p>\n<ul>\n<li><a href=\"https:\/\/www.fnm.um.si\/wp-content\/uploads\/2026\/02\/DNEVNIK-PEDAGOSKE-PRAKSE-FNM_2026.docx\">Dnevnik pedago\u0161ke prakse<\/a><\/li>\n<li><a href=\"https:\/\/www.fnm.um.si\/wp-content\/uploads\/2026\/02\/Napotki-studentom-za-pedagosko-prakso_PU.pdf\">Napotki \u0161tudentom Predmetnega u\u010ditelja<\/a><\/li>\n<li><a href=\"https:\/\/www.fnm.um.si\/wp-content\/uploads\/2026\/02\/Napotki-studentom-za-pedagosko-prakso_ENO.pdf\">Napotki enopredmetnim \u0161tudentom<\/a><\/li>\n<li><a href=\"https:\/\/www.fnm.um.si\/wp-content\/uploads\/2026\/02\/Napotki-mentorjem-za-pedagosko-prakso_PU.pdf\">Napotki mentorjem \u0161tudentov Predmetnega u\u010ditelja<\/a><\/li>\n<li><a href=\"https:\/\/www.fnm.um.si\/wp-content\/uploads\/2026\/02\/Napotki-mentorjem-za-pedagosko-prakso_ENO.pdf\">Napotki mentorjem \u0161tudentov enopredmetnih programov<\/a><\/li>\n<\/ul>\n<p>&nbsp;<\/p>\n<p><span style=\"font-size: 12pt;\"><strong>\u0160TUDIJSKI PROGRAMI 2. STOPNJE<\/strong><\/span><\/p>\n<p><strong>Diplomski postopek<\/strong><\/p>\n<p><a href=\"https:\/\/www.fnm.um.si\/wp-content\/uploads\/2022\/06\/Navodila-za-zakljucek-studija-FNM-_1-2-in-EMAG.docx\">Navodila o zaklju\u010dku \u0161tudija na \u0161tudijskih programih 1. stopnje in postopku priprave in zagovora magistrskega dela na \u0161tudijskih programih 2. stopnje in EMAG\u00a0 FNM UM <\/a>&#8211; <span style=\"color: #ff0000;\"><strong>NOVO!<\/strong><\/span><\/p>\n<p><a href=\"https:\/\/www.fnm.um.si\/wp-content\/uploads\/2022\/01\/Skupne-usmeritve-za-pripravo-zakljucnih-del_nov2021_koncna.pdf\">Smernice za pripravo zaklju\u010dnih del na UM\u00a0<\/a><br \/>\n<a href=\"https:\/\/dk.um.si\/info\/images\/docs\/navodila-o-pripravi-in-oddaji-del-2014-11.pdf\">Navodila o preverjanju podobnosti vsebin elektronske oblike zaklju\u010dnega dela z drugimi deli<\/a><br \/>\n<a href=\"https:\/\/www.fnm.um.si\/wp-content\/uploads\/2022\/01\/Navodila_o_pripravi_in_oddaji_elektronske_cistopis_25nov2021_.pdf\">Navodila o pripravi in oddaji elektronske oblike zaklju\u010dnega dela ter pogojih za za\u010dasno nedostopnost<\/a><br \/>\n<a href=\"https:\/\/www.fnm.um.si\/wp-content\/uploads\/2020\/05\/NAVODILA-ZA-ZAKLJUCEK-FNM-UM-v3.pdf\">Postopki zaklju\u010dka \u0161tudija na daljavo<\/a><\/p>\n<p><strong>Obrazci za zaklju\u010dek \u0161tudija<\/strong><\/p>\n<ul>\n<li><a href=\"https:\/\/www.fnm.um.si\/wp-content\/uploads\/2022\/06\/PRIJAVNICA-ZA-ZAGOVOR-MAGISTRSKE-SEMINARSKE-NALOGE.docx\">Prijavnica za zagovor magistrske seminarske naloge na EMAG<\/a><\/li>\n<li><a href=\"https:\/\/www.fnm.um.si\/wp-content\/uploads\/2022\/06\/PRIJAVA-TEME-MAGISTRSKEGA-DELA.docx\">Prijava teme magistrskega dela<\/a><\/li>\n<li><a href=\"https:\/\/www.fnm.um.si\/wp-content\/uploads\/2022\/06\/PRIJAVA-SPREMEMBE-TEME-MAGISTRSKEGA-DELA-sprememba-naslova.docx\">Prijava spremembe teme magistrskega dela &#8211; sprememba naslova<\/a><\/li>\n<li style=\"text-align: justify;\"><a href=\"https:\/\/www.fnm.um.si\/wp-content\/uploads\/2022\/06\/PRIJAVA-SPREMEMBE-TEME-MAGISTRSKEGA-DELA-sprememba-mentorja-ali-in-somentorja.docx\">Prijava spremembe teme magistrskega dela &#8211; sprememba mentorja in\/ali somentorja<\/a><\/li>\n<li style=\"text-align: justify;\"><a href=\"https:\/\/www.fnm.um.si\/wp-content\/uploads\/2022\/06\/PRIJAVA-TEME-ZDRUZENEGA-MAGISTRSKEGA-DELA-NA-DVOPREDMETNIH-STUDIJSKIH-PROGRAMIH-2-STOPNJE.docx\">Prijava teme zdru\u017eenega magistrskega dela<\/a><\/li>\n<li style=\"text-align: justify;\"><a href=\"https:\/\/www.fnm.um.si\/wp-content\/uploads\/2022\/06\/PRIORITETA-STROKOVNEGA-NASLOVA-1.docx\">Izjava \u0161tudenta dvopredmetnega \u0161tudijskega programa o izbiri prioritete zapisa strokovnega naslova \u0161tudijskega podro\u010dja<\/a><\/li>\n<li style=\"text-align: justify;\"><a href=\"https:\/\/www.fnm.um.si\/wp-content\/uploads\/2022\/06\/PROSNJA-ZA-PODALJSANJE-VELJAVNOSTI-TEME-MAGISTRSKEGA-DELA.docx\">Pro\u0161nja za podalj\u0161anje veljavnosti teme magistrskega dela<\/a><\/li>\n<li><a href=\"https:\/\/www.fnm.um.si\/index.php\/2021\/02\/24\/interventni-ukrep-sklep-senata-um-glede-oddaje-magistrskega-dela\/\">Interventni ukrep \u2013 sklep Senata UM glede oddaje magistrskega dela<\/a><\/li>\n<li style=\"text-align: justify;\"><a href=\"https:\/\/www.fnm.um.si\/wp-content\/uploads\/2022\/06\/IZJAVA-MENTORJA-oz-SOMENTORJA-O-USTREZNOSTI-MAGISTRSKEGA-DELA.docx\">Izjava mentorja\u00a0 (in somentorja) o ustreznosti magistrskega dela<\/a><\/li>\n<li style=\"text-align: justify;\"><a href=\"https:\/\/www.fnm.um.si\/wp-content\/uploads\/2022\/06\/IZJAVA-O-AVTORSTVU.docx\">Izjava o avtorstvu in istovetnosti tiskane in elektronske oblike zaklju\u010dnega dela<\/a><\/li>\n<li style=\"text-align: justify;\"><a href=\"https:\/\/www.fnm.um.si\/wp-content\/uploads\/2022\/06\/IZJAVA-O-OBJAVI-OSEBNIH-PODATKOV.docx\">Izjava\u00a0 o objavi osebnih podatkov<\/a><\/li>\n<\/ul>\n<p><a href=\"https:\/\/www.fnm.um.si\/wp-content\/uploads\/2022\/02\/Pravilnik-o-postopku-priprave-in-zagovora-zakljucnega-dela-na-studijskih-programih-prve-in-druge-stopnje-Univerze-v-Mariboru-ura.pdf\">Pravilnik o postopku priprave in zagovora zaklju\u010dnega dela na \u0161tudijskih programih prve in druge stopnje Univerze v Mariboru<\/a> &#8211; <span style=\"color: #ff0000;\"><strong>NOVO!<\/strong><\/span><\/p>\n<p>&nbsp;<\/p>\n<p><span style=\"font-size: 12pt;\"><strong>\u0160TUDIJSKI PROGRAMI 3. STOPNJE<\/strong><\/span><\/p>\n<p><strong><a href=\"https:\/\/moja.um.si\/student\/Strani\/doktorska-sola-um.aspx\"><span style=\"font-size: 12pt;\">DOKTORSKA \u0160OLA UM<\/span>:<\/a><\/strong> zanimivosti, uporabne informacije in povezave<\/p>\n<p><strong><span data-scayt_word=\"Navodila\" data-scaytid=\"18\"><span style=\"font-size: 12pt;\">DOKTORSKI \u0160TUDIJ<\/span><br \/>\n<\/span><\/strong><a href=\"https:\/\/www.fnm.um.si\/wp-content\/uploads\/2020\/04\/NAVODILA-ZA-ZAKLJUCEK-DOK-SP-FNM-UM-Koncna.pdf\">Postopki zaklju\u010dka \u0161tudija na daljavo na \u0161tudijskih programih 3. stopnje FNM UM\u00a0<\/a><strong><br \/>\n<\/strong><a href=\"https:\/\/moja.um.si\/student\/SiteAssets\/Strani\/Pravilniki-in-predpisi\/Pravilnik%20o%20doktorskem%20%C5%A1tudiju%20na%20Univerzi%20v%20Mariboru%20(UPB%201).pdf\">Pravilnik o doktorskem \u0161tudiju na Univerzi v Mariboru 012\/2018\/1<\/a><span style=\"color: #ff0000;\"><strong><br \/>\n<\/strong><\/span>&#8211;\u00a0<a href=\"https:\/\/www.fnm.um.si\/wp-content\/uploads\/2022\/02\/Spremembe-in-dopolnitve-Pravilnika-o-doktorskem-studiju-na-Univerzi-v-Mariboru-st.-012-2018-1.pdf\">Spremembe in dopolnitve Pravilnika o doktorskem \u0161tudiju na Univerzi v Mariboru \u0161t. 012\/2018\/1<\/a> (veljajo od 4. 7. 2019)<br \/>\n&#8211;\u00a0<a href=\"https:\/\/www.fnm.um.si\/wp-content\/uploads\/2022\/02\/Pravilnik-o-doktorskem-studiju-na-Univerzi-v-Mariboru-NPB2.pdf\">Pravilnik o doktorskem \u0161tudiju &#8211; neuradno pre\u010di\u0161\u010deno besedilo NPB2<\/a><\/p>\n<p><strong><span style=\"text-decoration: underline;\"><span style=\"font-size: 12pt;\">Navodila in obrazci ter sklep<\/span>i<\/span><\/strong><br \/>\n<a href=\"https:\/\/www.fnm.um.si\/index.php\/2021\/01\/07\/navodilo-za-prijavo-teme-doktorske-disertacije\/\">PRIJAVA TEME doktorske disertacije<\/a><br \/>\n<a href=\"https:\/\/www.fnm.um.si\/index.php\/2021\/01\/07\/navodilo-za-oddajo-doktorske-disertacije\/\">ODDAJA doktorske disertacije<\/a><\/p>\n<p><a href=\"https:\/\/www.fnm.um.si\/wp-content\/uploads\/2018\/05\/SklepFNM-pisanjeDD-v-anglescini.pdf\">Sklep Senata FNM v zvezi z uporabo tujega jezika<\/a><\/p>\n<p><span style=\"text-decoration: underline;\"><em>Navodila za oddajo doktorske disertacije v obliki znanstvenih del:<\/em><\/span><br \/>\n<a href=\"https:\/\/www.fnm.um.si\/wp-content\/uploads\/2019\/06\/SKANDINAVSKI-MODEL-NAVODILA.pdf\">Sklep Senata FNM<\/a><\/p>\n<p><a href=\"https:\/\/www.fnm.um.si\/index.php\/2021\/01\/07\/navodilo-za-preverjanje-izpolnjevanja-pogojev-za-promocijo\/\">Navodilo za preverjanje izpolnjevanja pogojev za promocijo<\/a><\/p>\n<p><a href=\"https:\/\/www.fnm.um.si\/index.php\/2021\/02\/24\/interventni-ukrep-sklep-senata-um-glede-oddaje-doktorske-disertacije\/\">Interventni ukrep \u2013 sklep Senata UM glede oddaje doktorske disertacije<\/a><\/p>\n<p>&nbsp;<\/p>\n","protected":false},"excerpt":{"rendered":"<p>Prijavnica Izjava za podalj\u0161anje veljavnosti dostopa do AIPS Obrazci za priznavanje izpitov Pro\u0161nja za priznanje izpita\u00a0 \u00a0 \u00a0 \u00a0 Mnenje nosilca u\u010dne enote &nbsp; Pedago\u0161ka praksa Dnevnik pedago\u0161ke prakse Napotki \u0161tudentom Predmetnega u\u010ditelja Napotki enopredmetnim \u0161tudentom Napotki mentorjem \u0161tudentov Predmetnega u\u010ditelja Napotki mentorjem \u0161tudentov enopredmetnih programov &nbsp; \u0160TUDIJSKI PROGRAMI 2. STOPNJE Diplomski postopek Navodila o [&hellip;]<\/p>\n","protected":false},"author":1,"featured_media":0,"parent":191,"menu_order":440,"comment_status":"closed","ping_status":"closed","template":"","meta":{"_et_pb_use_builder":"","_et_pb_old_content":"","_et_gb_content_width":"","footnotes":""},"class_list":["post-227","page","type-page","status-publish","hentry"],"publishpress_future_workflow_manual_trigger":{"enabledWorkflows":[]},"_links":{"self":[{"href":"https:\/\/www.fnm.um.si\/index.php\/wp-json\/wp\/v2\/pages\/227","targetHints":{"allow":["GET"]}}],"collection":[{"href":"https:\/\/www.fnm.um.si\/index.php\/wp-json\/wp\/v2\/pages"}],"about":[{"href":"https:\/\/www.fnm.um.si\/index.php\/wp-json\/wp\/v2\/types\/page"}],"author":[{"embeddable":true,"href":"https:\/\/www.fnm.um.si\/index.php\/wp-json\/wp\/v2\/users\/1"}],"replies":[{"embeddable":true,"href":"https:\/\/www.fnm.um.si\/index.php\/wp-json\/wp\/v2\/comments?post=227"}],"version-history":[{"count":79,"href":"https:\/\/www.fnm.um.si\/index.php\/wp-json\/wp\/v2\/pages\/227\/revisions"}],"predecessor-version":[{"id":62557,"href":"https:\/\/www.fnm.um.si\/index.php\/wp-json\/wp\/v2\/pages\/227\/revisions\/62557"}],"up":[{"embeddable":true,"href":"https:\/\/www.fnm.um.si\/index.php\/wp-json\/wp\/v2\/pages\/191"}],"wp:attachment":[{"href":"https:\/\/www.fnm.um.si\/index.php\/wp-json\/wp\/v2\/media?parent=227"}],"curies":[{"name":"wp","href":"https:\/\/api.w.org\/{rel}","templated":true}]}}