{"id":2238,"date":"2012-06-01T08:17:31","date_gmt":"2012-06-01T08:17:31","guid":{"rendered":"http:\/\/164.8.33.101\/index.php\/2012\/06\/01\/organi-in-organiziranost-fakultete\/"},"modified":"2021-01-07T11:09:33","modified_gmt":"2021-01-07T09:09:33","slug":"organi-in-organiziranost-fakultete","status":"publish","type":"page","link":"https:\/\/www.fnm.um.si\/index.php\/fakulteta-za-naravoslovje-in-matematiko\/organi-in-organiziranost-fakultete\/","title":{"rendered":"Organi in organiziranost fakultete"},"content":{"rendered":"<ul>\n<li><a href=\"https:\/\/www.fnm.um.si\/index.php\/fakulteta-za-naravoslovje-in-matematiko\/organi-in-organiziranost-fakultete\/dekan\/\">Dekan<\/a><\/li>\n<li><a href=\"https:\/\/www.fnm.um.si\/index.php\/fakulteta-za-naravoslovje-in-matematiko\/organi-in-organiziranost-fakultete\/senat-fakultete-za-naravoslovje-in-matematiko\/\">Senat Fakultete za naravoslovje in matematiko<\/a><\/li>\n<li><a href=\"https:\/\/www.fnm.um.si\/index.php\/fakulteta-za-naravoslovje-in-matematiko\/organi-in-organiziranost-fakultete\/akademski-zbor\/\">Akademski zbor<\/a><\/li>\n<li><a href=\"https:\/\/www.fnm.um.si\/index.php\/fakulteta-za-naravoslovje-in-matematiko\/organi-in-organiziranost-fakultete\/poslovodni-odbor\/\">Poslovodni odbor<\/a><\/li>\n<li><a href=\"https:\/\/www.fnm.um.si\/index.php\/2020\/10\/26\/studentski-svet\/\">\u0160tudentski svet<\/a><\/li>\n<li><a href=\"https:\/\/www.fnm.um.si\/index.php\/fakulteta-za-naravoslovje-in-matematiko\/organi-in-organiziranost-fakultete\/komisije\/\">Komisije<\/a><\/li>\n<li><a href=\"https:\/\/www.fnm.um.si\/index.php\/fakulteta-za-naravoslovje-in-matematiko\/organi-in-organiziranost-fakultete\/programski-svet-fnm\/\">Programski svet FNM<\/a><\/li>\n<li><a href=\"https:\/\/www.fnm.um.si\/index.php\/fakulteta-za-naravoslovje-in-matematiko\/organi-in-organiziranost-fakultete\/programski-svet-za-pedagoske-studijske-programe\/\">Programski svet za pedago\u0161ke \u0161tudijske programe<\/a><\/li>\n<li><a href=\"https:\/\/www.fnm.um.si\/index.php\/fakulteta-za-naravoslovje-in-matematiko\/organi-in-organiziranost-fakultete\/dekanati-oziroma-tajnitva-lanic-univerze\/\">Dekanat<\/a><\/li>\n<li><a href=\"https:\/\/www.fnm.um.si\/wp-content\/uploads\/2021\/01\/FNM-organigram-v1-2021.pdf\">Organigram<\/a><\/li>\n<\/ul>\n<hr \/>\n<p style=\"text-align: justify;\">Statut Univerze v Mariboru, je pravni akt, ki dolo\u010da osnovno organiziranost Univerze v Mariboru.<\/p>\n<ul>\n<li style=\"text-align: justify;\"><a href=\"https:\/\/www.um.si\/univerza\/dokumentni-center\/akti\/Strani\/statut_um.aspx\">Povezava do Statuta UM<\/a><\/li>\n<\/ul>\n<p style=\"text-align: justify;\">Organiziranost Fakultete za naravoslovje in matematiko je opredeljena tudi v:<\/p>\n<ul>\n<li style=\"text-align: justify;\"><span style=\"display: none;\">\u00a0<\/span><a href=\"https:\/\/www.um.si\/univerza\/dokumentni-center\/Strani\/default.aspx\">Splo\u0161ni akt o organiziranosti in sistemizaciji univerze in \u010dlanic<\/a><\/li>\n<\/ul>\n<p>&nbsp;<\/p>\n","protected":false},"excerpt":{"rendered":"<p>Dekan Senat Fakultete za naravoslovje in matematiko Akademski zbor Poslovodni odbor \u0160tudentski svet Komisije Programski svet FNM Programski svet za pedago\u0161ke \u0161tudijske programe Dekanat Organigram Statut Univerze v Mariboru, je pravni akt, ki dolo\u010da osnovno organiziranost Univerze v Mariboru. Povezava do Statuta UM Organiziranost Fakultete za naravoslovje in matematiko je opredeljena tudi v: \u00a0Splo\u0161ni akt [&hellip;]<\/p>\n","protected":false},"author":1,"featured_media":0,"parent":2,"menu_order":232,"comment_status":"closed","ping_status":"closed","template":"","meta":{"_et_pb_use_builder":"","_et_pb_old_content":"","_et_gb_content_width":"","footnotes":""},"class_list":["post-2238","page","type-page","status-publish","hentry"],"publishpress_future_workflow_manual_trigger":{"enabledWorkflows":[]},"_links":{"self":[{"href":"https:\/\/www.fnm.um.si\/index.php\/wp-json\/wp\/v2\/pages\/2238","targetHints":{"allow":["GET"]}}],"collection":[{"href":"https:\/\/www.fnm.um.si\/index.php\/wp-json\/wp\/v2\/pages"}],"about":[{"href":"https:\/\/www.fnm.um.si\/index.php\/wp-json\/wp\/v2\/types\/page"}],"author":[{"embeddable":true,"href":"https:\/\/www.fnm.um.si\/index.php\/wp-json\/wp\/v2\/users\/1"}],"replies":[{"embeddable":true,"href":"https:\/\/www.fnm.um.si\/index.php\/wp-json\/wp\/v2\/comments?post=2238"}],"version-history":[{"count":9,"href":"https:\/\/www.fnm.um.si\/index.php\/wp-json\/wp\/v2\/pages\/2238\/revisions"}],"predecessor-version":[{"id":29019,"href":"https:\/\/www.fnm.um.si\/index.php\/wp-json\/wp\/v2\/pages\/2238\/revisions\/29019"}],"up":[{"embeddable":true,"href":"https:\/\/www.fnm.um.si\/index.php\/wp-json\/wp\/v2\/pages\/2"}],"wp:attachment":[{"href":"https:\/\/www.fnm.um.si\/index.php\/wp-json\/wp\/v2\/media?parent=2238"}],"curies":[{"name":"wp","href":"https:\/\/api.w.org\/{rel}","templated":true}]}}