{"id":21452,"date":"2019-03-22T14:59:50","date_gmt":"2019-03-22T12:59:50","guid":{"rendered":"https:\/\/www.fnm.um.si\/?page_id=21452"},"modified":"2022-04-05T10:24:27","modified_gmt":"2022-04-05T08:24:27","slug":"programski-svet-za-pedagoske-studijske-programe","status":"publish","type":"page","link":"https:\/\/www.fnm.um.si\/index.php\/fakulteta-za-naravoslovje-in-matematiko\/organi-in-organiziranost-fakultete\/programski-svet-za-pedagoske-studijske-programe\/","title":{"rendered":"Programski svet za pedago\u0161ke \u0161tudijske programe"},"content":{"rendered":"<p>&nbsp;<\/p>\n<table style=\"border-collapse: collapse; width: 91.7038%; height: 253px;\" border=\"1\">\n<tbody>\n<tr>\n<td style=\"width: 100%; text-align: left;\">\n<p style=\"padding-left: 30px;\">Alenka Ambro\u017e Jurgec \u2013 Srednja gradbena \u0161ola Maribor<\/p>\n<\/td>\n<\/tr>\n<tr>\n<td style=\"width: 100%; text-align: left;\">\n<p style=\"padding-left: 30px;\">Roman \u010cin\u010d \u2013 Gimnazija Murska Sobota<\/p>\n<\/td>\n<\/tr>\n<tr style=\"height: 23px;\">\n<td style=\"width: 100%; height: 23px; text-align: left;\">\n<p style=\"padding-left: 30px;\">Zvonko Kustec \u2013 Gimnazija Franca Miklo\u0161i\u010da Ljutomer<\/p>\n<\/td>\n<\/tr>\n<tr style=\"height: 23px;\">\n<td style=\"width: 100%; height: 23px; text-align: left;\">\n<p style=\"padding-left: 30px;\">Marija Le\u0161er \u2013 III. gimnazija Maribor<\/p>\n<\/td>\n<\/tr>\n<tr style=\"height: 23px;\">\n<td style=\"width: 100%; height: 23px; text-align: left;\">\n<p style=\"padding-left: 30px;\">dr. Marko Jagodi\u010d \u2013 II. gimnazija Maribor<\/p>\n<\/td>\n<\/tr>\n<tr style=\"height: 23px;\">\n<td style=\"width: 100%; height: 23px; text-align: left;\">\n<p style=\"padding-left: 30px;\">Herman Pu\u0161nik \u2013 Prva gimnazija Maribor<\/p>\n<\/td>\n<\/tr>\n<tr>\n<td style=\"width: 100%; text-align: left;\">\n<p style=\"padding-left: 30px;\">doc. dr. Samo Repolusk \u2013 Zavod Antona Martina Slom\u0161ka Maribor, FNM UM<\/p>\n<\/td>\n<\/tr>\n<tr style=\"height: 23px;\">\n<td style=\"width: 100%; height: 23px; text-align: left;\">\n<p style=\"padding-left: 30px;\">Ludvik Suki\u010d \u2013 Srednja poklicna in tehni\u0161ka \u0161ola Murska Sobota<\/p>\n<\/td>\n<\/tr>\n<tr style=\"height: 23px;\">\n<td style=\"width: 100%; height: 23px; text-align: left;\">\n<p style=\"padding-left: 30px;\">Bo\u0161tjan \u0160eruga \u2013 Gimnazija Ptuj<\/p>\n<\/td>\n<\/tr>\n<tr>\n<td style=\"width: 100%; text-align: left;\">\n<p style=\"padding-left: 30px;\">dr. Anton \u0160epetavc \u2013 I. gimnazija v Celju<\/p>\n<\/td>\n<\/tr>\n<tr style=\"height: 23px;\">\n<td style=\"width: 100%; height: 23px; text-align: left;\">\n<p style=\"padding-left: 30px;\">doc. dr. Andrej Flogie \u2013 FNM UM<\/p>\n<\/td>\n<\/tr>\n<tr>\n<td style=\"width: 100%; text-align: left;\">\n<p style=\"padding-left: 30px;\">izr. prof. dr. Robert Repnik &#8211; Prodekan za sodelovanje z gospodarstvom, mednarodne odnose in pedago\u0161ke \u0161tudijske programe FNM UM<\/p>\n<\/td>\n<\/tr>\n<\/tbody>\n<\/table>\n<p>&nbsp;<\/p>\n","protected":false},"excerpt":{"rendered":"<p>&nbsp; Alenka Ambro\u017e Jurgec \u2013 Srednja gradbena \u0161ola Maribor Roman \u010cin\u010d \u2013 Gimnazija Murska Sobota Zvonko Kustec \u2013 Gimnazija Franca Miklo\u0161i\u010da Ljutomer Marija Le\u0161er \u2013 III. gimnazija Maribor dr. Marko Jagodi\u010d \u2013 II. gimnazija Maribor Herman Pu\u0161nik \u2013 Prva gimnazija Maribor doc. dr. Samo Repolusk \u2013 Zavod Antona Martina Slom\u0161ka Maribor, FNM UM Ludvik Suki\u010d [&hellip;]<\/p>\n","protected":false},"author":1,"featured_media":0,"parent":2238,"menu_order":0,"comment_status":"closed","ping_status":"closed","template":"","meta":{"_et_pb_use_builder":"","_et_pb_old_content":"","_et_gb_content_width":"","footnotes":""},"class_list":["post-21452","page","type-page","status-publish","hentry"],"publishpress_future_workflow_manual_trigger":{"enabledWorkflows":[]},"_links":{"self":[{"href":"https:\/\/www.fnm.um.si\/index.php\/wp-json\/wp\/v2\/pages\/21452","targetHints":{"allow":["GET"]}}],"collection":[{"href":"https:\/\/www.fnm.um.si\/index.php\/wp-json\/wp\/v2\/pages"}],"about":[{"href":"https:\/\/www.fnm.um.si\/index.php\/wp-json\/wp\/v2\/types\/page"}],"author":[{"embeddable":true,"href":"https:\/\/www.fnm.um.si\/index.php\/wp-json\/wp\/v2\/users\/1"}],"replies":[{"embeddable":true,"href":"https:\/\/www.fnm.um.si\/index.php\/wp-json\/wp\/v2\/comments?post=21452"}],"version-history":[{"count":20,"href":"https:\/\/www.fnm.um.si\/index.php\/wp-json\/wp\/v2\/pages\/21452\/revisions"}],"predecessor-version":[{"id":38359,"href":"https:\/\/www.fnm.um.si\/index.php\/wp-json\/wp\/v2\/pages\/21452\/revisions\/38359"}],"up":[{"embeddable":true,"href":"https:\/\/www.fnm.um.si\/index.php\/wp-json\/wp\/v2\/pages\/2238"}],"wp:attachment":[{"href":"https:\/\/www.fnm.um.si\/index.php\/wp-json\/wp\/v2\/media?parent=21452"}],"curies":[{"name":"wp","href":"https:\/\/api.w.org\/{rel}","templated":true}]}}