{"id":186,"date":"2010-09-24T09:11:28","date_gmt":"2010-09-24T09:11:28","guid":{"rendered":"http:\/\/164.8.33.101\/index.php\/2010\/09\/24\/obrazci\/"},"modified":"2021-11-30T11:31:36","modified_gmt":"2021-11-30T09:31:36","slug":"obrazci","status":"publish","type":"page","link":"https:\/\/www.fnm.um.si\/index.php\/predstavitev-tudija\/tudijski-programi-2\/obrazci\/","title":{"rendered":"Obrazci"},"content":{"rendered":"<ul>\n<li><a href=\"https:\/\/www.fnm.um.si\/wp-content\/uploads\/2018\/08\/SOGLASJE-ZA-OPRAVLJANJE-IZPITOV-VISJEGA-LETNIKA.2018.docx\" target=\"_blank\" rel=\"noopener\">Soglasje za opravljanje izpitov vi\u0161jega letnika<\/a><\/li>\n<li><a href=\"https:\/\/www.fnm.um.si\/wp-content\/uploads\/2020\/03\/Vzorec-obrazca-za-priznavanje.docx\">Pro\u0161nja za priznanje izpita<\/a>\u00a0 \u00a0 \u00a0 \u00a0<a href=\"https:\/\/www.fnm.um.si\/wp-content\/uploads\/2020\/03\/Mnenje-nosilca-ucne-enote.docx\">&#8211; Mnenje nosilca u\u010dne enote<\/a><\/li>\n<li><a href=\"http:\/\/www.fnm.um.si\/wp-content\/uploads\/2010\/09\/Prijavnica_izpit_2013.pdf\" target=\"_blank\" rel=\"noopener\">Izpitna prijavnica<\/a><\/li>\n<li><a href=\"https:\/\/www.fnm.um.si\/wp-content\/uploads\/2021\/04\/Zahtevek-za-pregled-studijskih-obveznosti-2018.docx\">Zahtevek za pregled \u0161tudijskih obveznosti ob nadaljevanju prekinjenega \u0161tudija<\/a><\/li>\n<li><a href=\"https:\/\/www.fnm.um.si\/index.php\/2019\/10\/03\/obvestilo-za-studente-brez-statusa-v-studijskem-letu-2019-20\/\">Izjava za podalj\u0161anje veljavnosti dostopa do AIPS<\/a><\/li>\n<\/ul>\n<p>Obrazci za pedago\u0161ko prakso za \u0161tudente enovitega magistrskega \u0161tudijskega programa Predmetni u\u010ditelj se nahajajo <a href=\"https:\/\/www.fnm.um.si\/index.php\/predstavitev-tudija\/podiplomski-tudijski-programi\/obrazci-in-navodila\/\">TUKAJ<\/a>.<\/p>\n","protected":false},"excerpt":{"rendered":"<p>Soglasje za opravljanje izpitov vi\u0161jega letnika Pro\u0161nja za priznanje izpita\u00a0 \u00a0 \u00a0 \u00a0&#8211; Mnenje nosilca u\u010dne enote Izpitna prijavnica Zahtevek za pregled \u0161tudijskih obveznosti ob nadaljevanju prekinjenega \u0161tudija Izjava za podalj\u0161anje veljavnosti dostopa do AIPS Obrazci za pedago\u0161ko prakso za \u0161tudente enovitega magistrskega \u0161tudijskega programa Predmetni u\u010ditelj se nahajajo TUKAJ.<\/p>\n","protected":false},"author":1,"featured_media":0,"parent":138,"menu_order":446,"comment_status":"closed","ping_status":"closed","template":"","meta":{"_et_pb_use_builder":"off","_et_pb_old_content":"<ul><li><a href=\"http:\/\/www.fnm.um.si\/wp-content\/uploads\/2010\/09\/SOGLASJE_ZA_OPRAVLJANJE_IZPITOV_VISJEGA_LETNIKA_2010-usklajen-z-dolocbami-pravilnika.doc\" target=\"_blank\" rel=\"noopener\">Soglasje za opravljanje izpitov vi\u0161jega letnika<\/a><\/li><li><a href=\"http:\/\/www.fnm.um.si\/wp-content\/uploads\/2010\/09\/ProsnjaZaPriznanjeIzpita.doc\" target=\"_blank\" rel=\"noopener\">Pro\u0161nja za priznanje izpita<\/a><\/li><li><a href=\"http:\/\/www.fnm.um.si\/wp-content\/uploads\/2010\/09\/Prijavnica_izpit_2013.pdf\" target=\"_blank\" rel=\"noopener\">Izpitna prijavnica<\/a><\/li><\/ul>","_et_gb_content_width":"","footnotes":""},"class_list":["post-186","page","type-page","status-publish","hentry"],"publishpress_future_workflow_manual_trigger":{"enabledWorkflows":[]},"_links":{"self":[{"href":"https:\/\/www.fnm.um.si\/index.php\/wp-json\/wp\/v2\/pages\/186","targetHints":{"allow":["GET"]}}],"collection":[{"href":"https:\/\/www.fnm.um.si\/index.php\/wp-json\/wp\/v2\/pages"}],"about":[{"href":"https:\/\/www.fnm.um.si\/index.php\/wp-json\/wp\/v2\/types\/page"}],"author":[{"embeddable":true,"href":"https:\/\/www.fnm.um.si\/index.php\/wp-json\/wp\/v2\/users\/1"}],"replies":[{"embeddable":true,"href":"https:\/\/www.fnm.um.si\/index.php\/wp-json\/wp\/v2\/comments?post=186"}],"version-history":[{"count":13,"href":"https:\/\/www.fnm.um.si\/index.php\/wp-json\/wp\/v2\/pages\/186\/revisions"}],"predecessor-version":[{"id":33005,"href":"https:\/\/www.fnm.um.si\/index.php\/wp-json\/wp\/v2\/pages\/186\/revisions\/33005"}],"up":[{"embeddable":true,"href":"https:\/\/www.fnm.um.si\/index.php\/wp-json\/wp\/v2\/pages\/138"}],"wp:attachment":[{"href":"https:\/\/www.fnm.um.si\/index.php\/wp-json\/wp\/v2\/media?parent=186"}],"curies":[{"name":"wp","href":"https:\/\/api.w.org\/{rel}","templated":true}]}}