{"id":179,"date":"2010-09-24T09:11:08","date_gmt":"2010-09-24T09:11:08","guid":{"rendered":"http:\/\/164.8.33.101\/index.php\/2010\/09\/24\/komisija-za-tudijske-zadeve\/"},"modified":"2023-02-15T10:05:17","modified_gmt":"2023-02-15T08:05:17","slug":"komisija-za-tudijske-zadeve","status":"publish","type":"page","link":"https:\/\/www.fnm.um.si\/index.php\/predstavitev-tudija\/tudijski-programi-2\/komisija-za-tudijske-zadeve\/","title":{"rendered":"Komisija za \u0161tudijske zadeve"},"content":{"rendered":"<ul>\n<li><span data-scayt_word=\"prodekan\" data-scaytid=\"407\">prodekanica<\/span>, iz<span data-scayt_word=\"izr\" data-scaytid=\"408\">r<\/span>. <span data-scayt_word=\"prof\" data-scaytid=\"410\">prof<\/span>. <span data-scayt_word=\"dr\" data-scaytid=\"413\">dr<\/span>. Sonja \u0160kornik,\u00a0<span data-scayt_word=\"predsednik\" data-scaytid=\"419\">predsednica<\/span>,<\/li>\n<li>doc. <span data-scayt_word=\"dr\" data-scaytid=\"415\">dr<\/span>. Kosta Dolenc,<\/li>\n<li>izr. prof. <span data-scayt_word=\"dr\" data-scaytid=\"416\">dr<\/span>. Marko Jakovac,<\/li>\n<li>doc. dr. Tina Klenov\u0161ek,<\/li>\n<li>red. prof. dr. Nata\u0161a Vaupoti\u010d,<\/li>\n<li><span data-scayt_word=\"Natalija\" data-scaytid=\"427\">Da\u0161a Don\u0161a<\/span>, <span data-scayt_word=\"\u0161tudentka\" data-scaytid=\"429\">\u0161tudentka<\/span>,<\/li>\n<li><span data-scayt_word=\"Mi\u0161ela\" data-scaytid=\"431\">Mo Lipovec<\/span>, <span data-scayt_word=\"\u0161tudentka\" data-scaytid=\"430\">\u0161tudentka<\/span>.<\/li>\n<\/ul>\n<p><span data-scayt_word=\"Komisija\" data-scaytid=\"433\">Komisija<\/span> je imenovana\u00a0<span data-scayt_word=\"za\" data-scaytid=\"434\">za<\/span> <span data-scayt_word=\"dobo\" data-scaytid=\"437\">dobo<\/span> <span data-scayt_word=\"\u0161tirih\" data-scaytid=\"438\">\u0161tirih<\/span> let, to je do 25. 11. 2026. <span data-scayt_word=\"Razen\" data-scaytid=\"439\">Mandat<\/span> <span data-scayt_word=\"\u0161tudentom\" data-scaytid=\"440\">\u0161tudentov<\/span>\u00a0<span data-scayt_word=\"traja\" data-scaytid=\"443\">traja<\/span> <span data-scayt_word=\"letno\" data-scaytid=\"444\">leto<\/span> <span data-scayt_word=\"dni\" data-scaytid=\"435\">dni do 25. 10. 2022<\/span>.<br \/>\nKomisijo vodi prodekanICA, ki ima mandat do 27. 1. 2024.<\/p>\n<p><span class=\"TrackChangeTextInsertion TrackedChange SCXW198925310 BCX0\"><span class=\"TrackedChange SCXW198925310 BCX0\"><span class=\"TextRun SCXW198925310 BCX0\" lang=\"SL-SI\" xml:lang=\"SL-SI\" data-contrast=\"none\"><span class=\"NormalTextRun SCXW198925310 BCX0\">Statut UM (317. \u010dlen)<\/span><\/span><\/span><\/span><span class=\"EOP TrackedChange SCXW198925310 BCX0\" data-ccp-props=\"{&quot;134233117&quot;:true,&quot;134233118&quot;:true,&quot;201341983&quot;:2,&quot;335559739&quot;:160,&quot;335559740&quot;:384}\">\u00a0<\/span><br \/>\nKomisija za \u0161tudijske zadeve ima sedem \u010dlanov in jo sestavljajo: prodekan za izobra\u017eevalno dejavnost, \u0161tirje \u010dlani, ki jih imenuje Senat fakultete izmed visoko\u0161olskih u\u010diteljev oziroma znanstvenih delavcev ter dva \u0161tudenta. Mandatna doba \u010dlanov komisij traja \u0161tiri leta, mandat \u010dlanov iz vrst \u0161tudentov pa eno leto. \u010clani komisij so lahko po preteku te dobe ponovno imenovani.<\/p>\n<p>Komisija za \u0161tudijske zadeve Fakultete za naravoslovje in matematiko Univerze v Mariboru obravnava \u0161tudijske programe in izpitni re\u017eim in druga vpra\u0161anja s podro\u010dja visoko\u0161olskega izobra\u017eevanja in daje Senatu Fakultete za naravoslovje in matematiko Univerze v Mariboru predloge in mnenja. Poleg navedenega Komisija za \u0161tudijske zadeve Fakultete za naravoslovje in matematiko Univerze v Mariboru obravnava in odlo\u010da o pro\u0161njah v primerih:<\/p>\n<ul>\n<li>izjemnega napredovanja v vi\u0161ji letnik<\/li>\n<li>ponavljanja letnika<\/li>\n<li>hkratnega izobra\u017eevanja po dveh ali ve\u010d \u0161tudijskih programih<\/li>\n<li>nadaljevanja \u0161tudija po prekinitvi<\/li>\n<li>hitrej\u0161ega napredovanja<\/li>\n<li>opravljanja izpitov iz u\u010dnih enot vi\u0161jega letnika<\/li>\n<li>podalj\u0161anjem statusa \u0161tudenta<\/li>\n<li>pridobitve statusa invalida<\/li>\n<li>pridobitve posebnega statusa \u0161tudenta<\/li>\n<li>prehodih iz enega v drug \u0161tudijski program.<\/li>\n<\/ul>\n<p>Pro\u0161nje se naslovijo na Komisijo za \u0161tudijske zadeve Fakultete za naravoslovje in matematiko Univerze v Mariboru, Koro\u0161ka cesta 160, 2000 Maribor.<\/p>\n<p><span data-scayt_word=\"\u0160tudenti\" data-scaytid=\"110\">\u0160tudenti<\/span> <span data-scayt_word=\"dvopredmetnih\" data-scaytid=\"111\">dvopredmetnih<\/span> <span data-scayt_word=\"\u0161tudijskih\" data-scaytid=\"101\">\u0161tudijskih<\/span> <span data-scayt_word=\"programov\" data-scaytid=\"112\">programov<\/span>, <span data-scayt_word=\"ki\" data-scaytid=\"113\">ki<\/span> <span data-scayt_word=\"jih\" data-scaytid=\"114\">jih<\/span> <span data-scayt_word=\"izvaja\" data-scaytid=\"115\">izvaja<\/span> <span data-scayt_word=\"Fakulteta\" data-scaytid=\"102\">Fakulteta<\/span> <span data-scayt_word=\"za\" data-scaytid=\"103\">za<\/span> <span data-scayt_word=\"naravoslovje\" data-scaytid=\"105\">naravoslovje<\/span> in <span data-scayt_word=\"matematiko\" data-scaytid=\"106\">matematiko<\/span> v <span data-scayt_word=\"povezavi\" data-scaytid=\"116\">povezavi<\/span> s <span data-scayt_word=\"Filozofsko\" data-scaytid=\"117\">Filozofsko<\/span> <span data-scayt_word=\"fakulteto\" data-scaytid=\"118\">fakulteto<\/span> <span data-scayt_word=\"oddate\" data-scaytid=\"119\">oddate<\/span> <span data-scayt_word=\"pro\u0161njo\" data-scaytid=\"120\">pro\u0161njo<\/span> v <span data-scayt_word=\"referat\" data-scaytid=\"121\">referat<\/span> <span data-scayt_word=\"mati\u010dne\" data-scaytid=\"123\">mati\u010dne<\/span> <span data-scayt_word=\"fakultete\" data-scaytid=\"124\">fakultete<\/span>, <span data-scayt_word=\"referat\" data-scaytid=\"122\">referat<\/span> <span data-scayt_word=\"jo\" data-scaytid=\"125\">jo<\/span> <span data-scayt_word=\"posreduje\" data-scaytid=\"126\">posreduje<\/span> <span data-scayt_word=\"na\" data-scaytid=\"107\">na<\/span> <span data-scayt_word=\"ustrezno\" data-scaytid=\"127\">ustrezno<\/span> <span data-scayt_word=\"komisijo\" data-scaytid=\"128\">komisijo<\/span> <span data-scayt_word=\"za\" data-scaytid=\"104\">za<\/span> <span data-scayt_word=\"\u0161tudijske\" data-scaytid=\"108\">\u0161tudijske<\/span> <span data-scayt_word=\"zadeve\" data-scaytid=\"109\">zadeve<\/span>:<\/p>\n<ul>\n<li>o <span data-scayt_word=\"izjemni\" data-scaytid=\"155\">izjemni<\/span> <span data-scayt_word=\"odobritvi\" data-scaytid=\"156\">odobritvi<\/span> <span data-scayt_word=\"vpisa\" data-scaytid=\"157\">vpisa<\/span> <span data-scayt_word=\"\u0161tudenta\" data-scaytid=\"129\">\u0161tudenta<\/span> v <span data-scayt_word=\"vi\u0161ji\" data-scaytid=\"131\">vi\u0161ji<\/span> <span data-scayt_word=\"letnik\" data-scaytid=\"132\">letnik<\/span> z <span data-scayt_word=\"manjkajo\u010dimi\" data-scaytid=\"158\">manjkajo\u010dimi<\/span> <span data-scayt_word=\"obveznostmi\" data-scaytid=\"159\">obveznostmi<\/span> <span data-scayt_word=\"odlo\u010da\" data-scaytid=\"134\">odlo\u010da<\/span> <span data-scayt_word=\"komisija\" data-scaytid=\"160\">komisija<\/span> <span data-scayt_word=\"za\" data-scaytid=\"137\">za<\/span> <span data-scayt_word=\"\u0161tudijske\" data-scaytid=\"140\">\u0161tudijske<\/span> <span data-scayt_word=\"zadeve\" data-scaytid=\"143\">zadeve<\/span> <span data-scayt_word=\"tiste\" data-scaytid=\"163\">tiste<\/span> <span data-scayt_word=\"fakultete\" data-scaytid=\"146\">fakultete<\/span>, <span data-scayt_word=\"ki\" data-scaytid=\"149\">ki<\/span> <span data-scayt_word=\"izvaja\" data-scaytid=\"150\">izvaja<\/span> <span data-scayt_word=\"\u0161tudijski\" data-scaytid=\"151\">\u0161tudijski<\/span> program <span data-scayt_word=\"na\" data-scaytid=\"152\">na<\/span> <span data-scayt_word=\"katerem\" data-scaytid=\"164\">katerem<\/span> <span data-scayt_word=\"vam\" data-scaytid=\"165\">vam<\/span> <span data-scayt_word=\"manjka\" data-scaytid=\"166\">manjka<\/span> <span data-scayt_word=\"obveznost\" data-scaytid=\"167\">obveznost<\/span>,<\/li>\n<li>o <span data-scayt_word=\"podalj\u0161anju\" data-scaytid=\"168\">podalj\u0161anju<\/span> <span data-scayt_word=\"statusa\" data-scaytid=\"169\">statusa<\/span> <span data-scayt_word=\"\u0161tudenta\" data-scaytid=\"130\">\u0161tudenta<\/span> <span data-scayt_word=\"odlo\u010da\" data-scaytid=\"135\">odlo\u010da<\/span> <span data-scayt_word=\"komisija\" data-scaytid=\"161\">komisija<\/span> <span data-scayt_word=\"za\" data-scaytid=\"138\">za<\/span> <span data-scayt_word=\"\u0161tudijske\" data-scaytid=\"141\">\u0161tudijske<\/span> <span data-scayt_word=\"zadeve\" data-scaytid=\"144\">zadeve<\/span> <span data-scayt_word=\"mati\u010dne\" data-scaytid=\"153\">mati\u010dne<\/span> <span data-scayt_word=\"fakultete\" data-scaytid=\"147\">fakultete<\/span>,<\/li>\n<li>o <span data-scayt_word=\"ponovnem\" data-scaytid=\"170\">ponovnem<\/span> <span data-scayt_word=\"vpisu\" data-scaytid=\"171\">vpisu<\/span> v <span data-scayt_word=\"letnik\" data-scaytid=\"133\">letnik<\/span> <span data-scayt_word=\"odlo\u010da\" data-scaytid=\"136\">odlo\u010da<\/span> <span data-scayt_word=\"komisija\" data-scaytid=\"162\">komisija<\/span> <span data-scayt_word=\"za\" data-scaytid=\"139\">za<\/span> <span data-scayt_word=\"\u0161tudijske\" data-scaytid=\"142\">\u0161tudijske<\/span> <span data-scayt_word=\"zadeve\" data-scaytid=\"145\">zadeve<\/span> <span data-scayt_word=\"mati\u010dne\" data-scaytid=\"154\">mati\u010dne<\/span> <span data-scayt_word=\"fakultete\" data-scaytid=\"148\">fakultete<\/span>.<\/li>\n<\/ul>\n<p><span data-contrast=\"none\">Pro\u0161nje je potrebno oddati na ustreznih, v ta namen pripravljenih obrazcih:<\/span><span data-ccp-props=\"{&quot;134233117&quot;:true,&quot;134233118&quot;:true,&quot;201341983&quot;:2,&quot;335559739&quot;:160,&quot;335559740&quot;:384}\">\u00a0<\/span><\/p>\n<ul>\n<li data-leveltext=\"\uf0b7\" data-font=\"Symbol\" data-listid=\"3\" aria-setsize=\"-1\" data-aria-posinset=\"3\" data-aria-level=\"1\"><a href=\"https:\/\/www.fnm.um.si\/wp-content\/uploads\/2021\/09\/PROSNJA-ZA-KOMISIJO-ZA-STUDIJSKE-ZADEVE-2017.docx\"><span data-contrast=\"none\">Univerzalna pro\u0161nja za izjemne odobritve vpisa \u0161tudenta v vi\u0161ji letnik, za ponavljanje letnika, za podalj\u0161anje statusa \u0161tudenta<\/span><\/a><span data-ccp-props=\"{&quot;134233117&quot;:true,&quot;134233118&quot;:true,&quot;201341983&quot;:2,&quot;335559739&quot;:160,&quot;335559740&quot;:390}\">\u00a0<\/span><\/li>\n<\/ul>\n<p><a href=\"http:\/\/www.fnm.um.si\/wp-content\/uploads\/2010\/09\/Navodila-za-presojo-prosenj-studentov-2017.pdf\" target=\"_blank\" rel=\"noopener\"><span data-scayt_word=\"MERILA\" data-scaytid=\"172\">NAVODILA<\/span>\u00a0<span data-scayt_word=\"ZA\" data-scaytid=\"173\">ZA<\/span> <span data-scayt_word=\"PRESOJO\" data-scaytid=\"174\">PRESOJO<\/span> <span data-scayt_word=\"PRO\u0160ENJ\" data-scaytid=\"175\">PRO\u0160ENJ<\/span> <span data-scayt_word=\"\u0160TUDENTOV\" data-scaytid=\"176\">\u0160TUDENTOV<\/span> <span data-scayt_word=\"TER\" data-scaytid=\"177\">TER<\/span> <span data-scayt_word=\"UPRAVI\u010cENIH\" data-scaytid=\"178\">UPRAVI\u010cENIH<\/span> <span data-scayt_word=\"RAZLOGOV\" data-scaytid=\"179\">RAZLOGOV<\/span> <span data-scayt_word=\"SKLADNO\" data-scaytid=\"180\">SKLADNO<\/span> S 85., 121. IN 212. <span data-scayt_word=\"\u010cLENOM\" data-scaytid=\"181\">\u010cLENOM<\/span> <span data-scayt_word=\"STATUTA\" data-scaytid=\"182\">STATUTA<\/span> UM<\/a><br \/>\n<a href=\"http:\/\/www.fnm.um.si\/wp-content\/uploads\/2010\/09\/Izpis_sklepa_Stalisc_za_presojo_prosenj.pdf\" target=\"_blank\" rel=\"noopener\">Izpis sklepa Stali\u0161\u010d za presojo pro\u0161enj<\/a><\/p>\n<p><strong><span style=\"font-size: 10.5pt; font-family: 'Arial',sans-serif; color: #666666;\">Terminski plan sej K\u0160Z FNM 2022-2023<\/span><\/strong><\/p>\n<p>petek, 28. 10. 2022<br \/>\nsreda, 7. 12. 2022<br \/>\nsreda, 11. 1. 2023<br \/>\ntorek, 21. 2. 2023<br \/>\ntorek, 28. 3. 2023<br \/>\ntorek, 23. 5. 2023<br \/>\n\u010detrtek, 15. 6.2023<br \/>\n\u010detrtek, 7. 9. 2023<br \/>\n\u010detrtek, 21. 9. 2023<\/p>\n<p><strong><span data-scayt_word=\"Zapisniki\" data-scaytid=\"328\">Zapisniki<\/span>:<\/strong><\/p>\n<p><a href=\"https:\/\/www.fnm.um.si\/wp-content\/uploads\/2023\/02\/Zapisnik_2_-redne_seje_KSZ_-18-1-2023.pdf\">Zapisnik 2. redne seje K\u0160Z FNM<\/a> &#8211; 18. 1. 2023<br \/>\n<a href=\"https:\/\/www.fnm.um.si\/wp-content\/uploads\/2023\/01\/Zapisnik-konstitutivne-seje-KSZ-7-12-2022v2.pdf\">Zapisnik konstitutivne seje K\u0160Z FNM<\/a>\u00a0&#8211; 7. 12. 2022<\/p>\n<p><a href=\"https:\/\/www.fnm.um.si\/wp-content\/uploads\/2022\/12\/Zapisnik-21-redne-seje-KSZ-28-10-2022-V3.pdf\">Zapisnik 21. redne seje K\u0160Z FNM<\/a> &#8211; 28. 10. 2022<br \/>\n<a href=\"https:\/\/www.fnm.um.si\/wp-content\/uploads\/2022\/10\/Zapisnik_7_pisne_seje_KSZ_27_9_2022.pdf\">Zapisnik 7. pisne seje K\u0160Z FNM<\/a> \u00a0&#8211; 27. 9. 2022<br \/>\n<a href=\"https:\/\/www.fnm.um.si\/wp-content\/uploads\/2022\/11\/Zapisnik-20-redne-seje-KSZ-22-9-2022.pdf\">Zapisnik 20. redne seje K\u0160Z FNM<\/a> &#8211; 22. 9. 2022<br \/>\n<a href=\"https:\/\/www.fnm.um.si\/index.php\/2022\/09\/22\/izpis-sklepov-20-redne-seje-komisije-za-studijske-zadeve-fakultete-za-naravoslovje-in-matematiko-um-z-dne-22-9-2022\/\">Izpis sklepov 20. redne seje K\u0160Z FNM<\/a> &#8211; 22. 9. 2022<br \/>\n<a href=\"https:\/\/www.fnm.um.si\/wp-content\/uploads\/2022\/09\/Zapisnik-19-redne-seje-KSZ-8-9-2022.pdf\">Zapisnik 19. redne seje K\u0160Z FNM<\/a> &#8211; 8. 9. 2022<br \/>\n<a href=\"https:\/\/www.fnm.um.si\/wp-content\/uploads\/2022\/08\/Zapisnik_6_pisne_seje_KSZ_30_6_2022.pdf\">Zapisnik 6. pisne seje K\u0160Z FNM<\/a> \u00a0&#8211; 30. 6. do 1. 7. 2022<br \/>\n<a href=\"https:\/\/www.fnm.um.si\/wp-content\/uploads\/2022\/08\/Zapisnik-18-redne-seje-KSZ-16-6-2022.pdf\">Zapisnik 18. redne seje K\u0160Z FNM<\/a> &#8211; 16. 6. 2022<br \/>\n<a href=\"https:\/\/www.fnm.um.si\/wp-content\/uploads\/2022\/05\/Zapisnik-17-redne-seje-KSZ_24-5-2022.pdf\">Zapisnik 17. redne seje K\u0160Z FNM<\/a> &#8211; 24. 5. 2022<br \/>\n<a href=\"https:\/\/www.fnm.um.si\/wp-content\/uploads\/2022\/04\/Zapisnik_16_redne_seje_KSZ_29_3_22.pdf\">Zapisnik 16. redne seje K\u0160Z FNM<\/a> &#8211; 29. 3. 2022<br \/>\n<a href=\"https:\/\/www.fnm.um.si\/wp-content\/uploads\/2022\/03\/Zapisnik-15-redne-seje-KSZ-22-2-2022.pdf\">Zapisnik 15. redne seje K\u0160Z FNM<\/a> &#8211; 22. 2. 2022<br \/>\n<a href=\"https:\/\/www.fnm.um.si\/wp-content\/uploads\/2022\/02\/Zapisnik-14-redne-seje-KSZ-25-1-2022.pdf\">Zapisnik 14. redne seje K\u0160Z FNM<\/a> &#8211; 25. 1. 2022<br \/>\n<a href=\"https:\/\/www.fnm.um.si\/wp-content\/uploads\/2022\/02\/Zapisnik-5-pisne-seje-KSZ-7_2_2022.pdf\">Zapisnik 5. pisne seje K\u0160Z FNM <\/a>\u00a0&#8211; 7. do 9. 2. 2021<br \/>\n<a href=\"https:\/\/www.fnm.um.si\/wp-content\/uploads\/2022\/01\/Zapisnik-5-izredne-seje-21-12-2021.pdf\">Zapisnik 5. izredne seje K\u0160Z FNM<\/a> &#8211; 22. 12. 2021<br \/>\n<a href=\"https:\/\/www.fnm.um.si\/wp-content\/uploads\/2022\/01\/Zapisnik-13-redne-seje-KSZ-7-12-2021.pdf\">Zapisnik 13. redne seje K\u0160Z FNM<\/a> &#8211; 7. 12. 2021<br \/>\n<a href=\"https:\/\/www.fnm.um.si\/wp-content\/uploads\/2021\/11\/Zapisnik-12-redne-seje-KSZ-FNM-UM-27-10-2021.pdf\">Zapisnik 12. redne seje K\u0160Z FNM<\/a> &#8211; 27. 10. 2021<br \/>\n<a href=\"https:\/\/www.fnm.um.si\/wp-content\/uploads\/2021\/10\/Zapisnik-11-redne-seje-KSZ-FNM-UM-23-9-2021.pdf\">Zapisnik 11. redne seje K\u0160Z FNM<\/a> &#8211; 23. 9. 2021<br \/>\n<a href=\"https:\/\/www.fnm.um.si\/wp-content\/uploads\/2021\/10\/Zapisnik-10-redne-seje-KSZ-14-9-2021.pdf\">Zapisnik 10. redne seje K\u0160Z FNM<\/a> &#8211; 14. 9. 2021<br \/>\n<a href=\"https:\/\/www.fnm.um.si\/wp-content\/uploads\/2021\/09\/Zapisnik-9-redne-seje-KSZ-6-9-2021.pdf\">Zapisnik 9. redne seje K\u0160Z FNM<\/a> &#8211; 6. 9. 2021<br \/>\n<a href=\"https:\/\/www.fnm.um.si\/wp-content\/uploads\/2021\/09\/Izpis-sklepov-9-redne-seje-KSZ-6-9-2021.pdf\">Izpis sklepov 9. redne seje K\u0160Z FNM<\/a> &#8211; 6. 9. 2021<br \/>\n<a href=\"https:\/\/www.fnm.um.si\/wp-content\/uploads\/2021\/09\/Zapisnik-4-izredne-KSZ-FNM-UM-23-6-2021SS.pdf\">Zapisnik 4. izredne seje K\u0160Z FNM<\/a> &#8211; 23. 6. 2021<br \/>\n<a href=\"https:\/\/www.fnm.um.si\/wp-content\/uploads\/2021\/06\/Zapisnik-8-redne-KSZ-FNM-UM-25-5-2021.pdf\">Zapisnik 8. redne seje K\u0160Z FNM<\/a> &#8211; 25. 5. 2021<br \/>\n<a href=\"https:\/\/www.fnm.um.si\/wp-content\/uploads\/2021\/05\/Zapisnik-7-redne-KSZ-FNM-UM-23-3-2021.pdf\">Zapisnik 7. redne seje K\u0160Z FNM<\/a> &#8211; 23. 3. 2021<br \/>\n<a href=\"https:\/\/www.fnm.um.si\/wp-content\/uploads\/2021\/03\/Zapisnik-4-pisne-seje-23-2-2021.pdf\">Zapisnik 4. pisne seje K\u0160Z FNM<\/a> &#8211; 23. do 25. 2. 2021<br \/>\n<a href=\"https:\/\/www.fnm.um.si\/wp-content\/uploads\/2021\/02\/Zapisnik-6-redne-KSZ-FNM-UM-19-1-2021.pdf\">Zapisnik 6. redne seje K\u0160Z FNM<\/a> &#8211; 19. 1. 2021<br \/>\n<a href=\"https:\/\/www.fnm.um.si\/wp-content\/uploads\/2021\/01\/Zapisnik-3-pisne-seje-KSZ-11-1-2021.pdf\">Zapisnik 3. pisne seje K\u0160Z FNM<\/a> &#8211; 11. do 12. 1. 2021<br \/>\n<a href=\"https:\/\/www.fnm.um.si\/wp-content\/uploads\/2021\/01\/Zapisnik-3-izredne-seje-KSZ-FNM-UM-17-12-2020-V2.pdf\">Zapisnik 3. izredne seje K\u0160Z FNM<\/a>\u00a0&#8211; 17. 12. 2020<br \/>\n<a href=\"https:\/\/www.fnm.um.si\/wp-content\/uploads\/2020\/12\/Zapisnik-5-redne-seje-KSZ-FNM-UM-29-10-2020v3.pdf\">Zapisnik 5. redne seje K\u0160Z FNM<\/a>\u00a0&#8211; 29. 10. 2020<br \/>\n<a href=\"https:\/\/www.fnm.um.si\/wp-content\/uploads\/2020\/10\/Zapisnik-2-pisne-seje-KSZ-FNM-28-9-2020.pdf\">Zapisnik 2.pisne seje K\u0160Z FNM<\/a>\u00a0&#8211; 28 do 29. 9. 2020<br \/>\n<a href=\"https:\/\/www.fnm.um.si\/wp-content\/uploads\/2020\/10\/Zapisnik-4-redne-seje-KSZ-FNM-UM-24-9-2020.pdf\">Zapisnik 4. redne seje K\u0160Z FNM<\/a>\u00a0&#8211; 24. 9. 2020<br \/>\n<a href=\"https:\/\/www.fnm.um.si\/wp-content\/uploads\/2020\/10\/Zapisnik-3-redne-seje-KSZ-15-9-2020.pdf\">Zapisnik 3. redne seje K\u0160Z FNM<\/a>\u00a0&#8211; 15. 9. 2020<br \/>\n<a href=\"https:\/\/www.fnm.um.si\/wp-content\/uploads\/2020\/09\/Zapisnik-2-redne-seje-KSZ-3-9-2020.pdf\">Zapisnik 2. redne seje K\u0160Z FNM<\/a>\u00a0&#8211; 3. 9. 2020\u00a0\u00a0<span style=\"color: #ff0000;\"><strong><br \/>\n<\/strong><\/span><a href=\"https:\/\/www.fnm.um.si\/wp-content\/uploads\/2020\/09\/Zapisnik-2-izredne-seje-2-7-2020.pdf\">Zapisnik 2. izredne seje K\u0160Z FNM<\/a>\u00a0&#8211; 2. 7. 2020<br \/>\n<a href=\"https:\/\/www.fnm.um.si\/wp-content\/uploads\/2020\/06\/Zapisnik-1-izredne-seje-KSZ-FNM-22-6-2020.pdf\">Zapisnik 1. izredne seje K\u0160Z FNM<\/a>\u00a0&#8211; 22. 6. 2020<br \/>\n<a href=\"https:\/\/www.fnm.um.si\/wp-content\/uploads\/2020\/03\/Zapisnik-1-pisne-seje-KSZ-FNM-23-2-2020.pdf\">Zapisnik 1.pisne seje K\u0160Z FNM<\/a>\u00a0&#8211; 23. 2. 2020<br \/>\n<a href=\"https:\/\/www.fnm.um.si\/wp-content\/uploads\/2020\/03\/Zapisnik-konstitutivne-seje-KSZ-FNM-UM-20-2-2020.pdf\">Zapisnik konstitutivne seje K\u0160Z FNM<\/a>\u00a0&#8211; 20. 2. 2020<br \/>\n<a href=\"https:\/\/www.fnm.um.si\/wp-content\/uploads\/2020\/01\/Zapisnik-8-redne-seje-KSZ-21-1-2020.pdf\">Zapisnik 8. redne seje K\u0160Z FNM<\/a>\u00a0&#8211; 21. 1. 2020<br \/>\n<a href=\"https:\/\/www.fnm.um.si\/wp-content\/uploads\/2019\/12\/Zapisnik-5-izredne-seje-KSZ-FNM-UM-19-12-2019.pdf\">Zapisnik 5. izredne seje K\u0160Z FNM<\/a>\u00a0&#8211; 19. 12. 2019<br \/>\n<a href=\"https:\/\/www.fnm.um.si\/wp-content\/uploads\/2019\/12\/Zapisnik-4-izredne-seje-KSZ-FNM-UM-2-12-2019.pdf\">Zapisnik 4. izredne seje K\u0160Z FNM<\/a>\u00a0&#8211; 2. 12. 2019<br \/>\n<a href=\"https:\/\/www.fnm.um.si\/wp-content\/uploads\/2019\/10\/Zapisnik-7-redne-seje-KSZ-FNM-UM-22-10-2019.pdf\">Zapisnik 7. redne seje K\u0160Z FNM<\/a>\u00a0&#8211; 22. 10. 2019<\/p>\n<p><a href=\"https:\/\/www.fnm.um.si\/index.php\/2019\/02\/28\/zapisniki-ksz-2015-2018\/\"><strong>Zapisniki K\u0160Z 2015<\/strong><strong>\u00a0&#8211; 2019<\/strong><\/a><\/p>\n<p><a href=\"https:\/\/www.fnm.um.si\/index.php\/2016\/01\/22\/zapisniki-kz-2007-2014\/\" target=\"_blank\" rel=\"noopener\"><strong>Zapisniki K\u0160Z 2007<\/strong><strong> &#8211; 2014<\/strong><\/a><\/p>\n<p>&nbsp;<\/p>\n","protected":false},"excerpt":{"rendered":"<p>prodekanica, izr. prof. dr. Sonja \u0160kornik,\u00a0predsednica, doc. dr. Kosta Dolenc, izr. prof. dr. Marko Jakovac, doc. dr. Tina Klenov\u0161ek, red. prof. dr. Nata\u0161a Vaupoti\u010d, Da\u0161a Don\u0161a, \u0161tudentka, Mo Lipovec, \u0161tudentka. Komisija je imenovana\u00a0za dobo \u0161tirih let, to je do 25. 11. 2026. Mandat \u0161tudentov\u00a0traja leto dni do 25. 10. 2022. Komisijo vodi prodekanICA, ki ima [&hellip;]<\/p>\n","protected":false},"author":1,"featured_media":0,"parent":138,"menu_order":447,"comment_status":"closed","ping_status":"closed","template":"","meta":{"_et_pb_use_builder":"","_et_pb_old_content":"","_et_gb_content_width":"","footnotes":""},"class_list":["post-179","page","type-page","status-publish","hentry"],"publishpress_future_workflow_manual_trigger":{"enabledWorkflows":[]},"_links":{"self":[{"href":"https:\/\/www.fnm.um.si\/index.php\/wp-json\/wp\/v2\/pages\/179","targetHints":{"allow":["GET"]}}],"collection":[{"href":"https:\/\/www.fnm.um.si\/index.php\/wp-json\/wp\/v2\/pages"}],"about":[{"href":"https:\/\/www.fnm.um.si\/index.php\/wp-json\/wp\/v2\/types\/page"}],"author":[{"embeddable":true,"href":"https:\/\/www.fnm.um.si\/index.php\/wp-json\/wp\/v2\/users\/1"}],"replies":[{"embeddable":true,"href":"https:\/\/www.fnm.um.si\/index.php\/wp-json\/wp\/v2\/comments?post=179"}],"version-history":[{"count":158,"href":"https:\/\/www.fnm.um.si\/index.php\/wp-json\/wp\/v2\/pages\/179\/revisions"}],"predecessor-version":[{"id":44749,"href":"https:\/\/www.fnm.um.si\/index.php\/wp-json\/wp\/v2\/pages\/179\/revisions\/44749"}],"up":[{"embeddable":true,"href":"https:\/\/www.fnm.um.si\/index.php\/wp-json\/wp\/v2\/pages\/138"}],"wp:attachment":[{"href":"https:\/\/www.fnm.um.si\/index.php\/wp-json\/wp\/v2\/media?parent=179"}],"curies":[{"name":"wp","href":"https:\/\/api.w.org\/{rel}","templated":true}]}}