{"id":136,"date":"2010-09-24T09:08:59","date_gmt":"2010-09-24T09:08:59","guid":{"rendered":"http:\/\/164.8.33.101\/index.php\/2010\/09\/24\/obrazci-in-postopki\/"},"modified":"2023-09-18T20:11:51","modified_gmt":"2023-09-18T18:11:51","slug":"obrazci-in-postopki","status":"publish","type":"page","link":"https:\/\/www.fnm.um.si\/index.php\/fakulteta-za-naravoslovje-in-matematiko\/obrazci-in-postopki\/","title":{"rendered":"Navodila in obrazci"},"content":{"rendered":"<h3><a href=\"https:\/\/www.fnm.um.si\/wp-content\/uploads\/2022\/06\/POROCILO_O_OPRAVLJENEM_NEPOSREDNEM_PEDAGOSKEM_DELU_od-2020.docx\"><span data-scaytid=\"254\" data-scayt_word=\"Poro\u010dilo\">Poro\u010dilo<\/span> o <span data-scaytid=\"255\" data-scayt_word=\"pedago\u0161kem\">pedago\u0161kem<\/span> <span data-scaytid=\"256\" data-scayt_word=\"delu\">delu<\/span> <span data-scaytid=\"234\" data-scayt_word=\"FNM\">FNM<\/span><\/a><\/h3>\n<h3><span style=\"color: #333333;\">Nabava letalske karte<\/span><\/h3>\n<ul>\n<li><a href=\"https:\/\/www.fnm.um.si\/wp-content\/uploads\/2019\/10\/Letalske-karte-2019.pdf\">navodilo<\/a><\/li>\n<li><a href=\"https:\/\/www.fnm.um.si\/wp-content\/uploads\/2021\/06\/Zahtevek-za-izvedbo-narocila-Obr-JN-1.docx\">zahtevek<\/a><\/li>\n<\/ul>\n<h3><a href=\"https:\/\/www.fnm.um.si\/wp-content\/uploads\/2022\/08\/Zahtevek-za-izvedbo-narocila-JN1.docx\"><span data-scaytid=\"290\" data-scayt_word=\"Zahtevek\">Zahtevek<\/span> <span data-scaytid=\"263\" data-scayt_word=\"za\">za<\/span> <span data-scaytid=\"291\" data-scayt_word=\"izvedbo\">izvedbo<\/span> <span data-scaytid=\"292\" data-scayt_word=\"naro\u010dila\">naro\u010dila<\/span><\/a><\/h3>\n<h3><a href=\"https:\/\/www.fnm.um.si\/wp-content\/uploads\/2021\/07\/PROSNJA_ZA_IZDAJO_SOGLASJA_ZA_DOPOLNILNO_IN_ALI_POGODBENO_DELO.docx\"><span data-scaytid=\"273\" data-scayt_word=\"Soglasje\">Soglasje<\/span> <span data-scaytid=\"260\" data-scayt_word=\"za\">za<\/span> <span data-scaytid=\"278\" data-scayt_word=\"dopolnilno\">dopolnilno<\/span> in <span data-scaytid=\"279\" data-scayt_word=\"pogodbeno\">pogodbeno<\/span> <\/a><span data-scaytid=\"280\" data-scayt_word=\"delo\">delo<\/span><\/h3>\n<p>&nbsp;<\/p>\n<h3>C<span data-scaytid=\"168\" data-scayt_word=\"celostna\">elostna<\/span> <span data-scaytid=\"169\" data-scayt_word=\"grafi\u010dna\">grafi\u010dna<\/span> <span data-scaytid=\"170\" data-scayt_word=\"podoba\">podoba<\/span> <span data-scaytid=\"171\" data-scayt_word=\"Univerze\">FNM UM<\/span><\/h3>\n<ul>\n<li><a href=\"https:\/\/www.fnm.um.si\/wp-content\/uploads\/2018\/03\/Dopis-FNM-QS2018.docx\" target=\"_blank\" rel=\"noopener\"><span data-scaytid=\"179\" data-scayt_word=\"Predloga\">Predloga<\/span> <span data-scaytid=\"167\" data-scayt_word=\"za\">za<\/span> <span data-scaytid=\"180\" data-scayt_word=\"dopis\">dopis<\/span><\/a><\/li>\n<li><a href=\"http:\/\/www.fnm.um.si\/wp-content\/uploads\/2010\/09\/logo-um-fnm-hq.jpg\" target=\"_blank\" rel=\"noopener\"><span data-scaytid=\"190\" data-scayt_word=\"Logotip\">Logotip<\/span><\/a><\/li>\n<li><a href=\"http:\/\/www.fnm.um.si\/wp-content\/uploads\/2010\/09\/logo-um-fnm-crn-hq.jpg\" target=\"_blank\" rel=\"noopener\">Logotip \u010cB<\/a><\/li>\n<li><a href=\"https:\/\/www.fnm.um.si\/wp-content\/uploads\/2021\/04\/Predstavitev1.pptx\"> <span data-scaytid=\"193\" data-scayt_word=\"Predstavitev\">Predstavitev<\/span> 1<\/a><\/li>\n<li><a href=\"https:\/\/www.fnm.um.si\/wp-content\/uploads\/2021\/04\/podpis-e-posta-fnm-2018.docx\">Podpis &#8211; elektronska po\u0161ta<\/a><\/li>\n<\/ul>\n<h3><\/h3>\n<h3>Navodila, postopki in obrazci za spremembe \u0161tudijskih programov <span data-scaytid=\"171\" data-scayt_word=\"Univerze\">FNM UM<\/span><\/h3>\n<ul>\n<li><a href=\"https:\/\/www.fnm.um.si\/wp-content\/uploads\/2019\/12\/Posodobljena-navodila-za-potrditev-studijskega-programa-sprememb-studijskega-programa-in-izvedbenega-predmetnika-FNM-UM.pdf\"><span data-scaytid=\"171\" data-scayt_word=\"Univerze\">Interna navodila<\/span><\/a><\/li>\n<li><a href=\"https:\/\/www.fnm.um.si\/wp-content\/uploads\/2021\/04\/IZJAVA-O-SODELOVANJU.docx\"><span data-scaytid=\"171\" data-scayt_word=\"Univerze\">Obrazec &#8211; izjava o sodelovanju<\/span><\/a><\/li>\n<li><a href=\"https:\/\/www.fnm.um.si\/wp-content\/uploads\/2021\/04\/Popis-sprememb-preglednica-za-fakultete-FNM.xlsx\">Obrazec &#8211; popis sprememb<\/a><\/li>\n<li><a href=\"https:\/\/www.fnm.um.si\/wp-content\/uploads\/2010\/09\/UCNI-NACRT-PREDMETA-obrazec-z-logotipom-FNM.docx\">Obrazec &#8211; u\u010dni na\u010drt u\u010dne enote<\/a><\/li>\n<\/ul>\n<p>&nbsp;<\/p>\n<h3>Predstavitveni plakati FNM UM<\/h3>\n<ul>\n<li><a href=\"http:\/\/www.fnm.um.si\/wp-content\/uploads\/2017\/08\/FNM_plakat_Slo_A4.pdf\"><span data-scaytid=\"171\" data-scayt_word=\"Univerze\">Plakat v slovenskem jeziku (PDF)<\/span><\/a><\/li>\n<li><a href=\"http:\/\/www.fnm.um.si\/wp-content\/uploads\/2017\/08\/FNM_plakat_Ang_A4.pdf\"><span data-scaytid=\"171\" data-scayt_word=\"Univerze\">Plakat v angle\u0161kem jeziku (PDF)<\/span><\/a><\/li>\n<\/ul>\n<p>&nbsp;<\/p>\n<h3><span data-scaytid=\"1\" data-scayt_word=\"Pogoji\">Pogoji<\/span>, pod <span data-scaytid=\"2\" data-scayt_word=\"katerimi\">katerimi<\/span> je <span data-scaytid=\"3\" data-scayt_word=\"mo\u017een\">mo\u017een<\/span> <span data-scaytid=\"4\" data-scayt_word=\"iznos\">iznos<\/span> <span data-scaytid=\"5\" data-scayt_word=\"opreme\">opreme<\/span> <span data-scaytid=\"6\" data-scayt_word=\"iz\">iz<\/span> <span data-scaytid=\"7\" data-scayt_word=\"prostorov\">prostorov<\/span> <span data-scaytid=\"8\" data-scayt_word=\"FNM\">FNM<\/span><\/h3>\n<p>(<span data-scaytid=\"10\" data-scayt_word=\"NAVODILO\">NAVODILO<\/span> <span data-scaytid=\"11\" data-scayt_word=\"VELJA\">VELJA<\/span> <span data-scaytid=\"12\" data-scayt_word=\"ZA\">ZA<\/span> <span data-scaytid=\"14\" data-scayt_word=\"VSO\">VSO<\/span> <span data-scaytid=\"15\" data-scayt_word=\"OPREMO\">OPREMO<\/span>, NE <span data-scaytid=\"17\" data-scayt_word=\"ZGOLJ\">ZGOLJ<\/span> <span data-scaytid=\"13\" data-scayt_word=\"ZA\">ZA<\/span> <span data-scaytid=\"16\" data-scayt_word=\"OPREMO\">OPREMO<\/span> <span data-scaytid=\"9\" data-scayt_word=\"FNM\">FNM<\/span>);<\/p>\n<ul>\n<li><span data-scaytid=\"19\" data-scayt_word=\"obvezno\">obvezno<\/span> je <span data-scaytid=\"20\" data-scayt_word=\"izpolniti\">izpolniti<\/span> <span data-scaytid=\"21\" data-scayt_word=\"prilo\u017eeni\">prilo\u017eeni<\/span> <span data-scaytid=\"22\" data-scayt_word=\"REVERZ\">REVERZ<\/span> (en <span data-scaytid=\"23\" data-scayt_word=\"obrazec\">obrazec<\/span> je <span data-scaytid=\"25\" data-scayt_word=\"za\">za<\/span> <span data-scaytid=\"28\" data-scayt_word=\"zaposlene\">zaposlene<\/span>, <span data-scaytid=\"29\" data-scayt_word=\"drugi\">drugi<\/span> <span data-scaytid=\"26\" data-scayt_word=\"za\">za<\/span> <span data-scaytid=\"30\" data-scayt_word=\"\u0161tudente\">\u0161tudente<\/span>); <span data-scaytid=\"27\" data-scayt_word=\"za\">za<\/span> <span data-scaytid=\"31\" data-scayt_word=\"opremo\">opremo<\/span> <span data-scaytid=\"32\" data-scayt_word=\"NFM\">NFM<\/span> je <span data-scaytid=\"34\" data-scayt_word=\"treba\">treba<\/span> <span data-scaytid=\"35\" data-scayt_word=\"uporabiti\">uporabiti<\/span> <span data-scaytid=\"24\" data-scayt_word=\"obrazec\">obrazec<\/span> z <span data-scaytid=\"33\" data-scayt_word=\"NFM\">NFM<\/span> <span data-scaytid=\"36\" data-scayt_word=\"logotipom\">logotipom<\/span>;<\/li>\n<li><span data-scaytid=\"40\" data-scayt_word=\"POSEBEJ\">POSEBEJ<\/span> <span data-scaytid=\"41\" data-scayt_word=\"POMEMBNO\">POMEMBNO<\/span> je, <span data-scaytid=\"42\" data-scayt_word=\"da\">da<\/span> se <span data-scaytid=\"37\" data-scayt_word=\"za\">za<\/span> <span data-scaytid=\"45\" data-scayt_word=\"vsa\">vsa<\/span> <span data-scaytid=\"46\" data-scayt_word=\"osnovna\">osnovna<\/span> <span data-scaytid=\"47\" data-scayt_word=\"sredstva\">sredstva<\/span> (to so <span data-scaytid=\"48\" data-scayt_word=\"tista\">tista<\/span>, <span data-scaytid=\"49\" data-scayt_word=\"ki\">ki<\/span> <span data-scaytid=\"51\" data-scayt_word=\"imajo\">imajo<\/span> <span data-scaytid=\"52\" data-scayt_word=\"inventarno\">inventarno<\/span> <span data-scaytid=\"53\" data-scayt_word=\"\u0161tevilko\">\u0161tevilko<\/span>), <span data-scaytid=\"50\" data-scayt_word=\"ki\">ki<\/span> se <span data-scaytid=\"54\" data-scayt_word=\"izna\u0161ajo\">izna\u0161ajo<\/span> <span data-scaytid=\"18\" data-scayt_word=\"iz\">iz<\/span> <span data-scaytid=\"56\" data-scayt_word=\"fakultete\">fakultete<\/span>, <span data-scaytid=\"39\" data-scayt_word=\"REVERZ\">REVERZ<\/span> <span data-scaytid=\"58\" data-scayt_word=\"TAKOJ\">TAKOJ<\/span> <span data-scaytid=\"59\" data-scayt_word=\"PO\u0160LJE\">PO\u0160LJE<\/span> <span data-scaytid=\"60\" data-scayt_word=\"ga\">ga<\/span>. <span data-scaytid=\"62\" data-scayt_word=\"Marjani\">Marjani<\/span> <span data-scaytid=\"63\" data-scayt_word=\"Vodu\u0161ek\">Vodu\u0161ek<\/span> <span data-scaytid=\"64\" data-scayt_word=\"Jodl\">Jodl<\/span>, <span data-scaytid=\"43\" data-scayt_word=\"da\">da<\/span> <span data-scaytid=\"61\" data-scayt_word=\"ga\">ga<\/span> <span data-scaytid=\"65\" data-scayt_word=\"bo\">bo<\/span> <span data-scaytid=\"66\" data-scayt_word=\"lahko\">lahko<\/span> <span data-scaytid=\"67\" data-scayt_word=\"posredovala\">posredovala<\/span> <span data-scaytid=\"68\" data-scayt_word=\"naprej\">naprej<\/span> <span data-scaytid=\"69\" data-scayt_word=\"na\">na<\/span> <span data-scaytid=\"70\" data-scayt_word=\"zavarovalnico\">zavarovalnico<\/span>.<\/li>\n<\/ul>\n<p>V <span data-scaytid=\"139\" data-scayt_word=\"kolikor\">kolikor<\/span> se <span data-scaytid=\"140\" data-scayt_word=\"zapisanih\">zapisanih<\/span> <span data-scaytid=\"141\" data-scayt_word=\"navodil\">navodil<\/span> ne <span data-scaytid=\"142\" data-scayt_word=\"upo\u0161teva\">upo\u0161teva<\/span>, <span data-scaytid=\"143\" data-scayt_word=\"zavarovanje\">zavarovanje<\/span> <span data-scaytid=\"102\" data-scayt_word=\"za\">za<\/span> <span data-scaytid=\"104\" data-scayt_word=\"opremo\">opremo<\/span> ne <span data-scaytid=\"147\" data-scayt_word=\"velja\">velja<\/span>!<\/p>\n<h3><a href=\"http:\/\/www.fnm.um.si\/wp-content\/uploads\/2010\/09\/NFM_reverz_oprema_studenti.pdf\" target=\"_blank\" rel=\"noopener\"><span data-scaytid=\"105\" data-scayt_word=\"FNM\">FNM<\/span> <span data-scaytid=\"150\" data-scayt_word=\"reverz\">reverz<\/span> <span data-scaytid=\"154\" data-scayt_word=\"oprema\">oprema<\/span> <span data-scaytid=\"158\" data-scayt_word=\"\u0161tudenti\">\u0161tudenti<\/span><\/a><\/h3>\n<h3><a href=\"http:\/\/www.fnm.um.si\/wp-content\/uploads\/2010\/09\/NFM_reverz_oprema_zaposleni.pdf\" target=\"_blank\" rel=\"noopener\"><span data-scaytid=\"106\" data-scayt_word=\"FNM\">FNM<\/span> <span data-scaytid=\"151\" data-scayt_word=\"reverz\">reverz<\/span> <span data-scaytid=\"155\" data-scayt_word=\"oprema\">oprema<\/span> <span data-scaytid=\"160\" data-scayt_word=\"zaposleni\">zaposleni<\/span><\/a><\/h3>\n<h3><a href=\"http:\/\/www.fnm.um.si\/wp-content\/uploads\/2010\/09\/reverz_oprema_studenti.pdf\" target=\"_blank\" rel=\"noopener\"><span data-scaytid=\"152\" data-scayt_word=\"reverz\">reverz<\/span> <span data-scaytid=\"156\" data-scayt_word=\"oprema\">oprema<\/span> <span data-scaytid=\"159\" data-scayt_word=\"\u0161tudenti\">\u0161tudenti<\/span><\/a><\/h3>\n<h3><a href=\"http:\/\/www.fnm.um.si\/wp-content\/uploads\/2010\/09\/reverz_oprema_zaposleni.pdf\" target=\"_blank\" rel=\"noopener\"><span data-scaytid=\"153\" data-scayt_word=\"reverz\">reverz<\/span> <span data-scaytid=\"157\" data-scayt_word=\"oprema\">oprema<\/span> <span data-scaytid=\"161\" data-scayt_word=\"zaposleni\">zaposleni<\/span><\/a><\/h3>\n<h3><a href=\"http:\/\/www.fnm.um.si\/wp-content\/uploads\/2010\/09\/Smernice%20za%20rabo%20racunalniske%20opreme%201_1.pdf\" target=\"_blank\" rel=\"noopener\"><span data-scaytid=\"162\" data-scayt_word=\"Smernice\">Smernice<\/span> <span data-scaytid=\"103\" data-scayt_word=\"za\">za<\/span> <span data-scaytid=\"163\" data-scayt_word=\"rabo\">rabo<\/span> <span data-scaytid=\"164\" data-scayt_word=\"ra\u010dunalni\u0161ke\">ra\u010dunalni\u0161ke<\/span> <span data-scaytid=\"107\" data-scayt_word=\"opreme\">opreme<\/span><\/a><\/h3>\n<h3><a href=\"https:\/\/www.fnm.um.si\/wp-content\/uploads\/2022\/03\/NAVODILO-ZA-IZVAJANJE-TRZNIH-PROJEKTOV-na-UM-012-2020-N24-620-JSB-s-prilogami.pdf\"><span style=\"text-decoration: underline;\">Navodilo za izvajanje tr\u017enih projektov na UM<\/span><\/a><\/h3>\n<ul>\n<li><a href=\"https:\/\/www.fnm.um.si\/wp-content\/uploads\/2023\/09\/1a_Priloga-1a_Predlog-porabe-sredstev-na-trznem-projektu_Poslovodni-odbor_.docx\">1a_Priloga 1a_Predlog porabe sredstev na tr\u017enem projektu_Poslovodni odbor\u00a0<\/a><\/li>\n<li><a href=\"https:\/\/www.fnm.um.si\/wp-content\/uploads\/2023\/09\/1b_Priloga-1b_Vloga-za-sodelovanje-na-trznem-projektu.docx\">1b_Priloga 1b_Vloga za sodelovanje na tr\u017enem projektu<\/a><\/li>\n<li><a href=\"https:\/\/www.fnm.um.si\/wp-content\/uploads\/2023\/09\/2_Priloga-2_Predlog-za-pripravo-avtorske-podjemne-pogodbe.docx\">2_Priloga 2_Predlog za pripravo avtorske-podjemne pogodbe<\/a><\/li>\n<li><a href=\"https:\/\/www.fnm.um.si\/wp-content\/uploads\/2023\/09\/3_Priloga-3-Porocilo-o-opravljenem-delu-na-podlagi-avtorske-podjemne-pogodbe.docx\">3_Priloga 3 Poro\u010dilo o opravljenem delu na podlagi avtorske-podjemne pogodbe<\/a><\/li>\n<li><a href=\"https:\/\/www.fnm.um.si\/wp-content\/uploads\/2023\/09\/4_Priloga-4_Zakljucno-porocilo-o-izvedbi-projekta.docx\">4_Priloga 4_Zaklju\u010dno poro\u010dilo o izvedbi projekta<\/a><\/li>\n<\/ul>\n<p>&nbsp;<\/p>\n<h3><a href=\"https:\/\/www.fnm.um.si\/wp-content\/uploads\/2022\/04\/Instruction.docx\"><span data-scaytid=\"292\" data-scayt_word=\"naro\u010dila\">Navodila za izstavitev ra\u010duna v tujini<\/span><\/a><\/h3>\n<h3><a href=\"https:\/\/www.fnm.um.si\/wp-content\/uploads\/2021\/04\/IZJAVA-_ZAVAROVANCA_ZA_OPRAVLJANJE_DELA_NA_PODLAGI_DRUGEGA_PRAVNEGA_RAZMERJA.docx\"><span data-scaytid=\"292\" data-scayt_word=\"naro\u010dila\">Izjava<\/span> zavarovanca za opravljanje dela na podlagi drugega pravnega razmerja<\/a><\/h3>\n<h3><\/h3>\n<h3><span style=\"color: #333333;\"><a style=\"color: #333333;\" href=\"https:\/\/www.fnm.um.si\/wp-content\/uploads\/2019\/10\/Navodilo-o-prepovedi-kajenja-na-FNM.pdf\">Navodilo o prepovedi kajenja na FNM UM<\/a><\/span><\/h3>\n<p>&nbsp;<\/p>\n<h3><span style=\"color: #333333;\"><a style=\"color: #333333;\" href=\"http:\/\/www.fnm.um.si\/wp-content\/uploads\/2010\/09\/Evidencna-narocila-2016-ZJN-3.pdf\" target=\"_blank\" rel=\"noopener\">Eviden\u010dna naro\u010dila 2016 ZJN-3<\/a><\/span><\/h3>\n<h3><span style=\"color: #333333;\"><a style=\"color: #333333;\" href=\"https:\/\/www.fnm.um.si\/wp-content\/uploads\/2018\/02\/Evidencna-narocila-2017-po-ZJN-3.pdf\" target=\"_blank\" rel=\"noopener\">Eviden\u010dna naro\u010dila 2017 ZJN-3<\/a><\/span><\/h3>\n<h3><span style=\"color: #333333;\"><a style=\"color: #333333;\" href=\"https:\/\/www.fnm.um.si\/wp-content\/uploads\/2019\/02\/Evidencna-narocila-2018.pdf\">Eviden\u010dna naro\u010dila 2018 ZJN-3<\/a><\/span><\/h3>\n<h3><span style=\"color: #333333;\"><a style=\"color: #333333;\" href=\"https:\/\/www.fnm.um.si\/wp-content\/uploads\/2020\/02\/Evidencna-narocila-2019-na-FNM-UM.pdf\">Eviden\u010dna naro\u010dila 2019 ZJN-3<\/a><\/span><\/h3>\n<h3><span style=\"color: #333333;\"><a style=\"color: #333333;\" href=\"https:\/\/www.fnm.um.si\/wp-content\/uploads\/2021\/02\/Evidencna-narocila_2020-na-FNM-UM.pdf\">Eviden\u010dna naro\u010dila 2020 ZJN-3<\/a><\/span><\/h3>\n","protected":false},"excerpt":{"rendered":"<p>Poro\u010dilo o pedago\u0161kem delu FNM Nabava letalske karte navodilo zahtevek Zahtevek za izvedbo naro\u010dila Soglasje za dopolnilno in pogodbeno delo &nbsp; Celostna grafi\u010dna podoba FNM UM Predloga za dopis Logotip Logotip \u010cB Predstavitev 1 Podpis &#8211; elektronska po\u0161ta Navodila, postopki in obrazci za spremembe \u0161tudijskih programov FNM UM Interna navodila Obrazec &#8211; izjava o sodelovanju [&hellip;]<\/p>\n","protected":false},"author":1,"featured_media":0,"parent":2,"menu_order":450,"comment_status":"closed","ping_status":"closed","template":"","meta":{"_et_pb_use_builder":"","_et_pb_old_content":"","_et_gb_content_width":"","footnotes":""},"class_list":["post-136","page","type-page","status-publish","hentry"],"publishpress_future_workflow_manual_trigger":{"enabledWorkflows":[]},"_links":{"self":[{"href":"https:\/\/www.fnm.um.si\/index.php\/wp-json\/wp\/v2\/pages\/136","targetHints":{"allow":["GET"]}}],"collection":[{"href":"https:\/\/www.fnm.um.si\/index.php\/wp-json\/wp\/v2\/pages"}],"about":[{"href":"https:\/\/www.fnm.um.si\/index.php\/wp-json\/wp\/v2\/types\/page"}],"author":[{"embeddable":true,"href":"https:\/\/www.fnm.um.si\/index.php\/wp-json\/wp\/v2\/users\/1"}],"replies":[{"embeddable":true,"href":"https:\/\/www.fnm.um.si\/index.php\/wp-json\/wp\/v2\/comments?post=136"}],"version-history":[{"count":43,"href":"https:\/\/www.fnm.um.si\/index.php\/wp-json\/wp\/v2\/pages\/136\/revisions"}],"predecessor-version":[{"id":23349,"href":"https:\/\/www.fnm.um.si\/index.php\/wp-json\/wp\/v2\/pages\/136\/revisions\/23349"}],"up":[{"embeddable":true,"href":"https:\/\/www.fnm.um.si\/index.php\/wp-json\/wp\/v2\/pages\/2"}],"wp:attachment":[{"href":"https:\/\/www.fnm.um.si\/index.php\/wp-json\/wp\/v2\/media?parent=136"}],"curies":[{"name":"wp","href":"https:\/\/api.w.org\/{rel}","templated":true}]}}