{"id":1294,"date":"2011-02-14T07:08:54","date_gmt":"2011-02-14T07:08:54","guid":{"rendered":"http:\/\/164.8.33.101\/index.php\/2011\/02\/14\/kakovost-na-fnm\/"},"modified":"2022-10-19T10:25:23","modified_gmt":"2022-10-19T08:25:23","slug":"kakovost-na-fnm","status":"publish","type":"page","link":"https:\/\/www.fnm.um.si\/index.php\/fakulteta-za-naravoslovje-in-matematiko\/kakovost-na-fnm\/","title":{"rendered":"Kakovost na FNM"},"content":{"rendered":"<p>[et_pb_section fb_built=&#8221;1&#8243; admin_label=&#8221;section&#8221; _builder_version=&#8221;3.22&#8243;][et_pb_row column_structure=&#8221;3_4,1_4&#8243; admin_label=&#8221;row&#8221; _builder_version=&#8221;3.25&#8243; background_size=&#8221;initial&#8221; background_position=&#8221;top_left&#8221; background_repeat=&#8221;repeat&#8221;][et_pb_column type=&#8221;3_4&#8243; _builder_version=&#8221;3.25&#8243; custom_padding=&#8221;|||&#8221; custom_padding__hover=&#8221;|||&#8221;][et_pb_text _builder_version=&#8221;4.5.3&#8243; header_text_align=&#8221;left&#8221; background_size=&#8221;initial&#8221; background_position=&#8221;top_left&#8221; background_repeat=&#8221;repeat&#8221; module_alignment=&#8221;left&#8221; hover_enabled=&#8221;0&#8243;]<\/p>\n<h3>Komisija za ocenjevanje kakovosti<\/h3>\n<p>Komisija za kakovost ima mandat od 1. 10. 2022 do 30. 9. 2026, v naslednji zasedbi:<\/p>\n<p>Predsednica: red. prof. dr. Nata\u0161a Vaupoti\u010d<\/p>\n<p>Ostali \u010dlani komisije:<\/p>\n<ul>\n<li>izr. prof. dr. Dominik Benkovi\u010d \u2013 namestnik predsednice<\/li>\n<li>asist. Dejan Zemljak &#8211; \u010dlan<\/li>\n<li>asist. Mirjana \u0160ipek \u2013 \u010dlanica<\/li>\n<li>Petra Uj\u010di\u010d \u2013 predstavnica strokovnih slu\u017eb<\/li>\n<li>Mo Lipovec, \u0161tudentka (mandat do 25. 10. 2023)<\/li>\n<li>Klemen Tr\u0161inar, \u0161tudent (mandat do 25. 10. 2023)<\/li>\n<\/ul>\n<p>&nbsp;<\/p>\n<h3>Poslovnik kakovosti FNM<\/h3>\n<p>Senat FNM UM je na 30. redni seji, dne 26.06.2013 sprejel <a href=\"http:\/\/www.fnm.um.si\/wp-content\/uploads\/2011\/02\/POSLOVNIK-KAKOVOSTI-FNM-UM-SPREJET.pdf\" target=\"_blank\" rel=\"noopener\">Poslovnik kakovosti FNM UM<\/a><\/p>\n<h3>\u00a0<a href=\"https:\/\/www.fnm.um.si\/wp-content\/uploads\/2018\/06\/QS_2018-krog.jpg\" rel=\"attachment wp-att-17230\"><img loading=\"lazy\" decoding=\"async\" class=\"alignnone wp-image-17230 size-thumbnail\" src=\"https:\/\/www.fnm.um.si\/wp-content\/uploads\/2018\/06\/QS_2018-krog-150x150.jpg\" alt=\"\" width=\"150\" height=\"150\" \/><\/a><\/h3>\n<h3>Samoevalvacijska poro\u010dila FNM<\/h3>\n<div style=\"text-align: justify;\">\n<div><a href=\"https:\/\/www.fnm.um.si\/wp-content\/uploads\/2022\/07\/FNM_SEP_2020-21.pdf\">Samoevalvacijsko poro\u010dilo FNM UM za \u0161tud. leto 2020\/2021<\/a><\/div>\n<div><a href=\"https:\/\/www.fnm.um.si\/wp-content\/uploads\/2021\/04\/SEP_FNM_2019-2020.pdf\">Samoevalvacijsko poro\u010dilo FNM UM za \u0161tud. leto 2019\/2020<\/a><br \/><a href=\"https:\/\/www.fnm.um.si\/wp-content\/uploads\/2020\/07\/SEP_FNM_2018-19.pdf\">Samoevalvacijsko poro\u010dilo FNM UM za \u0161tud. leto 2018\/2019<\/a><\/div>\n<div><a href=\"https:\/\/www.fnm.um.si\/wp-content\/uploads\/2019\/04\/Samoevelvacijsko_porocilo_FNM_UM_za_leto_2017-18.pdf\">Samoevalvacijsko poro\u010dilo FNM UM za \u0161tud. leto 2017\/2018<\/a><br \/><a href=\"https:\/\/www.fnm.um.si\/wp-content\/uploads\/2018\/04\/SAMOEVALVACIJSKO_POROCILO_FNM_UM_ZA_LETO_2016_2017-koncno.pdf\">Samoevalvacijsko poro\u010dilo FNM UM za \u0161tud. leto 2016\/2017<\/a><\/div>\n<div style=\"text-align: justify;\"><a href=\"http:\/\/www.fnm.um.si\/wp-content\/uploads\/2011\/02\/SAMOEVALVACIJSKO_POROCILO_FNM_UM_ZA_LETO_2015_2016.pdf\" target=\"_blank\" rel=\"noopener\">Samoevalvacijsko poro\u010dilo FNM UM za \u0161tud. leto 2015\/2016<\/a><a href=\"http:\/\/www.fnm.um.si\/wp-content\/uploads\/2011\/02\/SAMOEVALVACIJSKO_POROCILO_FNM_UM_ZA_LETO_2014_2015.pdf\" target=\"_blank\" rel=\"noopener\"><br \/>Samoevalvacijsko poro\u010dilo FNM UM za \u0161tud. leto 2014\/2015<\/a><\/div>\n<div style=\"text-align: justify;\"><a href=\"http:\/\/www.fnm.um.si\/wp-content\/uploads\/2011\/02\/SAMOEVALVACIJSKO_POROCILO_FNM_UM_ZA_LETO_2013_2014.pdf\" target=\"_blank\" rel=\"noopener\">Samoevalvacijsko poro\u010dilo FNM UM za \u0161tud. leto 2013\/2014<\/a><a href=\"http:\/\/www.fnm.um.si\/wp-content\/uploads\/2011\/02\/SAMOEVALVACIJSKO-POROCILO-FNM-UM-ZA-LETO-2012_2013_koncna.pdf\" target=\"_blank\" rel=\"noopener\"><br \/><\/a><a href=\"http:\/\/www.fnm.um.si\/wp-content\/uploads\/2011\/02\/SAMOEVALVACIJSKO-POROCILO-FNM-UM-ZA-LETO-2012_2013_koncna.pdf\" target=\"_blank\" rel=\"noopener\">Samoevalvacijsko poro\u010dilo FNM UM za \u0161tud. leto 2012\/2013<\/a><\/div>\n<\/div>\n<div style=\"text-align: justify;\"><a href=\"http:\/\/www.fnm.um.si\/wp-content\/uploads\/2011\/02\/Samoevalvacijsko_porocilo_FNM_UM_za_leto%202011_2012.pdf\" target=\"_blank\" rel=\"noopener\">Samoevalvacijsko poro\u010dilo FNM UM za \u0161tud. leto 2011\/2012<\/a><\/div>\n<div><a href=\"http:\/\/www.fnm.um.si\/wp-content\/uploads\/2011\/02\/samoevalvacijsko_porocilo_fnm_um_za_leto_2010_2011.pdf\" target=\"_blank\" rel=\"noopener\">Samoevalvacijsko poro\u010dilo FNM UM za \u0161tud. leto 2010\/2011<\/a><\/div>\n<div><a href=\"http:\/\/www.fnm.um.si\/wp-content\/uploads\/2011\/02\/samoevalvacijsko_porocilo_fnm_um_2009_2010.pdf\" target=\"_blank\" rel=\"noopener\">Samoevalvacijsko poro\u010dilo FNM UM za \u0161tud. leto 2009\/2010<\/a><\/div>\n<div><a href=\"http:\/\/www.fnm.um.si\/wp-content\/uploads\/2011\/02\/Samoevalvacijsko_porocilo_FNM_08_09.pdf\" target=\"_blank\" rel=\"noopener\">Samoevalvacijsko poro\u010dilo FNM UM za \u0161tud. leto 2008\/2009<\/a><\/div>\n<p>&nbsp;<\/p>\n<p><strong>Zapisniki:<\/strong><\/p>\n<div>\u00a0<\/div>\n<div><a href=\"https:\/\/www.fnm.um.si\/wp-content\/uploads\/2022\/03\/Zapisnik-4-korespondencne-seje-21-3-2022-KOK-UM-FNM.pdf\">4. koresponden\u010dnene seje 21. 3. 2022 komisije za kakovost UM FNM<\/a><br \/><a href=\"https:\/\/www.fnm.um.si\/wp-content\/uploads\/2022\/01\/Zapisnik-3-korespondencne-seje-KOK-UM-FNM.pdf\">3. koresponden\u010dnene seje 25. 3. 2021 komisije za kakovost UM FNM<\/a><br \/><a href=\"https:\/\/www.fnm.um.si\/wp-content\/uploads\/2021\/04\/Zapisnik-18-seje-Komisije-za-ocenjevanje-kakovosti-UM-FNM.pdf\">18. redne seje 15. 1. 2021 komisije za kakovost UM FNM<\/a><br \/><a href=\"https:\/\/www.fnm.um.si\/wp-content\/uploads\/2021\/02\/Zapisnik_2__korespondencna_seja_KOK_FNM_UM.pdf\">2. koresponden\u010dnene seje 28. 5. 2020 komisije za kakovost UM FNM<\/a><br \/><a href=\"https:\/\/www.fnm.um.si\/wp-content\/uploads\/2021\/02\/Zapisnik-17-seje-Komisije-za-ocenjevanje-kakovosti-UM-FNM.pdf\">17. redne seje 27. 1. 2020 komisije za kakovost UM FNM<\/a><br \/><a href=\"https:\/\/www.fnm.um.si\/wp-content\/uploads\/2021\/02\/Zapisnik_1_korespondencne_seje_Komisije_za_ocenjevanje_kakovosti_UM_FNM.pdf\">1. koresponden\u010dnene seje 21. 3. 2019 komisije za kakovost UM FNM<\/a><br \/><a href=\"https:\/\/www.fnm.um.si\/wp-content\/uploads\/2021\/02\/Zapisnik_16_seje_Komisije_za_ocenjevanje_kakovosti_UM_FNM.pdf\">16. redne seje 23. 12. 2019 komisije za kakovost UM FNM<\/a><br \/><a href=\"https:\/\/www.fnm.um.si\/wp-content\/uploads\/2021\/02\/Zapisnik_15_seje_Komisije_za_ocenjevanje_kakovosti_UM_FNM.pdf\">15. redne seje 19. 2. 2019 komisije za kakovost UM FNM<\/a><br \/><a href=\"https:\/\/www.fnm.um.si\/wp-content\/uploads\/2019\/02\/Zapisnik-14-seje-Komisije-za-ocenjevanje-kakovosti-UM-FNM.pdf\">14. redne seje 5. 2. 2019 komisije za kakovost UM FNM<\/a><\/div>\n<div><a href=\"https:\/\/www.fnm.um.si\/wp-content\/uploads\/2019\/02\/Zapisnik-13-seje-Komisije-za-ocenjevanje-kakovosti-UM-FNM.pdf\">13. redne seje 10. 1. 2019 komisije za kakovost UM FNM<\/a><br \/><a href=\"https:\/\/www.fnm.um.si\/wp-content\/uploads\/2019\/01\/Zapisnik-12-seje-Komisije-za-ocenjevanje-kakovosti-UM-FNM.pdf\">12. redne seje 8. 11. 2018 komisije za kakovost UM FNM<\/a><br \/><a href=\"https:\/\/www.fnm.um.si\/wp-content\/uploads\/2018\/11\/Zapisnik-11-seje-KOK-UM-FNM-27-3-2018.pdf\">11. redne seje 27. 3. 2018 komisije za kakovost UM FNM<\/a><\/div>\n<div><a href=\"https:\/\/www.fnm.um.si\/wp-content\/uploads\/2018\/11\/Zapisnik-10-seje-KOK-UM-FNM-13-3-2018.pdf\">10. redne seje 13. 3. 2018 komisije za kakovost UM FNM<\/a><br \/><a href=\"https:\/\/www.fnm.um.si\/wp-content\/uploads\/2018\/11\/Zapisnik-9-seje-KOK-UM-FNM-5-1-2018.pdf\">9. redne seje 5. 1. 2018 komisije za kakovost UM FNM<\/a><br \/><a href=\"http:\/\/www.fnm.um.si\/wp-content\/uploads\/2018\/01\/Zapisnik-8-seje-KOK-UM-FNM-14-11-2017.pdf\">8. redne seje 14. 11. 2017 komisije za kakovost UM FNM<\/a><\/div>\n<div><a href=\"http:\/\/www.fnm.um.si\/wp-content\/uploads\/2011\/02\/Zapisnik-7-seje-KOK-FNM-UM.pdf\">7. redne seje 28. 03. 2017 komisije za kakovost UM FNM<\/a>\u00a0<a href=\"http:\/\/www.fnm.um.si\/wp-content\/uploads\/2011\/02\/Zapisnik-6-seje-KOK-6-3-2017.pdf\" target=\"_blank\" rel=\"noopener\"><br \/>6. redne seje 06. 03. 2017 komisije za kakovost UM FNM<\/a><a href=\"http:\/\/www.fnm.um.si\/wp-content\/uploads\/2011\/02\/Zapisnik-5-seje-KOK-28-11-2016.pdf\" target=\"_blank\" rel=\"noopener\"><br \/>5. redne seje 28. 11. 2016 komisije za kakovost UM FNM<\/a><\/div>\n<div><a href=\"http:\/\/www.fnm.um.si\/wp-content\/uploads\/2011\/02\/Zapisnik-4-seje-KOK-11-1-2016.pdf\" target=\"_blank\" rel=\"noopener\">4. redne seje 11. 01. 2016 komisije za kakovost UM FNM<\/a><\/div>\n<div><a href=\"http:\/\/www.fnm.um.si\/wp-content\/uploads\/2011\/02\/Zapisnik-3-seje-KOK-21-12-2015.pdf\" target=\"_blank\" rel=\"noopener\">3. redne seje 21. 12. 2015 komisije za kakovost UM FNM <\/a><\/div>\n<div><a href=\"http:\/\/www.fnm.um.si\/wp-content\/uploads\/2011\/02\/Zapisnik-2-seje-KOK-28-9-2015.pdf\" target=\"_blank\" rel=\"noopener\">2. redne seje 28. 09. 2015 komisije za kakovost UM FNM<\/a><\/div>\n<div><a href=\"http:\/\/www.fnm.um.si\/wp-content\/uploads\/2011\/02\/Zapisnik-1-redne_seje-KK-13-3-2015.pdf\" target=\"_blank\" rel=\"noopener\">Konstitutivna (1. redna) seja 12. 03. 2015 komisije za kakovost UM FNM<\/a><\/div>\n<div>\u00a0<\/div>\n<div>\u00a0<\/div>\n<div><a href=\"http:\/\/www.fnm.um.si\/wp-content\/uploads\/2011\/02\/Zapisnik13.pdf\" target=\"_blank\" rel=\"noopener\">13. redne seje, 09. 01. 2015<\/a><\/div>\n<div><a href=\"http:\/\/www.fnm.um.si\/wp-content\/uploads\/2011\/02\/Zapisnik12.pdf\" target=\"_blank\" rel=\"noopener\">12. redne seje, 20. 11. 2014 <\/a><\/div>\n<div><a href=\"http:\/\/www.fnm.um.si\/wp-content\/uploads\/2011\/02\/Zapisnik11.pdf\" target=\"_blank\" rel=\"noopener\">11. redne seje, 14. 1. 2014<\/a><\/div>\n<div><a href=\"http:\/\/www.fnm.um.si\/wp-content\/uploads\/2011\/02\/Zapisnik10-seje_KOK.pdf\" target=\"_blank\" rel=\"noopener\">10. redne seje, 27. 11. 2013<\/a><\/div>\n<div><a href=\"http:\/\/www.fnm.um.si\/wp-content\/uploads\/2011\/02\/9-seja-KOK.pdf\" target=\"_blank\" rel=\"noopener\">9. redne seje, 15. 10. 2013<\/a><\/div>\n<div><a href=\"http:\/\/www.fnm.um.si\/wp-content\/uploads\/2011\/02\/Zapisnik8.pdf\" target=\"_blank\" rel=\"noopener\">8. redne seje, 19. 6. 2013<\/a><\/div>\n<div><a href=\"http:\/\/www.fnm.um.si\/wp-content\/uploads\/2011\/02\/Zapisnik7.pdf\" target=\"_blank\" rel=\"noopener\">7. redne seje, 10. 1. 2013<\/a><\/div>\n<div><a href=\"http:\/\/www.fnm.um.si\/wp-content\/uploads\/2011\/02\/Zapisnik6.pdf\" target=\"_blank\" rel=\"noopener\">6. redne seje, 30. 11. 2012<\/a><br \/><a href=\"http:\/\/www.fnm.um.si\/wp-content\/uploads\/2011\/02\/Zapisnik5.pdf\" target=\"_blank\" rel=\"noopener\">5. redne seje, 28. 6. 2012<\/a><br \/><a href=\"http:\/\/www.fnm.um.si\/wp-content\/uploads\/2011\/02\/Zapisnik4.pdf\" target=\"_blank\" rel=\"noopener\">4. redne seje, 21. 10. 2011\u00a0<\/a><br \/><a href=\"http:\/\/www.fnm.um.si\/wp-content\/uploads\/2011\/02\/Zapisnik3.pdf\" target=\"_blank\" rel=\"noopener\">3. redne seje, 17. 3. 2011<\/a><a href=\"http:\/\/www.fnm.um.si\/wp-content\/uploads\/2011\/02\/zapisnik1_korespond.pdf\" target=\"_blank\" rel=\"noopener\"><br \/>1. koresponden\u010dne seje, 13. 1. 2011<\/a><br \/><a href=\"http:\/\/www.fnm.um.si\/wp-content\/uploads\/2011\/02\/zapisnik2.pdf\" target=\"_blank\" rel=\"noopener\">2. redne seje, 12. 1. 2011<\/a><br \/><a href=\"http:\/\/www.fnm.um.si\/wp-content\/uploads\/2011\/02\/zapisnik1.pdf\" target=\"_blank\" rel=\"noopener\">1. redne seje, 22. 12. 2010<\/a><\/div>\n<p>[\/et_pb_text][\/et_pb_column][et_pb_column type=&#8221;1_4&#8243; _builder_version=&#8221;3.25&#8243; custom_padding=&#8221;|||&#8221; custom_padding__hover=&#8221;|||&#8221;][et_pb_sidebar _builder_version=&#8221;3.0.74&#8243;][\/et_pb_sidebar][\/et_pb_column][\/et_pb_row][\/et_pb_section]<\/p>\n","protected":false},"excerpt":{"rendered":"<p>Komisija za ocenjevanje kakovosti Komisija za kakovost ima mandat od 1. 10. 2022 do 30. 9. 2026, v naslednji zasedbi: Predsednica: red. prof. dr. Nata\u0161a Vaupoti\u010d Ostali \u010dlani komisije: izr. prof. dr. Dominik Benkovi\u010d \u2013 namestnik predsednice asist. Dejan Zemljak &#8211; \u010dlan asist. Mirjana \u0160ipek \u2013 \u010dlanica Petra Uj\u010di\u010d \u2013 predstavnica strokovnih slu\u017eb Mo Lipovec, [&hellip;]<\/p>\n","protected":false},"author":1,"featured_media":0,"parent":2,"menu_order":266,"comment_status":"closed","ping_status":"closed","template":"","meta":{"_et_pb_use_builder":"on","_et_pb_old_content":"<h3>Komisija za kakovost FNM<\/h3>\r\nKomisija za kakovost je bila imenovana za dobo \u0161tirih let, to je do 01. 02. 2019, v naslednji zasedbi:\r\n\r\nPredsednik: prof. dr. Samo Kralj\r\nNamestnica: doc. dr. Mateja Ploj Virti\u010d\r\n\r\nOstali \u010dlani komisije:\r\n<ul>\r\n \t<li>izr. prof. dr. Krista Rizman \u017dalik<\/li>\r\n \t<li>asist. Branko Bakan<\/li>\r\n \t<li>Ljudmila Tertinek, predstavnica strokovnih slu\u017eb<\/li>\r\n \t<li>Eva Munda, \u0161tudentka (mandat do 25. 10. 2017)<\/li>\r\n \t<li>Urban Marhl, \u0161tudent (mandat do 25. 10. 2017)<\/li>\r\n<\/ul>\r\n\u00a0\r\n<h3>Poslovnik kakovosti FNM<\/h3>\r\nSenat FNM UM je na 30. redni seji, dne 26.06.2013 sprejel <a href=\"http:\/\/www.fnm.um.si\/wp-content\/uploads\/2011\/02\/POSLOVNIK-KAKOVOSTI-FNM-UM-SPREJET.pdf\" target=\"_blank\" rel=\"noopener\">Poslovnik kakovosti FNM UM<\/a>\r\n<h3><\/h3>\r\n<h3>Samoevalvacijska poro\u010dila FNM<\/h3>\r\n<div style=\"text-align: justify;\">\r\n<div style=\"text-align: justify;\"><a href=\"http:\/\/www.fnm.um.si\/wp-content\/uploads\/2011\/02\/SAMOEVALVACIJSKO_POROCILO_FNM_UM_ZA_LETO_2015_2016.pdf\" target=\"_blank\" rel=\"noopener\">Samoevalvacijsko poro\u010dilo FNM UM za \u0161tud. leto 2015\/2016<\/a><a href=\"http:\/\/www.fnm.um.si\/wp-content\/uploads\/2011\/02\/SAMOEVALVACIJSKO_POROCILO_FNM_UM_ZA_LETO_2014_2015.pdf\" target=\"_blank\" rel=\"noopener\">\r\nSamoevalvacijsko poro\u010dilo FNM UM za \u0161tud. leto 2014\/2015<\/a><\/div>\r\n<div style=\"text-align: justify;\"><a href=\"http:\/\/www.fnm.um.si\/wp-content\/uploads\/2011\/02\/SAMOEVALVACIJSKO_POROCILO_FNM_UM_ZA_LETO_2013_2014.pdf\" target=\"_blank\" rel=\"noopener\">Samoevalvacijsko poro\u010dilo FNM UM za \u0161tud. leto 2013\/2014<\/a><a href=\"http:\/\/www.fnm.um.si\/wp-content\/uploads\/2011\/02\/SAMOEVALVACIJSKO-POROCILO-FNM-UM-ZA-LETO-2012_2013_koncna.pdf\" target=\"_blank\" rel=\"noopener\">\r\n<\/a><a href=\"http:\/\/www.fnm.um.si\/wp-content\/uploads\/2011\/02\/SAMOEVALVACIJSKO-POROCILO-FNM-UM-ZA-LETO-2012_2013_koncna.pdf\" target=\"_blank\" rel=\"noopener\">Samoevalvacijsko poro\u010dilo FNM UM za \u0161tud. leto 2012\/2013<\/a><\/div>\r\n<\/div>\r\n<div style=\"text-align: justify;\"><a href=\"http:\/\/www.fnm.um.si\/wp-content\/uploads\/2011\/02\/Samoevalvacijsko_porocilo_FNM_UM_za_leto%202011_2012.pdf\" target=\"_blank\" rel=\"noopener\">Samoevalvacijsko poro\u010dilo FNM UM za \u0161tud. leto 2011\/2012<\/a><\/div>\r\n<div><a href=\"http:\/\/www.fnm.um.si\/wp-content\/uploads\/2011\/02\/samoevalvacijsko_porocilo_fnm_um_za_leto_2010_2011.pdf\" target=\"_blank\" rel=\"noopener\">Samoevalvacijsko poro\u010dilo FNM UM za \u0161tud. leto 2010\/2011<\/a><\/div>\r\n<div><a href=\"http:\/\/www.fnm.um.si\/wp-content\/uploads\/2011\/02\/samoevalvacijsko_porocilo_fnm_um_2009_2010.pdf\" target=\"_blank\" rel=\"noopener\">Samoevalvacijsko poro\u010dilo FNM UM za \u0161tud. leto 2009\/2010<\/a><\/div>\r\n<div><a href=\"http:\/\/www.fnm.um.si\/wp-content\/uploads\/2011\/02\/Samoevalvacijsko_porocilo_FNM_08_09.pdf\" target=\"_blank\" rel=\"noopener\">Samoevalvacijsko poro\u010dilo FNM UM za \u0161tud. leto 2008\/2009<\/a><\/div>\r\n\u00a0\r\n\r\n<strong>Zapisniki:<\/strong>\r\n<div><a href=\"http:\/\/www.fnm.um.si\/wp-content\/uploads\/2011\/02\/Zapisnik-6-seje-KOK-6-3-2017.pdf\" target=\"_blank\" rel=\"noopener\">6. redne seje 06. 03. 2017 komisije za kakovost UM FNM<\/a><a href=\"http:\/\/www.fnm.um.si\/wp-content\/uploads\/2011\/02\/Zapisnik-5-seje-KOK-28-11-2016.pdf\" target=\"_blank\" rel=\"noopener\">\r\n5. redne seje 28. 11. 2016 komisije za kakovost UM FNM<\/a><\/div>\r\n<div><a href=\"http:\/\/www.fnm.um.si\/wp-content\/uploads\/2011\/02\/Zapisnik-4-seje-KOK-11-1-2016.pdf\" target=\"_blank\" rel=\"noopener\">4. redne seje 11. 01. 2016 komisije za kakovost UM FNM<\/a><\/div>\r\n<div><a href=\"http:\/\/www.fnm.um.si\/wp-content\/uploads\/2011\/02\/Zapisnik-3-seje-KOK-21-12-2015.pdf\" target=\"_blank\" rel=\"noopener\">3. redne seje 21. 12. 2015 komisije za kakovost UM FNM <\/a><\/div>\r\n<div><a href=\"http:\/\/www.fnm.um.si\/wp-content\/uploads\/2011\/02\/Zapisnik-2-seje-KOK-28-9-2015.pdf\" target=\"_blank\" rel=\"noopener\">2. redne seje 28. 09. 2015 komisije za kakovost UM FNM<\/a><\/div>\r\n<div><a href=\"http:\/\/www.fnm.um.si\/wp-content\/uploads\/2011\/02\/Zapisnik-1-redne_seje-KK-13-3-2015.pdf\" target=\"_blank\" rel=\"noopener\">Konstitutivna (1. redna) seja 12. 03. 2015 komisije za kakovost UM FNM<\/a><\/div>\r\n<div><\/div>\r\n<div><\/div>\r\n<div><a href=\"http:\/\/www.fnm.um.si\/wp-content\/uploads\/2011\/02\/Zapisnik13.pdf\" target=\"_blank\" rel=\"noopener\">13. redne seje, 09. 01. 2015<\/a><\/div>\r\n<div><a href=\"http:\/\/www.fnm.um.si\/wp-content\/uploads\/2011\/02\/Zapisnik12.pdf\" target=\"_blank\" rel=\"noopener\">12. redne seje, 20. 11. 2014 <\/a><\/div>\r\n<div><a href=\"http:\/\/www.fnm.um.si\/wp-content\/uploads\/2011\/02\/Zapisnik11.pdf\" target=\"_blank\" rel=\"noopener\">11. redne seje, 14. 1. 2014<\/a><\/div>\r\n<div><a href=\"http:\/\/www.fnm.um.si\/wp-content\/uploads\/2011\/02\/Zapisnik10-seje_KOK.pdf\" target=\"_blank\" rel=\"noopener\">10. redne seje, 27. 11. 2013<\/a><\/div>\r\n<div><a href=\"http:\/\/www.fnm.um.si\/wp-content\/uploads\/2011\/02\/9-seja-KOK.pdf\" target=\"_blank\" rel=\"noopener\">9. redne seje, 15. 10. 2013<\/a><\/div>\r\n<div><a href=\"http:\/\/www.fnm.um.si\/wp-content\/uploads\/2011\/02\/Zapisnik8.pdf\" target=\"_blank\" rel=\"noopener\">8. redne seje, 19. 6. 2013<\/a><\/div>\r\n<div><a href=\"http:\/\/www.fnm.um.si\/wp-content\/uploads\/2011\/02\/Zapisnik7.pdf\" target=\"_blank\" rel=\"noopener\">7. redne seje, 10. 1. 2013<\/a><\/div>\r\n<div><a href=\"http:\/\/www.fnm.um.si\/wp-content\/uploads\/2011\/02\/Zapisnik6.pdf\" target=\"_blank\" rel=\"noopener\">6. redne seje, 30. 11. 2012<\/a>\r\n<a href=\"http:\/\/www.fnm.um.si\/wp-content\/uploads\/2011\/02\/Zapisnik5.pdf\" target=\"_blank\" rel=\"noopener\">5. redne seje, 28. 6. 2012<\/a>\r\n<a href=\"http:\/\/www.fnm.um.si\/wp-content\/uploads\/2011\/02\/Zapisnik4.pdf\" target=\"_blank\" rel=\"noopener\">4. redne seje, 21. 10. 2011\u00a0<\/a>\r\n<a href=\"http:\/\/www.fnm.um.si\/wp-content\/uploads\/2011\/02\/Zapisnik3.pdf\" target=\"_blank\" rel=\"noopener\">3. redne seje, 17. 3. 2011<\/a><a href=\"http:\/\/www.fnm.um.si\/wp-content\/uploads\/2011\/02\/zapisnik1_korespond.pdf\" target=\"_blank\" rel=\"noopener\">\r\n1. koresponden\u010dne seje, 13. 1. 2011<\/a>\r\n<a href=\"http:\/\/www.fnm.um.si\/wp-content\/uploads\/2011\/02\/zapisnik2.pdf\" target=\"_blank\" rel=\"noopener\">2. redne seje, 12. 1. 2011<\/a>\r\n<a href=\"http:\/\/www.fnm.um.si\/wp-content\/uploads\/2011\/02\/zapisnik1.pdf\" target=\"_blank\" rel=\"noopener\">1. redne seje, 22. 12. 2010<\/a><\/div>","_et_gb_content_width":"","footnotes":""},"class_list":["post-1294","page","type-page","status-publish","hentry"],"publishpress_future_workflow_manual_trigger":{"enabledWorkflows":[]},"_links":{"self":[{"href":"https:\/\/www.fnm.um.si\/index.php\/wp-json\/wp\/v2\/pages\/1294","targetHints":{"allow":["GET"]}}],"collection":[{"href":"https:\/\/www.fnm.um.si\/index.php\/wp-json\/wp\/v2\/pages"}],"about":[{"href":"https:\/\/www.fnm.um.si\/index.php\/wp-json\/wp\/v2\/types\/page"}],"author":[{"embeddable":true,"href":"https:\/\/www.fnm.um.si\/index.php\/wp-json\/wp\/v2\/users\/1"}],"replies":[{"embeddable":true,"href":"https:\/\/www.fnm.um.si\/index.php\/wp-json\/wp\/v2\/comments?post=1294"}],"version-history":[{"count":40,"href":"https:\/\/www.fnm.um.si\/index.php\/wp-json\/wp\/v2\/pages\/1294\/revisions"}],"predecessor-version":[{"id":40182,"href":"https:\/\/www.fnm.um.si\/index.php\/wp-json\/wp\/v2\/pages\/1294\/revisions\/40182"}],"up":[{"embeddable":true,"href":"https:\/\/www.fnm.um.si\/index.php\/wp-json\/wp\/v2\/pages\/2"}],"wp:attachment":[{"href":"https:\/\/www.fnm.um.si\/index.php\/wp-json\/wp\/v2\/media?parent=1294"}],"curies":[{"name":"wp","href":"https:\/\/api.w.org\/{rel}","templated":true}]}}