{"id":11,"date":"2010-09-14T07:31:45","date_gmt":"2010-09-14T07:31:45","guid":{"rendered":"http:\/\/164.8.33.101\/index.php\/2010\/09\/14\/dekan\/"},"modified":"2024-01-04T12:06:02","modified_gmt":"2024-01-04T10:06:02","slug":"dekan","status":"publish","type":"page","link":"https:\/\/www.fnm.um.si\/index.php\/fakulteta-za-naravoslovje-in-matematiko\/organi-in-organiziranost-fakultete\/dekan\/","title":{"rendered":"Dekan"},"content":{"rendered":"<p>&nbsp;<\/p>\n<table style=\"border-collapse: collapse; width: 100%;\" border=\"1\">\n<tbody>\n<tr style=\"border-style: hidden;\">\n<td style=\"width: 83.4578%;\">Vr\u0161ilec dol\u017enosti dekana Fakultete za naravoslovje Univerze v Mariboru je red. prof. dr. Iztok Bani\u010d, ki je z Odlo\u010dbo \u0161t. 024\/2023\/O 1737\/510-BF imenovan od 1. 1. 2024 do imenovanja novega dekana oz. najdlje do 31. 12. 2024.<\/td>\n<td style=\"width: 16.5422%; border-style: hidden;\"><img loading=\"lazy\" decoding=\"async\" class=\"alignnone size-full wp-image-48791\" src=\"https:\/\/www.fnm.um.si\/wp-content\/uploads\/2023\/12\/Iztok-banic-vd-dekan.jpg\" alt=\"\" width=\"481\" height=\"618\" srcset=\"https:\/\/www.fnm.um.si\/wp-content\/uploads\/2023\/12\/Iztok-banic-vd-dekan.jpg 481w, https:\/\/www.fnm.um.si\/wp-content\/uploads\/2023\/12\/Iztok-banic-vd-dekan-233x300.jpg 233w\" sizes=\"(max-width: 481px) 100vw, 481px\" \/><\/td>\n<\/tr>\n<\/tbody>\n<\/table>\n<h2>Prodekani<\/h2>\n<p>V skladu s 335. \u010dlenom Statuta UM\u00a0 ima \u010dlanica Univerze v Mariboru praviloma \u0161tiri prodekane.<\/p>\n<p>Mandatno obdobje \u0161tirih let od 28. 1. 2020 do 27. 1. 2024<\/p>\n<p>Funkcije prodekanov na Fakulteti za naravoslovje in matematiko Univerze v Mariboru opravljajo:<\/p>\n<ul>\n<li>prodekan za znanstvenoraziskovalno in mednarodno dejavnost red. prof. dr. Aleksander Vesel,<\/li>\n<li>prodekanica za izobra\u017eevalno dejavnost izr. prof. dr. Sonja \u0160kornik,<\/li>\n<li>prodekan za sodelovanje z gospodarstvom, mednarodne odnose in pedago\u0161ke \u0161tudijske programe: izr. prof. dr. Robert Repnik,<\/li>\n<li>prodekan za sodelovanje z javnimi ustanovami: izr. prof. dr. Mitja Slavinec,<\/li>\n<li>prodekan za \u0161tudentska vpra\u0161anja je Mitja Suvajac (1. 1. 2024 &#8211; 31. 12. 2025).<\/li>\n<\/ul>\n<p>&nbsp;<\/p>\n<p>&nbsp;<\/p>\n<p>&nbsp;<\/p>\n","protected":false},"excerpt":{"rendered":"<p>&nbsp; Vr\u0161ilec dol\u017enosti dekana Fakultete za naravoslovje Univerze v Mariboru je red. prof. dr. Iztok Bani\u010d, ki je z Odlo\u010dbo \u0161t. 024\/2023\/O 1737\/510-BF imenovan od 1. 1. 2024 do imenovanja novega dekana oz. najdlje do 31. 12. 2024. Prodekani V skladu s 335. \u010dlenom Statuta UM\u00a0 ima \u010dlanica Univerze v Mariboru praviloma \u0161tiri prodekane. Mandatno [&hellip;]<\/p>\n","protected":false},"author":1,"featured_media":0,"parent":2238,"menu_order":467,"comment_status":"closed","ping_status":"closed","template":"","meta":{"_et_pb_use_builder":"","_et_pb_old_content":"","_et_gb_content_width":"","footnotes":""},"class_list":["post-11","page","type-page","status-publish","hentry"],"publishpress_future_workflow_manual_trigger":{"enabledWorkflows":[]},"_links":{"self":[{"href":"https:\/\/www.fnm.um.si\/index.php\/wp-json\/wp\/v2\/pages\/11","targetHints":{"allow":["GET"]}}],"collection":[{"href":"https:\/\/www.fnm.um.si\/index.php\/wp-json\/wp\/v2\/pages"}],"about":[{"href":"https:\/\/www.fnm.um.si\/index.php\/wp-json\/wp\/v2\/types\/page"}],"author":[{"embeddable":true,"href":"https:\/\/www.fnm.um.si\/index.php\/wp-json\/wp\/v2\/users\/1"}],"replies":[{"embeddable":true,"href":"https:\/\/www.fnm.um.si\/index.php\/wp-json\/wp\/v2\/comments?post=11"}],"version-history":[{"count":29,"href":"https:\/\/www.fnm.um.si\/index.php\/wp-json\/wp\/v2\/pages\/11\/revisions"}],"predecessor-version":[{"id":48811,"href":"https:\/\/www.fnm.um.si\/index.php\/wp-json\/wp\/v2\/pages\/11\/revisions\/48811"}],"up":[{"embeddable":true,"href":"https:\/\/www.fnm.um.si\/index.php\/wp-json\/wp\/v2\/pages\/2238"}],"wp:attachment":[{"href":"https:\/\/www.fnm.um.si\/index.php\/wp-json\/wp\/v2\/media?parent=11"}],"curies":[{"name":"wp","href":"https:\/\/api.w.org\/{rel}","templated":true}]}}