{"id":107,"date":"2010-09-24T09:08:44","date_gmt":"2010-09-24T09:08:44","guid":{"rendered":"http:\/\/164.8.33.101\/index.php\/2010\/09\/24\/cenik\/"},"modified":"2022-10-21T14:25:24","modified_gmt":"2022-10-21T12:25:24","slug":"cenik","status":"publish","type":"page","link":"https:\/\/www.fnm.um.si\/index.php\/fakulteta-za-naravoslovje-in-matematiko\/cenik\/","title":{"rendered":"Cenik"},"content":{"rendered":"<p><a href=\"https:\/\/www.fnm.um.si\/wp-content\/uploads\/2022\/10\/CENIK-VPISNIH-STROSKOV-FNM-UM-ZA-STUDIJSKO-LETO-2022-2023_za-vpis-po-1.-10.-2022.docx\">Cenik vpisnih stro\u0161kov za \u0161tudijsko leto 2022\/23 za vpis po 1. 10. 2022<\/a><br \/>\n<a href=\"https:\/\/www.fnm.um.si\/wp-content\/uploads\/2022\/07\/CENIK-STORITEV-FNM-UM-ZA-STUDIJSKO-LETO-2022-2023_22.7.2022.pdf\"><strong>Cenik storitev za \u0161tudijsko leto 2022\/23<\/strong><\/a><br \/>\n<a href=\"https:\/\/www.fnm.um.si\/wp-content\/uploads\/2022\/10\/UM_Cenik_storitev_2022-23_dopolnjen_29.9.2022.xlsx\">Cenik storitev UM za \u0161tudijsko leto 2022\/23 \u2013 dopolnjen 29. 9. 2022<\/a><br \/>\n<a href=\"https:\/\/www.fnm.um.si\/wp-content\/uploads\/2022\/10\/Izpis_sklepov_17._redne_seje_Upravnega_odbora_UM_29.9.2022.pdf\">Izpis sklepa UO UM (29. 9. 2022)<\/a><\/p>\n<p style=\"padding-left: 40px;\"><a href=\"https:\/\/www.fnm.um.si\/wp-content\/uploads\/2022\/02\/UM-Cenik-storitev-2022-2023-sprejet-na-11-seji-UO-UM-27-01-2022.xlsx\">Cenik storitev UM za \u0161tudijsko leto 2022\/23<\/a><br \/>\n<a href=\"https:\/\/www.fnm.um.si\/wp-content\/uploads\/2022\/02\/Izpis-sklepa-11.-redne-seje-UO-UM-Cenik-storitev-2022-2023.pdf\">Izpis sklepa UO UM (27. 1. 2022)<\/a><\/p>\n<p><a href=\"http:\/\/www.um.si\/studij\/financiranje\/splosni-pogoji-placevanja-na-um\/Strani\/default.aspx\" target=\"_blank\" rel=\"noopener\">Splo\u0161ni pogoji pla\u010devanja \u0161olnin in prispevkov za \u0161tudij na UM <\/a><\/p>\n<p><a href=\"https:\/\/www.fnm.um.si\/wp-content\/uploads\/2022\/02\/Navodila-o-prispevkih-in-vrednotenju-stroskov-na-Univerzi-v-Mariboru.pdf\">Navodila o prispevkih in vrednotenju stro\u0161kov na Univerzi v Mariboru (PDF)<\/a><\/p>\n<p><span style=\"color: #ff0000;\"><strong>VSE PLA\u010cNIKE OBVE\u0160\u010cAMO, DA VNAPREJ\u0160NJE PLA\u010cILO (RAZEN V PRIMERU, KO BOSTE O TEM POSEBEJ OBVE\u0160\u010cENI) <span style=\"font-size: 14px;\">NI POTREBNO<\/span>, SAJ PREJMETE RA\u010cUN S POLO\u017dNICO PO PO\u0160TI oz.\u00a0<\/strong><\/span><strong><span style=\"color: #ff0000;\"> PO ELEKTRONSKI PO\u0160TI NA E-NASLOV<\/span> <a href=\"mailto:ime.priimek@student.um.si\">ime.priimek@student.um.si<\/a><\/strong><\/p>\n<p>&nbsp;<\/p>\n","protected":false},"excerpt":{"rendered":"<p>Cenik vpisnih stro\u0161kov za \u0161tudijsko leto 2022\/23 za vpis po 1. 10. 2022 Cenik storitev za \u0161tudijsko leto 2022\/23 Cenik storitev UM za \u0161tudijsko leto 2022\/23 \u2013 dopolnjen 29. 9. 2022 Izpis sklepa UO UM (29. 9. 2022) Cenik storitev UM za \u0161tudijsko leto 2022\/23 Izpis sklepa UO UM (27. 1. 2022) Splo\u0161ni pogoji pla\u010devanja [&hellip;]<\/p>\n","protected":false},"author":1,"featured_media":0,"parent":2,"menu_order":451,"comment_status":"closed","ping_status":"closed","template":"","meta":{"_et_pb_use_builder":"off","_et_pb_old_content":"<p>\u00a0<\/p><p><strong><a href=\"http:\/\/www.fnm.um.si\/wp-content\/uploads\/2010\/09\/DELNI%20CENIK%20FNM%20UM%202016-17.pdf\" target=\"_blank\" rel=\"noopener\">Cenik storitev za \u0161tudijsko leto 2016\/17<\/a><\/strong><\/p><p><a href=\"http:\/\/www.um.si\/studij\/financiranje\/splosni-pogoji-placevanja-na-um\/Strani\/default.aspx \" target=\"_blank\" rel=\"noopener\">Splo\u0161ni pogoji pla\u010devanja \u0161olnin in prispevkov za \u0161tudij na UM <\/a><\/p><p><a style=\"text-align: justify;\" href=\"http:\/\/www.fnm.um.si\/wp-content\/uploads\/2010\/09\/Navodila-o-prispevkih-in-vrednotenju-stroskov.pdf\" target=\"_blank\" rel=\"noopener\">Navodila o prispevkih in vrednotenju stro\u0161kov na Univerzi v Mariboru (pdf)<\/a><\/p><p><span style=\"color: #ff0000;\"><strong>VSE PLA\u010cNIKE OBVE\u0160\u010cAMO, DA VNAPREJ\u0160NJE PLA\u010cILO (RAZEN V PRIMERU, KO BOSTE O TEM POSEBEJ OBVE\u0160\u010cENI) <span style=\"font-size: 14px;\">NI POTREBNO<\/span>, SAJ PREJMETE RA\u010cUN S POLO\u017dNICO PO PO\u0160TI!<\/strong><\/span><\/p><p>\u00a0<\/p><p><a href=\"http:\/\/www.fnm.um.si\/wp-content\/uploads\/2010\/09\/Cenik_FNM_na_podiplomskem_studiju_2016_17.pdf\" target=\"_blank\" rel=\"noopener\">Cenik za izpla\u010dilo AH in PP za \u0161.l. 2016\/17 podiplomski \u0161tudij<\/a><\/p><p>\u00a0<\/p><p><a href=\"http:\/\/www.fnm.um.si\/wp-content\/uploads\/2010\/09\/Cenik_FNM_na_dodiplomskem_studiju_2015_16.pdf\" target=\"_blank\" rel=\"noopener\">Cenik za izpla\u010dilo AH in PP za \u0161.l. 2015\/16 dodiplomski \u0161tudij<\/a><\/p><p><a href=\"http:\/\/www.fnm.um.si\/wp-content\/uploads\/2010\/09\/Cenik_FNM_na_podiplomskem_studiju_2015_16.pdf\" target=\"_blank\" rel=\"noopener\">Cenik za izpla\u010dilo AH in PP za \u0161.l. 2015\/16 podiplomski \u0161tudij<\/a><\/p>","_et_gb_content_width":"","footnotes":""},"class_list":["post-107","page","type-page","status-publish","hentry"],"publishpress_future_workflow_manual_trigger":{"enabledWorkflows":[]},"_links":{"self":[{"href":"https:\/\/www.fnm.um.si\/index.php\/wp-json\/wp\/v2\/pages\/107","targetHints":{"allow":["GET"]}}],"collection":[{"href":"https:\/\/www.fnm.um.si\/index.php\/wp-json\/wp\/v2\/pages"}],"about":[{"href":"https:\/\/www.fnm.um.si\/index.php\/wp-json\/wp\/v2\/types\/page"}],"author":[{"embeddable":true,"href":"https:\/\/www.fnm.um.si\/index.php\/wp-json\/wp\/v2\/users\/1"}],"replies":[{"embeddable":true,"href":"https:\/\/www.fnm.um.si\/index.php\/wp-json\/wp\/v2\/comments?post=107"}],"version-history":[{"count":24,"href":"https:\/\/www.fnm.um.si\/index.php\/wp-json\/wp\/v2\/pages\/107\/revisions"}],"predecessor-version":[{"id":40211,"href":"https:\/\/www.fnm.um.si\/index.php\/wp-json\/wp\/v2\/pages\/107\/revisions\/40211"}],"up":[{"embeddable":true,"href":"https:\/\/www.fnm.um.si\/index.php\/wp-json\/wp\/v2\/pages\/2"}],"wp:attachment":[{"href":"https:\/\/www.fnm.um.si\/index.php\/wp-json\/wp\/v2\/media?parent=107"}],"curies":[{"name":"wp","href":"https:\/\/api.w.org\/{rel}","templated":true}]}}