{"id":10037,"date":"2017-11-17T12:48:58","date_gmt":"2017-11-17T10:48:58","guid":{"rendered":"http:\/\/www.fnm.um.si\/?page_id=10037"},"modified":"2021-04-22T10:19:06","modified_gmt":"2021-04-22T08:19:06","slug":"the-faculty-of-natural-science-and-mathematics-senate","status":"publish","type":"page","link":"https:\/\/www.fnm.um.si\/index.php\/en\/the-faculty-of-natural-science-and-mathematics-senate\/","title":{"rendered":"The Faculty of Natural Science and Mathematics\u2019 Senate"},"content":{"rendered":"<p>The Extract from the Statement of the regular inaugural session of the FNM Senate on 2. 12. 2018.<\/p>\n<p><strong>The FNM UM Senate consists of:<\/strong><\/p>\n<ul>\n<li>prof. ddr. Boris Aber\u0161ek,<\/li>\n<li>prof. dr. Iztok Bani\u010d,<\/li>\n<li>prof. dr. Mitja Kaligari\u010d,<\/li>\n<li>izr. prof. dr. Robert Repnik,<\/li>\n<li>dr. Bla\u017e Zmazek (Acting Dean and member of the Senate by function),<\/li>\n<li>dr. Sonja \u0160kornik,<\/li>\n<li>prof. dr. Nata\u0161a Vaupoti\u010d,<\/li>\n<li>prof. dr. Aleksander Vesel,<\/li>\n<li>Mo Lipovec, student,<\/li>\n<li>Luka Benkovi\u010d, student,<\/li>\n<li>Ja\u0161a Dimo\u010d, student.<\/li>\n<\/ul>\n<p><strong>\u00a0<\/strong><\/p>\n<p>The Faculty of Natural Science and Mathematics\u2019 Senate is constituted.<\/p>\n<p>The term of office of the Senate is from 22 November 2018 to 21 November 2012.<\/p>\n<p>The student members of the Senate are elected for the period until 17 October 2021.<\/p>\n<p><a href=\"https:\/\/www.fnm.um.si\/wp-content\/uploads\/2020\/11\/TERMINSKI-PLAN-sej-senata-2020_2021.pdf\">Timetable of the Senate&#8217;s meetings<\/a><\/p>\n<p><a href=\"http:\/\/seje.fnm.um.si\/login\/index.php\">The meetings of the Senate<\/a><\/p>\n<p><a href=\"https:\/\/www.fnm.um.si\/index.php\/2019\/01\/24\/zapisniki-sej-senata-2018-2022\/\" rel=\"noopener\">Records of the Senate&#8217;s meetings 2018 \u2013 2022<\/a><\/p>\n<p><a href=\"http:\/\/www.fnm.um.si\/index.php\/2015\/02\/05\/zapisniki-sej-senata-2014-2018\/\" rel=\"noopener\">Records of the Senate&#8217;s meetings 2014 \u2013 2018<\/a><\/p>\n<p><a href=\"http:\/\/www.fnm.um.si\/index.php\/2013\/05\/21\/zapisniki-sej-senata\/\" rel=\"noopener\">Records of the Senate&#8217;s meetings\u00a0 2010 \u2013 2014<\/a><\/p>\n<h3>Statue UM (Article 311)<\/h3>\n<p>The Senate of a member of the university is an expert body of the university composed of higher education teachers and researchers employed by the University of Maribor. Usually, the Senate is composed of teachers and researchers who occupy a post within that faculty. The number of members of the Senate is determined in the general Act from Article 312.<\/p>\n<p>Members of the Senate are elected by the Academic Assembly of the faculty in such a way that all scientific and artistic disciplines and professional and academic fields of the member of the university are equally and adequately represented.<\/p>\n<p>Members of the Senate are also elected student representatives, who must have the status of a student, so that the Senate has at least one fifth of students as its elected members.<\/p>\n<p>Members of the Senate of the faculty, who are student representatives are elected by the Student Council of the faculty.<\/p>\n","protected":false},"excerpt":{"rendered":"<p>The Extract from the Statement of the regular inaugural session of the FNM Senate on 2. 12. 2018. The FNM UM Senate consists of: prof. ddr. Boris Aber\u0161ek, prof. dr. Iztok Bani\u010d, prof. dr. Mitja Kaligari\u010d, izr. prof. dr. Robert Repnik, dr. Bla\u017e Zmazek (Acting Dean and member of the Senate by function), dr. Sonja [&hellip;]<\/p>\n","protected":false},"author":1,"featured_media":0,"parent":0,"menu_order":0,"comment_status":"closed","ping_status":"closed","template":"","meta":{"_et_pb_use_builder":"","_et_pb_old_content":"","_et_gb_content_width":"","footnotes":""},"class_list":["post-10037","page","type-page","status-publish","hentry"],"publishpress_future_workflow_manual_trigger":{"enabledWorkflows":[]},"_links":{"self":[{"href":"https:\/\/www.fnm.um.si\/index.php\/wp-json\/wp\/v2\/pages\/10037","targetHints":{"allow":["GET"]}}],"collection":[{"href":"https:\/\/www.fnm.um.si\/index.php\/wp-json\/wp\/v2\/pages"}],"about":[{"href":"https:\/\/www.fnm.um.si\/index.php\/wp-json\/wp\/v2\/types\/page"}],"author":[{"embeddable":true,"href":"https:\/\/www.fnm.um.si\/index.php\/wp-json\/wp\/v2\/users\/1"}],"replies":[{"embeddable":true,"href":"https:\/\/www.fnm.um.si\/index.php\/wp-json\/wp\/v2\/comments?post=10037"}],"version-history":[{"count":6,"href":"https:\/\/www.fnm.um.si\/index.php\/wp-json\/wp\/v2\/pages\/10037\/revisions"}],"predecessor-version":[{"id":31202,"href":"https:\/\/www.fnm.um.si\/index.php\/wp-json\/wp\/v2\/pages\/10037\/revisions\/31202"}],"wp:attachment":[{"href":"https:\/\/www.fnm.um.si\/index.php\/wp-json\/wp\/v2\/media?parent=10037"}],"curies":[{"name":"wp","href":"https:\/\/api.w.org\/{rel}","templated":true}]}}